{"id":1173,"date":"2017-10-10T21:39:21","date_gmt":"2017-10-10T21:39:21","guid":{"rendered":"https:\/\/www.prestolam.com\/a-propos\/"},"modified":"2021-06-22T21:07:25","modified_gmt":"2021-06-22T21:07:25","slug":"about-us","status":"publish","type":"page","link":"https:\/\/prestolam.com\/en\/about-us\/","title":{"rendered":"About us"},"content":{"rendered":"\n[et_pb_section fb_built=&#8221;1&#8243; fullwidth=&#8221;on&#8221; module_class=&#8221;img_presentation&#8221; _builder_version=&#8221;3.22&#8243; background_color=&#8221;#d33039&#8243; collapsed=&#8221;off&#8221; fb_built=&#8221;1&#8243; _i=&#8221;0&#8243; _address=&#8221;0&#8243;][et_pb_fullwidth_image src=&#8221;https:\/\/prestolam.com\/wp-content\/uploads\/bg_aboutus-1.jpg&#8221; _builder_version=&#8221;3.29.3&#8243; hover_enabled=&#8221;0&#8243; _i=&#8221;0&#8243; _address=&#8221;0.0&#8243;][\/et_pb_fullwidth_image][\/et_pb_section][et_pb_section fb_built=&#8221;1&#8243; module_class=&#8221;titre_page&#8221; _builder_version=&#8221;3.22&#8243; collapsed=&#8221;off&#8221; fb_built=&#8221;1&#8243; _i=&#8221;1&#8243; _address=&#8221;1&#8243;][et_pb_row _builder_version=&#8221;3.25&#8243; _i=&#8221;0&#8243; _address=&#8221;1.0&#8243;][et_pb_column type=&#8221;4_4&#8243; _builder_version=&#8221;3.25&#8243; custom_padding=&#8221;|||&#8221; _i=&#8221;0&#8243; _address=&#8221;1.0.0&#8243; custom_padding__hover=&#8221;|||&#8221;][et_pb_text module_id=&#8221;titre_about&#8221; _builder_version=&#8221;3.27.4&#8243; _i=&#8221;0&#8243; _address=&#8221;1.0.0.0&#8243;]<h1>About us<\/h1>\n<h4>Where ingenuity takes shape<\/h4>[\/et_pb_text][\/et_pb_column][\/et_pb_row][\/et_pb_section][et_pb_section fb_built=&#8221;1&#8243; module_class=&#8221;section_grispale&#8221; _builder_version=&#8221;3.22&#8243; collapsed=&#8221;off&#8221; fb_built=&#8221;1&#8243; _i=&#8221;2&#8243; _address=&#8221;2&#8243;][et_pb_row column_structure=&#8221;2_5,3_5&#8243; _builder_version=&#8221;3.25&#8243; _i=&#8221;0&#8243; _address=&#8221;2.0&#8243;][et_pb_column type=&#8221;2_5&#8243; _builder_version=&#8221;3.25&#8243; custom_padding=&#8221;|||&#8221; _i=&#8221;0&#8243; _address=&#8221;2.0.0&#8243; custom_padding__hover=&#8221;|||&#8221;][et_pb_image src=&#8221;https:\/\/prestolam.com\/wp-content\/uploads\/img_about_1-1.jpg&#8221; align_tablet=&#8221;center&#8221; align_last_edited=&#8221;on|desktop&#8221; admin_label=&#8221;Image&#8221; _builder_version=&#8221;3.29.3&#8243; hover_enabled=&#8221;0&#8243; _i=&#8221;0&#8243; _address=&#8221;2.0.0.0&#8243;][\/et_pb_image][\/et_pb_column][et_pb_column type=&#8221;3_5&#8243; _builder_version=&#8221;3.25&#8243; custom_padding=&#8221;|||&#8221; _i=&#8221;1&#8243; _address=&#8221;2.0.1&#8243; custom_padding__hover=&#8221;|||&#8221;][et_pb_text module_id=&#8221;texte_background&#8221; _builder_version=&#8221;3.29.3&#8243; _i=&#8221;0&#8243; _address=&#8221;2.0.1.0&#8243;]<h2><strong>Decades of expertise and craftsmanship<\/strong><\/h2>\n<p>Founded in 1974, Prestolam specializes in countertops for kitchen, bathroom and closet, as well as NEXGEN 5 piece doors and TFL\/HPL doors. And today, we are renowned with distributors, kitchen specialists, property managers and closet organizers alike for our impressive creativity, agility, turnaround times and service.<\/p>\n<p>At Prestolam, we believe that we can shape our ingenuity to cater to the diversified needs of ever-evolving market trends and needs of discerning end users. Our R&amp;D strategy is entirely influenced by ahead-of-the-curve designs and process improvement.<\/p>\n<p>Offering a vast product selection that is second to none, our clients can rest assured knowing they are getting amazing quality at incomparable prices.<\/p>\n<p>Our unwavering focus on innovation and production excellence make us your go-to partner for all your kitchen, bathroom and closet designs. Are you ready to blend the Prestolam difference into your designs?<\/p>[\/et_pb_text][\/et_pb_column][\/et_pb_row][\/et_pb_section][et_pb_section fb_built=&#8221;1&#8243; module_id=&#8221;newsletter_about&#8221; _builder_version=&#8221;3.22&#8243; fb_built=&#8221;1&#8243; _i=&#8221;3&#8243; _address=&#8221;3&#8243;][et_pb_row column_structure=&#8221;1_2,1_2&#8243; _builder_version=&#8221;3.25&#8243; _i=&#8221;0&#8243; _address=&#8221;3.0&#8243;][et_pb_column type=&#8221;1_2&#8243; _builder_version=&#8221;3.25&#8243; custom_padding=&#8221;|||&#8221; _i=&#8221;0&#8243; _address=&#8221;3.0.0&#8243; custom_padding__hover=&#8221;|||&#8221;][et_pb_text module_class=&#8221;titre_blanc_about&#8221; _builder_version=&#8221;3.27.4&#8243; _i=&#8221;0&#8243; _address=&#8221;3.0.0.0&#8243;]<h2>Subscribe to our newsletter<\/h2>[\/et_pb_text][et_pb_code _builder_version=&#8221;3.19.18&#8243; _i=&#8221;1&#8243; _address=&#8221;3.0.0.1&#8243;]<!-- [et_pb_line_break_holder] -->\n<div class=\"wpcf7 no-js\" id=\"wpcf7-f4082-o1\" lang=\"fr-FR\" dir=\"ltr\" data-wpcf7-id=\"4082\">\n<div class=\"screen-reader-response\"><p role=\"status\" aria-live=\"polite\" aria-atomic=\"true\"><\/p> <ul><\/ul><\/div>\n<form action=\"\/en\/wp-json\/wp\/v2\/pages\/1173#wpcf7-f4082-o1\" method=\"post\" class=\"wpcf7-form init\" aria-label=\"Formulaire de contact\" novalidate=\"novalidate\" data-status=\"init\">\n<fieldset class=\"hidden-fields-container\"><input type=\"hidden\" name=\"_wpcf7\" value=\"4082\" \/><input type=\"hidden\" name=\"_wpcf7_version\" value=\"6.1.5\" \/><input type=\"hidden\" name=\"_wpcf7_locale\" value=\"fr_FR\" \/><input type=\"hidden\" name=\"_wpcf7_unit_tag\" value=\"wpcf7-f4082-o1\" \/><input type=\"hidden\" name=\"_wpcf7_container_post\" value=\"0\" \/><input type=\"hidden\" name=\"_wpcf7_posted_data_hash\" value=\"\" \/><input type=\"hidden\" name=\"_wpcf7_recaptcha_response\" value=\"\" \/>\n<\/fieldset>\n<p><label>Full name<br \/>\n<span class=\"wpcf7-form-control-wrap\" data-name=\"fullname\"><input size=\"40\" maxlength=\"400\" class=\"wpcf7-form-control wpcf7-text wpcf7-validates-as-required\" aria-required=\"true\" aria-invalid=\"false\" value=\"\" type=\"text\" name=\"fullname\" \/><\/span><\/label><br \/>\n<label>Email<br \/>\n<span class=\"wpcf7-form-control-wrap\" data-name=\"your-email\"><input size=\"40\" maxlength=\"400\" class=\"wpcf7-form-control wpcf7-email wpcf7-validates-as-required wpcf7-text wpcf7-validates-as-email\" aria-required=\"true\" aria-invalid=\"false\" value=\"\" type=\"email\" name=\"your-email\" \/><\/span> <\/label>\n<\/p>\n<div class=\"bouton_infolettre_about\">\n\t<p><input class=\"wpcf7-form-control wpcf7-submit has-spinner\" type=\"submit\" value=\"Send\" \/>\n\t<\/p>\n<\/div><input type='hidden' class='wpcf7-pum' value='{\"closepopup\":false,\"closedelay\":0,\"openpopup\":false,\"openpopup_id\":0}' \/><div class=\"wpcf7-response-output\" aria-hidden=\"true\"><\/div>\n<\/form>\n<\/div>\n<!-- [et_pb_line_break_holder] -->[\/et_pb_code][\/et_pb_column][et_pb_column type=&#8221;1_2&#8243; _builder_version=&#8221;3.25&#8243; custom_padding=&#8221;|||&#8221; _i=&#8221;1&#8243; _address=&#8221;3.0.1&#8243; custom_padding__hover=&#8221;|||&#8221;][et_pb_image align_tablet=&#8221;center&#8221; align_last_edited=&#8221;on|desktop&#8221; _builder_version=&#8221;3.23&#8243; _i=&#8221;0&#8243; _address=&#8221;3.0.1.0&#8243;][\/et_pb_image][\/et_pb_column][\/et_pb_row][\/et_pb_section][et_pb_section fb_built=&#8221;1&#8243; fullwidth=&#8221;on&#8221; module_class=&#8221;img_avantdealer_mobile&#8221; _builder_version=&#8221;3.22&#8243; fb_built=&#8221;1&#8243; _i=&#8221;4&#8243; _address=&#8221;4&#8243;][et_pb_fullwidth_image src=&#8221;https:\/\/prestolam.com\/wp-content\/uploads\/img_bandeau_about.jpg&#8221; _builder_version=&#8221;3.29.3&#8243; hover_enabled=&#8221;0&#8243; _i=&#8221;0&#8243; _address=&#8221;4.0&#8243;][\/et_pb_fullwidth_image][\/et_pb_section][et_pb_section fb_built=&#8221;1&#8243; fullwidth=&#8221;on&#8221; module_id=&#8221;dealer_accueil&#8221; _builder_version=&#8221;3.22&#8243; fb_built=&#8221;1&#8243; _i=&#8221;5&#8243; _address=&#8221;5&#8243;][et_pb_fullwidth_code _builder_version=&#8221;3.19.18&#8243; _i=&#8221;0&#8243; _address=&#8221;5.0&#8243;]<h2><!-- [et_pb_line_break_holder] -->  Dealer locator<!-- [et_pb_line_break_holder] --><\/h2><!-- [et_pb_line_break_holder] --><h4><!-- [et_pb_line_break_holder] -->  If there is no dealer close to your location, call <span style=\"display:block; color:#C9353F; font-weight:800; font-size:22px;\">1 800 463-8829<\/span> <!-- [et_pb_line_break_holder] --><\/h4><!-- [et_pb_line_break_holder] --><style>\r\n\t#wpsl-stores .wpsl-store-thumb {height:45px !important; width:45px !important;}\r\n\t#wpsl-stores, #wpsl-direction-details, #wpsl-gmap {height:500px !important;}\r\n\t#wpsl-gmap .wpsl-info-window {max-width:350px !important;}\r\n\t.wpsl-input label, #wpsl-radius label, #wpsl-category label {width:95px;}\r\n\t#wpsl-search-input ,#wpsl-category .wpsl-dropdown {width:179px;}\r\n<\/style>\r\n<div id=\"wpsl-wrap\">\r\n\t<div class=\"wpsl-search wpsl-clearfix wpsl-filter\">\r\n\t\t<div id=\"wpsl-search-wrap\">\r\n\t\t\t<form autocomplete=\"off\">\r\n\t\t\t<div class=\"wpsl-input\">\r\n\t\t\t\t<div><label for=\"wpsl-search-input\">Your location<\/label><\/div>\r\n\t\t\t\t<input id=\"wpsl-search-input\" type=\"text\" value=\"\" name=\"wpsl-search-input\" placeholder=\"\" aria-required=\"true\" \/>\r\n\t\t\t<\/div>\r\n\t\t\t<div class=\"wpsl-select-wrap\">\r\n\t\t\t\t<div id=\"wpsl-radius\">\r\n\t\t\t\t\t<label for=\"wpsl-radius-dropdown\">Search radius<\/label>\r\n\t\t\t\t\t<select id=\"wpsl-radius-dropdown\" class=\"wpsl-dropdown\" name=\"wpsl-radius\">\r\n\t\t\t\t\t\t<option value=\"10\">10 km<\/option><option value=\"25\">25 km<\/option><option value=\"50\">50 km<\/option><option value=\"100\">100 km<\/option><option value=\"200\">200 km<\/option><option selected=\"selected\" value=\"300\">300 km<\/option><option value=\"500\">500 km<\/option>\r\n\t\t\t\t\t<\/select>\r\n\t\t\t\t<\/div>\r\n\t\t\t\t<div id=\"wpsl-results\">\r\n\t\t\t\t\t<label for=\"wpsl-results-dropdown\">Results<\/label>\r\n\t\t\t\t\t<select id=\"wpsl-results-dropdown\" class=\"wpsl-dropdown\" name=\"wpsl-results\">\r\n\t\t\t\t\t\t<option value=\"25\">25<\/option><option value=\"50\">50<\/option><option value=\"75\">75<\/option><option value=\"100\">100<\/option><option selected=\"selected\" value=\"125\">125<\/option>\r\n\t\t\t\t\t<\/select>\r\n\t\t\t\t<\/div>\r\n\t\t\t<\/div>\r\n<div id=\"wpsl-category\">\r\n<label for=\"wpsl-category-list\">Category<\/label>\r\n<select  name='wpsl-category' id='wpsl-category-list' class='wpsl-dropdown'>\n\t<option value='0'>Any<\/option>\n\t<option class=\"level-0\" value=\"487\">COMPTOIR ET PORTE<\/option>\n\t<option class=\"level-0\" value=\"489\">COMPTOIR SEULEMENT<\/option>\n\t<option class=\"level-0\" value=\"484\">Countertops only<\/option>\n\t<option class=\"level-0\" value=\"486\">Doors and Countertops<\/option>\n\t<option class=\"level-0\" value=\"485\">Doors only<\/option>\n\t<option class=\"level-0\" value=\"488\">PORTE SEULEMENT<\/option>\n<\/select>\n<\/div>\r\n\t\t\t\t<div class=\"wpsl-search-btn-wrap\"><input id=\"wpsl-search-btn\" type=\"submit\" value=\"Search\"><\/div>\r\n\t\t<\/form>\r\n\t\t<\/div>\r\n\t<\/div>\r\n\t<div id=\"wpsl-gmap\" class=\"wpsl-gmap-canvas\"><\/div>\r\n\t<div id=\"wpsl-result-list\">\r\n\t\t<div id=\"wpsl-stores\" >\r\n\t\t\t<ul><\/ul>\r\n\t\t<\/div>\r\n\t\t<div id=\"wpsl-direction-details\">\r\n\t\t\t<ul><\/ul>\r\n\t\t<\/div>\r\n\t<\/div>\r\n<\/div>\r\n[\/et_pb_fullwidth_code][\/et_pb_section]\n","protected":false},"excerpt":{"rendered":"<p>About us Where ingenuity takes shapeDecades of expertise and craftsmanship Founded in 1974, Prestolam specializes in countertops for kitchen, bathroom and closet, as well as NEXGEN 5 piece doors and TFL\/HPL doors. And today, we are renowned with distributors, kitchen specialists, property managers and closet organizers alike for our impressive creativity, agility, turnaround times and [&hellip;]<\/p>\n","protected":false},"author":1,"featured_media":0,"parent":0,"menu_order":0,"comment_status":"closed","ping_status":"closed","template":"","meta":{"_acf_changed":false,"_et_pb_use_builder":"on","_et_pb_old_content":"<h1>\u00c0 propos<\/h1><h2>Historique de la compagnie<\/h2><p>Fond\u00e9e en 1974, la compagnie se sp\u00e9cialise d'abord dans la fabrication de comptoirs moul\u00e9s en stratifi\u00e9. Tout en d\u00e9veloppant les capacit\u00e9s et m\u00e9thodes de production de son usine, elle se consacre parall\u00e8lement \u00e0 l'implantation de son r\u00e9seau de distribution. De nombreux distributeurs au Canada et aux \u00c9tats-Unis peuvent alors b\u00e9n\u00e9ficier de l'apport de Prestolam pour cr\u00e9er leur propre centre de coupe et d\u00e9velopper une collaboration fructueuse avec Prestolam \u00e0 titre de fournisseur exclusif.<\/p><p>Avec la construction d'une seconde usine, vou\u00e9e exclusivement \u00e0 la fabrication de portes d'armoires ainsi que de composantes de meubles, Prestolam devient la seule entreprise \u00e0 se sp\u00e9cialiser dans la fabrication de joints parfaits pour ses produits. Les ann\u00e9es qui suivent lui permettent d'affirmer son r\u00f4le de leader, notamment par la production d'une gamme diversifi\u00e9e de produits innovateurs tels que les portes d\u2019armoires en stratifi\u00e9 de la collection Pure, les portes d\u2019armoires de cuisine en polyester avec c\u0153ur sur\u00e9lev\u00e9, les portes de style shaker et autres produits tendances.<\/p><p>Avec l'acquisition de Saxon Manufacturing en mars 2000, Prestolam s'est taill\u00e9 une place de choix parmi les fournisseurs les plus importants du nord-est des \u00c9tats-Unis. Les am\u00e9liorations technologiques font partie du quotidien afin que toutes les usines du groupe Prestolam conservent l'avance technologique qui en fait le leader de l'industrie.<\/p><h2>Profil<\/h2><p>Leader nord-am\u00e9ricain dans la fabrication de comptoirs moul\u00e9s en stratifi\u00e9, de portes d\u2019armoires en stratifi\u00e9, de portes d\u2019armoires en polyester et de composantes de meubles en stratifi\u00e9, Prestolam tient \u00e0 partager son succ\u00e8s avec ses partenaires d'affaires.<\/p><p>Prestolam am\u00e9liore constamment ses m\u00e9thodes de production. Cette d\u00e9termination \u00e0 vouloir atteindre les plus hauts sommets de performance a assur\u00e9 notre croissance lors des trente-cinq derni\u00e8res ann\u00e9es, et ce, par le biais de la gestion de la fiabilit\u00e9 et de la qualit\u00e9 constante de production de nos employ\u00e9s.<br \/> Nous r\u00e9ussissons parce que nous aidons nos revendeurs \u00e0 agrandir leur territoire de service tout en maintenant un haut taux de satisfaction chez notre client\u00e8le. Nous fournissons l'\u00e9nergie, l'exp\u00e9rience et l'acc\u00e8s \u00e0 la technologie de derni\u00e8re pointe, les ingr\u00e9dients qui rendent les grands fabricants d'armoires encore meilleurs.<\/p><h2>Qualit\u00e9, Ing\u00e9niosit\u00e9 Et Complicit\u00e9<\/h2>","_et_gb_content_width":"","_monsterinsights_skip_tracking":false,"_monsterinsights_sitenote_active":false,"_monsterinsights_sitenote_note":"","_monsterinsights_sitenote_category":0,"footnotes":""},"class_list":["post-1173","page","type-page","status-publish","hentry"],"acf":[],"aioseo_notices":[],"_links":{"self":[{"href":"https:\/\/prestolam.com\/en\/wp-json\/wp\/v2\/pages\/1173","targetHints":{"allow":["GET"]}}],"collection":[{"href":"https:\/\/prestolam.com\/en\/wp-json\/wp\/v2\/pages"}],"about":[{"href":"https:\/\/prestolam.com\/en\/wp-json\/wp\/v2\/types\/page"}],"author":[{"embeddable":true,"href":"https:\/\/prestolam.com\/en\/wp-json\/wp\/v2\/users\/1"}],"replies":[{"embeddable":true,"href":"https:\/\/prestolam.com\/en\/wp-json\/wp\/v2\/comments?post=1173"}],"version-history":[{"count":53,"href":"https:\/\/prestolam.com\/en\/wp-json\/wp\/v2\/pages\/1173\/revisions"}],"predecessor-version":[{"id":6103,"href":"https:\/\/prestolam.com\/en\/wp-json\/wp\/v2\/pages\/1173\/revisions\/6103"}],"wp:attachment":[{"href":"https:\/\/prestolam.com\/en\/wp-json\/wp\/v2\/media?parent=1173"}],"curies":[{"name":"wp","href":"https:\/\/api.w.org\/{rel}","templated":true}]}}