{"id":1491,"date":"2017-10-31T18:44:31","date_gmt":"2017-10-31T18:44:31","guid":{"rendered":"https:\/\/www.prestolam.com\/?page_id=1491"},"modified":"2021-06-22T21:03:30","modified_gmt":"2021-06-22T21:03:30","slug":"sur-mesure","status":"publish","type":"page","link":"https:\/\/prestolam.com\/fr\/produits\/sur-mesure\/","title":{"rendered":"Sur mesure"},"content":{"rendered":"\n[et_pb_section fb_built=\u00a0\u00bb1&Prime; fullwidth=\u00a0\u00bbon\u00a0\u00bb module_class=\u00a0\u00bbcustom-header\u00a0\u00bb _builder_version=\u00a0\u00bb3.22.3&Prime; background_color=\u00a0\u00bb#8c5577&Prime; fb_built=\u00a0\u00bb1&Prime; _i=\u00a0\u00bb0&Prime; _address=\u00a0\u00bb0&Prime;][et_pb_fullwidth_header title=\u00a0\u00bbSur mesure\u00a0\u00bb title_font_color=\u00a0\u00bb#ffffff\u00a0\u00bb _builder_version=\u00a0\u00bb3.16&Prime; title_font=\u00a0\u00bbMuli|on|||\u00a0\u00bb title_text_color=\u00a0\u00bb#ffffff\u00a0\u00bb title_font_size=\u00a0\u00bb64px\u00a0\u00bb background_color=\u00a0\u00bbrgba(255, 255, 255, 0)\u00a0\u00bb background_layout=\u00a0\u00bblight\u00a0\u00bb button_one_letter_spacing_hover=\u00a0\u00bb0&Prime; button_two_letter_spacing_hover=\u00a0\u00bb0&Prime; button_one_text_size__hover_enabled=\u00a0\u00bboff\u00a0\u00bb button_two_text_size__hover_enabled=\u00a0\u00bboff\u00a0\u00bb button_one_text_color__hover_enabled=\u00a0\u00bboff\u00a0\u00bb button_two_text_color__hover_enabled=\u00a0\u00bboff\u00a0\u00bb button_one_border_width__hover_enabled=\u00a0\u00bboff\u00a0\u00bb button_two_border_width__hover_enabled=\u00a0\u00bboff\u00a0\u00bb button_one_border_color__hover_enabled=\u00a0\u00bboff\u00a0\u00bb button_two_border_color__hover_enabled=\u00a0\u00bboff\u00a0\u00bb button_one_border_radius__hover_enabled=\u00a0\u00bboff\u00a0\u00bb button_two_border_radius__hover_enabled=\u00a0\u00bboff\u00a0\u00bb button_one_letter_spacing__hover_enabled=\u00a0\u00bbon\u00a0\u00bb button_one_letter_spacing__hover=\u00a0\u00bb0&Prime; button_two_letter_spacing__hover_enabled=\u00a0\u00bbon\u00a0\u00bb button_two_letter_spacing__hover=\u00a0\u00bb0&Prime; button_one_bg_color__hover_enabled=\u00a0\u00bboff\u00a0\u00bb button_two_bg_color__hover_enabled=\u00a0\u00bboff\u00a0\u00bb _i=\u00a0\u00bb0&Prime; _address=\u00a0\u00bb0.0&Prime;][\/et_pb_fullwidth_header][\/et_pb_section][et_pb_section fb_built=\u00a0\u00bb1&Prime; _builder_version=\u00a0\u00bb3.22.3&Prime; fb_built=\u00a0\u00bb1&Prime; _i=\u00a0\u00bb1&Prime; _address=\u00a0\u00bb1&Prime;][et_pb_row column_structure=\u00a0\u00bb2_3,1_3&Prime; _builder_version=\u00a0\u00bb3.29.3&Prime; background_size=\u00a0\u00bbinitial\u00a0\u00bb background_position=\u00a0\u00bbtop_left\u00a0\u00bb background_repeat=\u00a0\u00bbrepeat\u00a0\u00bb _i=\u00a0\u00bb0&Prime; _address=\u00a0\u00bb1.0&Prime;][et_pb_column type=\u00a0\u00bb2_3&Prime; module_class=\u00a0\u00bbmarge_mobile\u00a0\u00bb _builder_version=\u00a0\u00bb3.29.3&Prime; custom_padding=\u00a0\u00bb|||\u00a0\u00bb _i=\u00a0\u00bb0&Prime; _address=\u00a0\u00bb1.0.0&Prime; custom_padding__hover=\u00a0\u00bb|||\u00a0\u00bb][et_pb_text _builder_version=\u00a0\u00bb3.29.3&Prime; hover_enabled=\u00a0\u00bb0&Prime; _i=\u00a0\u00bb0&Prime; _address=\u00a0\u00bb1.0.0.0&Prime;]<h2 style=\"color: #8c5577;\">Composantes<\/h2>\n<p>Dessus de tables, panneaux d\u00e9coratifs, s\u00e9parateurs, composantes structurelles\u2026 Tout est possible quand Prestolam vous assiste dans vos projets. De plus, notre grande vari\u00e9t\u00e9 de composantes d\u00e9j\u00e0 disponibles ajoute \u00e0 la flexibilit\u00e9 que vous recherchez.<\/p>\n<h2 style=\"color: #8c5577;\">Panneaux plaqu\u00e9s<\/h2>\n<p>Nous fabriquons avec soin chaque panneau plaqu\u00e9 fait de stratifi\u00e9 1\/32\u201d, 1\/16\u201d ou placage de bois. Les mat\u00e9riaux sont nettoy\u00e9s pour\u00a0 \u00e9liminer la poussi\u00e8re et coll\u00e9s \u00e0 l\u2019aide d\u2019un adh\u00e9sif \u00e0 base d\u2019eau respectant l\u2019environnement et assurant qualit\u00e9 et constance.<\/p>\n<h2 style=\"color: #8c5577;\">D\u00e9coupe, usinage et placage de chants<\/h2>\n<p>Nos \u00e9quipements \u00e0 la fine pointe de la technologie garantissent l\u2019excellence de la d\u00e9coupe, l\u2019usinage et le placage de bande de chants sur panneau de particules, de MDF ou de contreplaqu\u00e9, recouvert de stratifi\u00e9 ou de m\u00e9lamine.<\/p>\n<p><img decoding=\"async\" style=\"width: 80px;\" src=\"https:\/\/www.prestolam.com\/wp-content\/uploads\/pur_logo_fr.png\" alt=\"Logo Pur technologie\" \/><\/p>[\/et_pb_text][\/et_pb_column][et_pb_column type=\u00a0\u00bb1_3&Prime; _builder_version=\u00a0\u00bb3.25&Prime; custom_padding=\u00a0\u00bb|||\u00a0\u00bb _i=\u00a0\u00bb1&Prime; _address=\u00a0\u00bb1.0.1&Prime; custom_padding__hover=\u00a0\u00bb|||\u00a0\u00bb][\/et_pb_column][\/et_pb_row][\/et_pb_section][et_pb_section fb_built=\u00a0\u00bb1&Prime; fullwidth=\u00a0\u00bbon\u00a0\u00bb module_id=\u00a0\u00bbdealer_accueil\u00a0\u00bb _builder_version=\u00a0\u00bb3.22.3&Prime; fb_built=\u00a0\u00bb1&Prime; _i=\u00a0\u00bb2&Prime; _address=\u00a0\u00bb2&Prime;][et_pb_fullwidth_code _builder_version=\u00a0\u00bb3.19.18&Prime; _i=\u00a0\u00bb0&Prime; _address=\u00a0\u00bb2.0&Prime;]<h2><!-- [et_pb_line_break_holder] -->  Trouver un distributeur<!-- [et_pb_line_break_holder] --><\/h2> <h4><!-- [et_pb_line_break_holder] -->  S\u2019il n\u2019y a pas de distributeur pr\u00e8s de vous, appelez-nous au <span style=\"display:block; color:#C9353F; font-weight:800; font-size:22px;\">1 800 463-8829<\/span> <!-- [et_pb_line_break_holder] --><\/h4><!-- [et_pb_line_break_holder] --><style>\r\n\t#wpsl-stores .wpsl-store-thumb {height:45px !important; width:45px !important;}\r\n\t#wpsl-stores, #wpsl-direction-details, #wpsl-gmap {height:500px !important;}\r\n\t#wpsl-gmap .wpsl-info-window {max-width:350px !important;}\r\n\t.wpsl-input label, #wpsl-radius label, #wpsl-category label {width:95px;}\r\n\t#wpsl-search-input ,#wpsl-category .wpsl-dropdown {width:179px;}\r\n<\/style>\r\n<div id=\"wpsl-wrap\">\r\n\t<div class=\"wpsl-search wpsl-clearfix wpsl-filter\">\r\n\t\t<div id=\"wpsl-search-wrap\">\r\n\t\t\t<form autocomplete=\"off\">\r\n\t\t\t<div class=\"wpsl-input\">\r\n\t\t\t\t<div><label for=\"wpsl-search-input\">Votre emplacement<\/label><\/div>\r\n\t\t\t\t<input id=\"wpsl-search-input\" type=\"text\" value=\"\" name=\"wpsl-search-input\" placeholder=\"\" aria-required=\"true\" \/>\r\n\t\t\t<\/div>\r\n\t\t\t<div class=\"wpsl-select-wrap\">\r\n\t\t\t\t<div id=\"wpsl-radius\">\r\n\t\t\t\t\t<label for=\"wpsl-radius-dropdown\">P\u00e9rim\u00e8tre de recherche<\/label>\r\n\t\t\t\t\t<select id=\"wpsl-radius-dropdown\" class=\"wpsl-dropdown\" name=\"wpsl-radius\">\r\n\t\t\t\t\t\t<option value=\"10\">10 km<\/option><option value=\"25\">25 km<\/option><option value=\"50\">50 km<\/option><option value=\"100\">100 km<\/option><option value=\"200\">200 km<\/option><option selected=\"selected\" value=\"300\">300 km<\/option><option value=\"500\">500 km<\/option>\r\n\t\t\t\t\t<\/select>\r\n\t\t\t\t<\/div>\r\n\t\t\t\t<div id=\"wpsl-results\">\r\n\t\t\t\t\t<label for=\"wpsl-results-dropdown\">R\u00e9sultats<\/label>\r\n\t\t\t\t\t<select id=\"wpsl-results-dropdown\" class=\"wpsl-dropdown\" name=\"wpsl-results\">\r\n\t\t\t\t\t\t<option value=\"25\">25<\/option><option value=\"50\">50<\/option><option value=\"75\">75<\/option><option value=\"100\">100<\/option><option selected=\"selected\" value=\"125\">125<\/option>\r\n\t\t\t\t\t<\/select>\r\n\t\t\t\t<\/div>\r\n\t\t\t<\/div>\r\n<div id=\"wpsl-category\">\r\n<label for=\"wpsl-category-list\">Cat\u00e9gorie<\/label>\r\n<select  name='wpsl-category' id='wpsl-category-list' class='wpsl-dropdown'>\n\t<option value='0'>Tout<\/option>\n\t<option class=\"level-0\" value=\"487\">COMPTOIR ET PORTE<\/option>\n\t<option class=\"level-0\" value=\"489\">COMPTOIR SEULEMENT<\/option>\n\t<option class=\"level-0\" value=\"484\">Countertops only<\/option>\n\t<option class=\"level-0\" value=\"486\">Doors and Countertops<\/option>\n\t<option class=\"level-0\" value=\"485\">Doors only<\/option>\n\t<option class=\"level-0\" value=\"488\">PORTE SEULEMENT<\/option>\n<\/select>\n<\/div>\r\n\t\t\t\t<div class=\"wpsl-search-btn-wrap\"><input id=\"wpsl-search-btn\" type=\"submit\" value=\"Rechercher\"><\/div>\r\n\t\t<\/form>\r\n\t\t<\/div>\r\n\t<\/div>\r\n\t<div id=\"wpsl-gmap\" class=\"wpsl-gmap-canvas\"><\/div>\r\n\t<div id=\"wpsl-result-list\">\r\n\t\t<div id=\"wpsl-stores\" >\r\n\t\t\t<ul><\/ul>\r\n\t\t<\/div>\r\n\t\t<div id=\"wpsl-direction-details\">\r\n\t\t\t<ul><\/ul>\r\n\t\t<\/div>\r\n\t<\/div>\r\n<\/div>\r\n[\/et_pb_fullwidth_code][\/et_pb_section]\n","protected":false},"excerpt":{"rendered":"<p>Composantes Dessus de tables, panneaux d\u00e9coratifs, s\u00e9parateurs, composantes structurelles\u2026 Tout est possible quand Prestolam vous assiste dans vos projets. De plus, notre grande vari\u00e9t\u00e9 de composantes d\u00e9j\u00e0 disponibles ajoute \u00e0 la flexibilit\u00e9 que vous recherchez. Panneaux plaqu\u00e9s Nous fabriquons avec soin chaque panneau plaqu\u00e9 fait de stratifi\u00e9 1\/32\u201d, 1\/16\u201d ou placage de bois. Les mat\u00e9riaux [&hellip;]<\/p>\n","protected":false},"author":1,"featured_media":0,"parent":2757,"menu_order":0,"comment_status":"closed","ping_status":"closed","template":"","meta":{"_acf_changed":false,"_et_pb_use_builder":"on","_et_pb_old_content":"","_et_gb_content_width":"","_monsterinsights_skip_tracking":false,"_monsterinsights_sitenote_active":false,"_monsterinsights_sitenote_note":"","_monsterinsights_sitenote_category":0,"footnotes":""},"class_list":["post-1491","page","type-page","status-publish","hentry"],"acf":[],"aioseo_notices":[],"_links":{"self":[{"href":"https:\/\/prestolam.com\/fr\/wp-json\/wp\/v2\/pages\/1491","targetHints":{"allow":["GET"]}}],"collection":[{"href":"https:\/\/prestolam.com\/fr\/wp-json\/wp\/v2\/pages"}],"about":[{"href":"https:\/\/prestolam.com\/fr\/wp-json\/wp\/v2\/types\/page"}],"author":[{"embeddable":true,"href":"https:\/\/prestolam.com\/fr\/wp-json\/wp\/v2\/users\/1"}],"replies":[{"embeddable":true,"href":"https:\/\/prestolam.com\/fr\/wp-json\/wp\/v2\/comments?post=1491"}],"version-history":[{"count":18,"href":"https:\/\/prestolam.com\/fr\/wp-json\/wp\/v2\/pages\/1491\/revisions"}],"predecessor-version":[{"id":6098,"href":"https:\/\/prestolam.com\/fr\/wp-json\/wp\/v2\/pages\/1491\/revisions\/6098"}],"up":[{"embeddable":true,"href":"https:\/\/prestolam.com\/fr\/wp-json\/wp\/v2\/pages\/2757"}],"wp:attachment":[{"href":"https:\/\/prestolam.com\/fr\/wp-json\/wp\/v2\/media?parent=1491"}],"curies":[{"name":"wp","href":"https:\/\/api.w.org\/{rel}","templated":true}]}}