{"id":2779,"date":"2018-11-21T20:27:46","date_gmt":"2018-11-21T20:27:46","guid":{"rendered":"https:\/\/jfldev.com\/prestolam\/?page_id=2779"},"modified":"2021-06-23T19:40:35","modified_gmt":"2021-06-23T19:40:35","slug":"unites-de-rangement","status":"publish","type":"page","link":"https:\/\/prestolam.com\/fr\/unites-de-rangement\/","title":{"rendered":"Unit\u00e9s de rangement"},"content":{"rendered":"\n\n[et_pb_section fb_built=\u00a0\u00bb1&Prime; fullwidth=\u00a0\u00bbon\u00a0\u00bb module_class=\u00a0\u00bbimg_presentation\u00a0\u00bb _builder_version=\u00a0\u00bb3.22.3&Prime; fb_built=\u00a0\u00bb1&Prime; _i=\u00a0\u00bb0&Prime; _address=\u00a0\u00bb0&Prime;][et_pb_fullwidth_image src=\u00a0\u00bbhttps:\/\/prestolam.com\/wp-content\/uploads\/image_presto1.jpg\u00a0\u00bb _builder_version=\u00a0\u00bb3.29.3&Prime; hover_enabled=\u00a0\u00bb0&Prime; _i=\u00a0\u00bb0&Prime; _address=\u00a0\u00bb0.0&Prime;][\/et_pb_fullwidth_image][\/et_pb_section][et_pb_section fb_built=\u00a0\u00bb1&Prime; module_class=\u00a0\u00bbtitre_page\u00a0\u00bb _builder_version=\u00a0\u00bb3.24.1&Prime; fb_built=\u00a0\u00bb1&Prime; _i=\u00a0\u00bb1&Prime; _address=\u00a0\u00bb1&Prime;][et_pb_row _builder_version=\u00a0\u00bb3.25&Prime; _i=\u00a0\u00bb0&Prime; _address=\u00a0\u00bb1.0&Prime;][et_pb_column type=\u00a0\u00bb4_4&Prime; _builder_version=\u00a0\u00bb3.25&Prime; custom_padding=\u00a0\u00bb|||\u00a0\u00bb _i=\u00a0\u00bb0&Prime; _address=\u00a0\u00bb1.0.0&Prime; custom_padding__hover=\u00a0\u00bb|||\u00a0\u00bb][et_pb_text module_id=\u00a0\u00bbtitre_about\u00a0\u00bb _builder_version=\u00a0\u00bb3.27.4&Prime; _i=\u00a0\u00bb0&Prime; _address=\u00a0\u00bb1.0.0.0&Prime;]<h1 id=\"titre_closet\"><strong>Des portes haut de gamme qui ont du style<\/strong><\/h1>\n<h4><strong>Transformez le d\u00e9sordre en espaces de rangement de r\u00eave<\/strong><\/h4>[\/et_pb_text][\/et_pb_column][\/et_pb_row][\/et_pb_section][et_pb_section fb_built=\u00a0\u00bb1&Prime; module_class=\u00a0\u00bbsection_porte\u00a0\u00bb _builder_version=\u00a0\u00bb3.24.1&Prime; fb_built=\u00a0\u00bb1&Prime; _i=\u00a0\u00bb2&Prime; _address=\u00a0\u00bb2&Prime;][et_pb_row _builder_version=\u00a0\u00bb3.25&Prime; _i=\u00a0\u00bb0&Prime; _address=\u00a0\u00bb2.0&Prime; column_structure=\u00a0\u00bb2_5,3_5&Prime;][et_pb_column type=\u00a0\u00bb2_5&Prime; _builder_version=\u00a0\u00bb3.25&Prime; custom_padding=\u00a0\u00bb|||\u00a0\u00bb _i=\u00a0\u00bb0&Prime; _address=\u00a0\u00bb2.0.0&Prime; custom_padding__hover=\u00a0\u00bb|||\u00a0\u00bb][et_pb_image src=\u00a0\u00bbhttps:\/\/prestolam.com\/wp-content\/uploads\/porte_closet.jpg\u00a0\u00bb align_tablet=\u00a0\u00bbcenter\u00a0\u00bb align_last_edited=\u00a0\u00bbon|desktop\u00a0\u00bb module_class=\u00a0\u00bbimg_pardessus\u00a0\u00bb _builder_version=\u00a0\u00bb3.29.3&Prime; hover_enabled=\u00a0\u00bb0&Prime; _i=\u00a0\u00bb0&Prime; _address=\u00a0\u00bb2.0.0.0&Prime;][\/et_pb_image][\/et_pb_column][et_pb_column type=\u00a0\u00bb3_5&Prime; _builder_version=\u00a0\u00bb3.25&Prime; custom_padding=\u00a0\u00bb|||\u00a0\u00bb _i=\u00a0\u00bb1&Prime; _address=\u00a0\u00bb2.0.1&Prime; custom_padding__hover=\u00a0\u00bb|||\u00a0\u00bb][et_pb_text module_class=\u00a0\u00bbtexte_base_noir\u00a0\u00bb _builder_version=\u00a0\u00bb3.27.4&Prime; _i=\u00a0\u00bb0&Prime; _address=\u00a0\u00bb2.0.1.0&Prime;]<p class=\"moins-large\">Chez Prestolam, nous ne nous contentons pas d\u2019offrir nos portes d\u2019armoire en plus grand format, nous proposons des portes pens\u00e9es et fabriqu\u00e9es pour un usage r\u00e9el dans des unit\u00e9s de rangement. Cela comprend les walk-in, les salles de lavage, les meubles pour appareils de divertissement, les unit\u00e9s murales compl\u00e8tes et beaucoup plus.<\/p>\n<p class=\"moins-large\">R\u00e9pondre aux besoins sp\u00e9cifiques en espace de rangement demande des solutions personnalis\u00e9es et sp\u00e9cialis\u00e9es que vous ne pouvez pas confier \u00e0 n\u2019importe lequel fournisseur. Fiez-vous \u00e0 Prestolam! Et faites rimer organisation avec design.<\/p>[\/et_pb_text][\/et_pb_column][\/et_pb_row][\/et_pb_section][et_pb_section fb_built=\u00a0\u00bb1&Prime; module_id=\u00a0\u00bbcacher_porte\u00a0\u00bb module_class=\u00a0\u00bbsection_grispale\u00a0\u00bb _builder_version=\u00a0\u00bb3.29.3&Prime; background_image=\u00a0\u00bbhttps:\/\/prestolam.com\/wp-content\/uploads\/bg-portes-closet.jpg\u00a0\u00bb background_size=\u00a0\u00bbcontain\u00a0\u00bb background_position=\u00a0\u00bbtop_right\u00a0\u00bb hover_enabled=\u00a0\u00bb0&Prime; fb_built=\u00a0\u00bb1&Prime; _i=\u00a0\u00bb3&Prime; _address=\u00a0\u00bb3&Prime;][et_pb_row _builder_version=\u00a0\u00bb3.25&Prime; _i=\u00a0\u00bb0&Prime; _address=\u00a0\u00bb3.0&Prime; column_structure=\u00a0\u00bb2_3,1_3&Prime;][et_pb_column type=\u00a0\u00bb2_3&Prime; module_class=\u00a0\u00bbzone_vide\u00a0\u00bb _builder_version=\u00a0\u00bb3.25&Prime; custom_padding=\u00a0\u00bb|||\u00a0\u00bb _i=\u00a0\u00bb0&Prime; _address=\u00a0\u00bb3.0.0&Prime; custom_padding__hover=\u00a0\u00bb|||\u00a0\u00bb][et_pb_text _builder_version=\u00a0\u00bb3.27.4&Prime; _i=\u00a0\u00bb0&Prime; _address=\u00a0\u00bb3.0.0.0&Prime;]<h2><strong>Ne vous contentez pas de l\u2019ordinaire. Cr\u00e9ez des espaces de rangement d\u2019exception. <\/strong><\/h2>\n<p>Utilisez des portes qui vous offrent une grande libert\u00e9 cr\u00e9ative et qui poss\u00e8dent de vraies fonctionnalit\u00e9s.<\/p>\n<ul>\n<li>\n<p>Des designs tendance et innovants<\/p>\n<\/li>\n<li>\n<p>Des centaines de couleurs, de styles et de finis<\/p>\n<\/li>\n<li>\n<p>Une vaste gamme de portes et de comptoirs<\/p>\n<\/li>\n<li>\n<p>Des produits \u00e0 l\u2019avant-garde qui se distinguent<\/p>\n<\/li>\n<li>Des produits offerts au juste prix selon vos besoins<\/li>\n<\/ul>[\/et_pb_text][et_pb_button button_url=\u00a0\u00bbhttps:\/\/www.prestolam.com\/fr\/produits-portal\/\u00a0\u00bb button_text=\u00a0\u00bbEXPLOREZ NOS DESIGNS\u00a0\u00bb module_class=\u00a0\u00bbboutons_rouge\u00a0\u00bb _builder_version=\u00a0\u00bb3.29.3&Prime; hover_enabled=\u00a0\u00bb0&Prime; _i=\u00a0\u00bb1&Prime; _address=\u00a0\u00bb3.0.0.1&Prime;][\/et_pb_button][\/et_pb_column][et_pb_column type=\u00a0\u00bb1_3&Prime; module_id=\u00a0\u00bbfull_ipad\u00a0\u00bb module_class=\u00a0\u00bbpas_padding\u00a0\u00bb _builder_version=\u00a0\u00bb3.25&Prime; custom_padding=\u00a0\u00bb|||\u00a0\u00bb _i=\u00a0\u00bb1&Prime; _address=\u00a0\u00bb3.0.1&Prime; custom_padding__hover=\u00a0\u00bb|||\u00a0\u00bb][\/et_pb_column][\/et_pb_row][\/et_pb_section][et_pb_section fb_built=\u00a0\u00bb1&Prime; fullwidth=\u00a0\u00bbon\u00a0\u00bb _builder_version=\u00a0\u00bb3.22.3&Prime; fb_built=\u00a0\u00bb1&Prime; _i=\u00a0\u00bb4&Prime; _address=\u00a0\u00bb4&Prime;][et_pb_fullwidth_image src=\u00a0\u00bbhttps:\/\/prestolam.com\/wp-content\/uploads\/bandeau_closet.jpg\u00a0\u00bb _builder_version=\u00a0\u00bb3.29.3&Prime; hover_enabled=\u00a0\u00bb0&Prime; _i=\u00a0\u00bb0&Prime; _address=\u00a0\u00bb4.0&Prime;][\/et_pb_fullwidth_image][\/et_pb_section][et_pb_section fb_built=\u00a0\u00bb1&Prime; module_id=\u00a0\u00bbspecial\u00a0\u00bb module_class=\u00a0\u00bbsection_grispale\u00a0\u00bb _builder_version=\u00a0\u00bb3.24.1&Prime; fb_built=\u00a0\u00bb1&Prime; _i=\u00a0\u00bb5&Prime; _address=\u00a0\u00bb5&Prime;][et_pb_row _builder_version=\u00a0\u00bb3.25&Prime; _i=\u00a0\u00bb0&Prime; _address=\u00a0\u00bb5.0&Prime; column_structure=\u00a0\u00bb1_2,1_2&Prime;][et_pb_column type=\u00a0\u00bb1_2&Prime; module_class=\u00a0\u00bbpas_padding\u00a0\u00bb _builder_version=\u00a0\u00bb3.25&Prime; custom_padding=\u00a0\u00bb|||\u00a0\u00bb _i=\u00a0\u00bb0&Prime; _address=\u00a0\u00bb5.0.0&Prime; custom_padding__hover=\u00a0\u00bb|||\u00a0\u00bb][et_pb_text _builder_version=\u00a0\u00bb3.27.4&Prime; _i=\u00a0\u00bb0&Prime; _address=\u00a0\u00bb5.0.0.0&Prime;]<h2><strong>Sans aucun compromis sur la qualit\u00e9.<\/strong><\/h2>\n<p>Peu importe le budget de vos clients et la forme qu\u2019elle prendra, une unit\u00e9 de rangement m\u00e9rite qualit\u00e9 et style! Concevez des espaces beaux et fonctionnels qui deviendront les pi\u00e8ces ma\u00eetresses de vos clients.<\/p>\n<ul>\n<li>\n<p>Un partenaire qui vous offre une flexibilit\u00e9 et une qualit\u00e9 in\u00e9gal\u00e9es<\/p>\n<\/li>\n<li>\n<p>Une durabilit\u00e9 qui r\u00e9siste \u00e0 l\u2019usage quotidien, \u00e0 long terme<\/p>\n<\/li>\n<li>\n<p>Un entretien facile qui simplifie la vie de vos clients<\/p>\n<\/li>\n<\/ul>[\/et_pb_text][et_pb_button button_url=\u00a0\u00bbhttps:\/\/www.prestolam.com\/fr\/distributeurs\/\u00a0\u00bb button_text=\u00a0\u00bbFAITES DE LA PLACE \u00c0 LA QUALIT\u00c9\u00a0\u00bb module_class=\u00a0\u00bbboutons_rouge\u00a0\u00bb _builder_version=\u00a0\u00bb3.29.3&Prime; hover_enabled=\u00a0\u00bb0&Prime; _i=\u00a0\u00bb1&Prime; _address=\u00a0\u00bb5.0.0.1&Prime;][\/et_pb_button][\/et_pb_column][et_pb_column type=\u00a0\u00bb1_2&Prime; module_class=\u00a0\u00bbpas_padding\u00a0\u00bb _builder_version=\u00a0\u00bb3.25&Prime; custom_padding=\u00a0\u00bb|||\u00a0\u00bb _i=\u00a0\u00bb1&Prime; _address=\u00a0\u00bb5.0.1&Prime; custom_padding__hover=\u00a0\u00bb|||\u00a0\u00bb][et_pb_text _builder_version=\u00a0\u00bb3.27.4&Prime; _i=\u00a0\u00bb0&Prime; _address=\u00a0\u00bb5.0.1.0&Prime;]<h2><strong>La simplicit\u00e9 en affaires.<\/strong><\/h2>\n<p>Alors que vous devez jongler avec vos nombreux projets en cours et des d\u00e9lais parfois serr\u00e9s, vous avez besoin d\u2019un partenaire qui vous permettra d\u2019\u00e9lever votre talent et vos id\u00e9es au niveau sup\u00e9rieur, sans vous compliquer la vie.<\/p>\n<ul>\n<li>\n<p>Un processus de commande simplifi\u00e9<\/p>\n<\/li>\n<li>\n<p>Une gestion de projet transparente et efficace<\/p>\n<\/li>\n<li>\n<p>La tranquillit\u00e9 d\u2019esprit gr\u00e2ce \u00e0 des commandes livr\u00e9es compl\u00e8tes<\/p>\n<\/li>\n<\/ul>[\/et_pb_text][et_pb_button button_url=\u00a0\u00bbhttps:\/\/www.prestolam.com\/fr\/inspirations\/\u00a0\u00bb button_text=\u00a0\u00bbVOYEZ POURQUOI PRESTOLAM VOUS EN DONNE PLUS\u00a0\u00bb module_class=\u00a0\u00bbboutons_rouge\u00a0\u00bb _builder_version=\u00a0\u00bb3.29.3&Prime; hover_enabled=\u00a0\u00bb0&Prime; _i=\u00a0\u00bb1&Prime; _address=\u00a0\u00bb5.0.1.1&Prime;][\/et_pb_button][\/et_pb_column][\/et_pb_row][\/et_pb_section][et_pb_section fb_built=\u00a0\u00bb1&Prime; fullwidth=\u00a0\u00bbon\u00a0\u00bb module_id=\u00a0\u00bbdealer_accueil\u00a0\u00bb _builder_version=\u00a0\u00bb3.24.1&Prime; fb_built=\u00a0\u00bb1&Prime; _i=\u00a0\u00bb6&Prime; _address=\u00a0\u00bb6&Prime;][et_pb_fullwidth_code _builder_version=\u00a0\u00bb3.24.1&Prime; _i=\u00a0\u00bb0&Prime; _address=\u00a0\u00bb6.0&Prime;]<h2><!-- [et_pb_line_break_holder] -->  Trouver un distributeur<!-- [et_pb_line_break_holder] --><\/h2><!-- [et_pb_line_break_holder] --><h4><!-- [et_pb_line_break_holder] -->  S\u2019il n\u2019y a pas de distributeur pr\u00e8s de vous, appelez-nous au <span style=\"display:block; color:#C9353F; font-weight:800; font-size:22px;\">1 800 463-8829<\/span> <!-- [et_pb_line_break_holder] --><\/h4><!-- [et_pb_line_break_holder] --><style>\r\n\t#wpsl-stores .wpsl-store-thumb {height:45px !important; width:45px !important;}\r\n\t#wpsl-stores, #wpsl-direction-details, #wpsl-gmap {height:500px !important;}\r\n\t#wpsl-gmap .wpsl-info-window {max-width:350px !important;}\r\n\t.wpsl-input label, #wpsl-radius label, #wpsl-category label {width:95px;}\r\n\t#wpsl-search-input ,#wpsl-category .wpsl-dropdown {width:179px;}\r\n<\/style>\r\n<div id=\"wpsl-wrap\">\r\n\t<div class=\"wpsl-search wpsl-clearfix wpsl-filter\">\r\n\t\t<div id=\"wpsl-search-wrap\">\r\n\t\t\t<form autocomplete=\"off\">\r\n\t\t\t<div class=\"wpsl-input\">\r\n\t\t\t\t<div><label for=\"wpsl-search-input\">Votre emplacement<\/label><\/div>\r\n\t\t\t\t<input id=\"wpsl-search-input\" type=\"text\" value=\"\" name=\"wpsl-search-input\" placeholder=\"\" aria-required=\"true\" \/>\r\n\t\t\t<\/div>\r\n\t\t\t<div class=\"wpsl-select-wrap\">\r\n\t\t\t\t<div id=\"wpsl-radius\">\r\n\t\t\t\t\t<label for=\"wpsl-radius-dropdown\">P\u00e9rim\u00e8tre de recherche<\/label>\r\n\t\t\t\t\t<select id=\"wpsl-radius-dropdown\" class=\"wpsl-dropdown\" name=\"wpsl-radius\">\r\n\t\t\t\t\t\t<option value=\"10\">10 km<\/option><option value=\"25\">25 km<\/option><option value=\"50\">50 km<\/option><option value=\"100\">100 km<\/option><option value=\"200\">200 km<\/option><option selected=\"selected\" value=\"300\">300 km<\/option><option value=\"500\">500 km<\/option>\r\n\t\t\t\t\t<\/select>\r\n\t\t\t\t<\/div>\r\n\t\t\t\t<div id=\"wpsl-results\">\r\n\t\t\t\t\t<label for=\"wpsl-results-dropdown\">R\u00e9sultats<\/label>\r\n\t\t\t\t\t<select id=\"wpsl-results-dropdown\" class=\"wpsl-dropdown\" name=\"wpsl-results\">\r\n\t\t\t\t\t\t<option value=\"25\">25<\/option><option value=\"50\">50<\/option><option value=\"75\">75<\/option><option value=\"100\">100<\/option><option selected=\"selected\" value=\"125\">125<\/option>\r\n\t\t\t\t\t<\/select>\r\n\t\t\t\t<\/div>\r\n\t\t\t<\/div>\r\n<div id=\"wpsl-category\">\r\n<label for=\"wpsl-category-list\">Cat\u00e9gorie<\/label>\r\n<select  name='wpsl-category' id='wpsl-category-list' class='wpsl-dropdown'>\n\t<option value='0'>Tout<\/option>\n\t<option class=\"level-0\" value=\"487\">COMPTOIR ET PORTE<\/option>\n\t<option class=\"level-0\" value=\"489\">COMPTOIR SEULEMENT<\/option>\n\t<option class=\"level-0\" value=\"484\">Countertops only<\/option>\n\t<option class=\"level-0\" value=\"486\">Doors and Countertops<\/option>\n\t<option class=\"level-0\" value=\"485\">Doors only<\/option>\n\t<option class=\"level-0\" value=\"488\">PORTE SEULEMENT<\/option>\n<\/select>\n<\/div>\r\n\t\t\t\t<div class=\"wpsl-search-btn-wrap\"><input id=\"wpsl-search-btn\" type=\"submit\" value=\"Rechercher\"><\/div>\r\n\t\t<\/form>\r\n\t\t<\/div>\r\n\t<\/div>\r\n\t<div id=\"wpsl-gmap\" class=\"wpsl-gmap-canvas\"><\/div>\r\n\t<div id=\"wpsl-result-list\">\r\n\t\t<div id=\"wpsl-stores\" >\r\n\t\t\t<ul><\/ul>\r\n\t\t<\/div>\r\n\t\t<div id=\"wpsl-direction-details\">\r\n\t\t\t<ul><\/ul>\r\n\t\t<\/div>\r\n\t<\/div>\r\n<\/div>\r\n[\/et_pb_fullwidth_code][\/et_pb_section]\n\n","protected":false},"excerpt":{"rendered":"<p>Des portes haut de gamme qui ont du style Transformez le d\u00e9sordre en espaces de rangement de r\u00eaveChez Prestolam, nous ne nous contentons pas d\u2019offrir nos portes d\u2019armoire en plus grand format, nous proposons des portes pens\u00e9es et fabriqu\u00e9es pour un usage r\u00e9el dans des unit\u00e9s de rangement. Cela comprend les walk-in, les salles de [&hellip;]<\/p>\n","protected":false},"author":1,"featured_media":0,"parent":0,"menu_order":0,"comment_status":"closed","ping_status":"closed","template":"","meta":{"_acf_changed":false,"_et_pb_use_builder":"on","_et_pb_old_content":"","_et_gb_content_width":"","_monsterinsights_skip_tracking":false,"_monsterinsights_sitenote_active":false,"_monsterinsights_sitenote_note":"","_monsterinsights_sitenote_category":0,"footnotes":""},"class_list":["post-2779","page","type-page","status-publish","hentry"],"acf":[],"aioseo_notices":[],"_links":{"self":[{"href":"https:\/\/prestolam.com\/fr\/wp-json\/wp\/v2\/pages\/2779","targetHints":{"allow":["GET"]}}],"collection":[{"href":"https:\/\/prestolam.com\/fr\/wp-json\/wp\/v2\/pages"}],"about":[{"href":"https:\/\/prestolam.com\/fr\/wp-json\/wp\/v2\/types\/page"}],"author":[{"embeddable":true,"href":"https:\/\/prestolam.com\/fr\/wp-json\/wp\/v2\/users\/1"}],"replies":[{"embeddable":true,"href":"https:\/\/prestolam.com\/fr\/wp-json\/wp\/v2\/comments?post=2779"}],"version-history":[{"count":22,"href":"https:\/\/prestolam.com\/fr\/wp-json\/wp\/v2\/pages\/2779\/revisions"}],"predecessor-version":[{"id":6089,"href":"https:\/\/prestolam.com\/fr\/wp-json\/wp\/v2\/pages\/2779\/revisions\/6089"}],"wp:attachment":[{"href":"https:\/\/prestolam.com\/fr\/wp-json\/wp\/v2\/media?parent=2779"}],"curies":[{"name":"wp","href":"https:\/\/api.w.org\/{rel}","templated":true}]}}