{"id":2787,"date":"2018-11-21T20:29:33","date_gmt":"2018-11-21T20:29:33","guid":{"rendered":"https:\/\/jfldev.com\/prestolam\/?page_id=2787"},"modified":"2021-06-22T21:00:59","modified_gmt":"2021-06-22T21:00:59","slug":"distributeurs","status":"publish","type":"page","link":"https:\/\/prestolam.com\/fr\/distributeurs\/","title":{"rendered":"Distributeurs"},"content":{"rendered":"\n[et_pb_section fb_built=\u00a0\u00bb1&Prime; fullwidth=\u00a0\u00bbon\u00a0\u00bb module_class=\u00a0\u00bbimg_presentation\u00a0\u00bb _builder_version=\u00a0\u00bb3.22.3&Prime;][et_pb_fullwidth_image src=\u00a0\u00bbhttps:\/\/prestolam.com\/wp-content\/uploads\/bg_manufact-1.jpg\u00a0\u00bb _builder_version=\u00a0\u00bb3.29.3&Prime;][\/et_pb_fullwidth_image][\/et_pb_section][et_pb_section fb_built=\u00a0\u00bb1&Prime; module_class=\u00a0\u00bbtitre_page\u00a0\u00bb _builder_version=\u00a0\u00bb3.24.1&Prime;][et_pb_row _builder_version=\u00a0\u00bb3.25&Prime;][et_pb_column type=\u00a0\u00bb4_4&Prime; _builder_version=\u00a0\u00bb3.25&Prime; custom_padding=\u00a0\u00bb|||\u00a0\u00bb custom_padding__hover=\u00a0\u00bb|||\u00a0\u00bb][et_pb_text module_id=\u00a0\u00bbtitre_about\u00a0\u00bb _builder_version=\u00a0\u00bb3.27.4&Prime; hover_enabled=\u00a0\u00bb0&Prime; sticky_enabled=\u00a0\u00bb0&Prime;]<h1><strong>Tout ce qui compte, c\u2019est vous et vos clients.<\/strong><\/h1>\n<h4><strong>Votre partenaire manufacturier qui va au-del\u00e0 des besoins.<\/strong><\/h4>[\/et_pb_text][\/et_pb_column][\/et_pb_row][\/et_pb_section][et_pb_section fb_built=\u00a0\u00bb1&Prime; module_id=\u00a0\u00bbsection_1_distri\u00a0\u00bb module_class=\u00a0\u00bbsection_porte\u00a0\u00bb _builder_version=\u00a0\u00bb3.24.1&Prime;][et_pb_row column_structure=\u00a0\u00bb2_5,3_5&Prime; _builder_version=\u00a0\u00bb3.25&Prime;][et_pb_column type=\u00a0\u00bb2_5&Prime; _builder_version=\u00a0\u00bb3.25&Prime; custom_padding=\u00a0\u00bb|||\u00a0\u00bb custom_padding__hover=\u00a0\u00bb|||\u00a0\u00bb][et_pb_image src=\u00a0\u00bbhttps:\/\/prestolam.com\/wp-content\/uploads\/employe_manu1.jpg\u00a0\u00bb align_tablet=\u00a0\u00bbcenter\u00a0\u00bb align_phone=\u00a0\u00bb\u00a0\u00bb align_last_edited=\u00a0\u00bbon|desktop\u00a0\u00bb module_id=\u00a0\u00bbimg_principal_distri\u00a0\u00bb module_class=\u00a0\u00bbimg_pardessus\u00a0\u00bb _builder_version=\u00a0\u00bb3.29.3&Prime;][\/et_pb_image][\/et_pb_column][et_pb_column type=\u00a0\u00bb3_5&Prime; module_class=\u00a0\u00bbpas_padding\u00a0\u00bb _builder_version=\u00a0\u00bb3.25&Prime; custom_padding=\u00a0\u00bb|||\u00a0\u00bb custom_padding__hover=\u00a0\u00bb|||\u00a0\u00bb][et_pb_text module_class=\u00a0\u00bbtexte_base_noir\u00a0\u00bb _builder_version=\u00a0\u00bb4.9.1&Prime; hover_enabled=\u00a0\u00bb0&Prime; sticky_enabled=\u00a0\u00bb0&Prime;]<p>Notre objectif? Votre tranquillit\u00e9 d\u2019esprit.<\/p>\n<p>Parce que Prestolam a la plus grande consid\u00e9ration pour ses partenaires de confiance, nous avons tout mis en place pour faciliter les choses. Nous savons que vos clients exigent le meilleur et que les \u00e9ch\u00e9anciers sont parfois serr\u00e9s. C\u2019est pourquoi nos d\u00e9lais sont parmi les plus courts de l\u2019industrie, notre r\u00e9seau de centre de coupe est \u00e0 proximit\u00e9 et notre service \u00e0 la client\u00e8le demeure in\u00e9gal\u00e9. Nous mettons tout en \u0153uvre pour que vous puissiez gagner en efficacit\u00e9.<\/p>\n<p>En tant que distributeur, vous aurez acc\u00e8s \u00e0 notre plateforme Netcom qui vous permet de passer vos commandes de portes d\u2019armoires et de comptoirs en quelques secondes et de suivre en temps r\u00e9el le moment o\u00f9 elles entrent en production. De plus, gr\u00e2ce \u00e0 nos m\u00e9thodes de fabrication uniques, nous pouvons produire simultan\u00e9ment diff\u00e9rents types de portes et de comptoirs. De cette mani\u00e8re, nous vous \u00e9vitons des retards de production et des d\u00e9lais de livraisons indus.<\/p>[\/et_pb_text][et_pb_button button_url=\u00a0\u00bbhttps:\/\/www.prestolam.com\/fr\/produits-portal\/\u00a0\u00bb button_text=\u00a0\u00bbD\u00c9COUVREZ NOS PRODUITS\u00a0\u00bb module_class=\u00a0\u00bbboutons_rouge\u00a0\u00bb _builder_version=\u00a0\u00bb3.29.3&Prime;][\/et_pb_button][\/et_pb_column][\/et_pb_row][\/et_pb_section][et_pb_section fb_built=\u00a0\u00bb1&Prime; fullwidth=\u00a0\u00bbon\u00a0\u00bb _builder_version=\u00a0\u00bb3.22.3&Prime;][et_pb_fullwidth_image src=\u00a0\u00bbhttps:\/\/prestolam.com\/wp-content\/uploads\/bandeau_manu-2.jpg\u00a0\u00bb _builder_version=\u00a0\u00bb3.29.3&Prime;][\/et_pb_fullwidth_image][\/et_pb_section][et_pb_section fb_built=\u00a0\u00bb1&Prime; _builder_version=\u00a0\u00bb3.24.1&Prime;][et_pb_row column_structure=\u00a0\u00bb1_2,1_2&Prime; _builder_version=\u00a0\u00bb3.25&Prime;][et_pb_column type=\u00a0\u00bb1_2&Prime; _builder_version=\u00a0\u00bb3.25&Prime; custom_padding=\u00a0\u00bb|||\u00a0\u00bb custom_padding__hover=\u00a0\u00bb|||\u00a0\u00bb][et_pb_text module_class=\u00a0\u00bbtitre_h2&Prime; _builder_version=\u00a0\u00bb3.27.4&Prime;]<h2><strong>Aller au-del\u00e0 de vos besoins, c\u2019est notre fa\u00e7on de faire<\/strong><\/h2>[\/et_pb_text][\/et_pb_column][et_pb_column type=\u00a0\u00bb1_2&Prime; module_class=\u00a0\u00bbpas_padding\u00a0\u00bb _builder_version=\u00a0\u00bb3.25&Prime; custom_padding=\u00a0\u00bb|||\u00a0\u00bb custom_padding__hover=\u00a0\u00bb|||\u00a0\u00bb][et_pb_text _builder_version=\u00a0\u00bb3.27.4&Prime;]<p>Parce qu\u2019on aime proposer des produits de grande valeur \u00e0 notre client\u00e8le, nous n\u2019acceptons aucun compromis sur la qualit\u00e9 et sur le style. Nous collaborons avec les meilleurs fournisseurs de l\u2019industrie, afin de vous offrir des produits \u00e0 l\u2019assemblage parfait, \u00e0 la qualit\u00e9 ind\u00e9niable et au rapport qualit\u00e9-prix le plus avantageux. Vos clients seront satisfaits pendant de nombreuses ann\u00e9es gr\u00e2ce \u00e0 la beaut\u00e9 de nos produits, qui ne s\u2019alt\u00e8re pas avec le temps.<\/p>\n<p>Des centaines de couleurs, de styles et de finis, pour nous, ce n\u2019est pas encore assez! Notre \u00e9quipe de sp\u00e9cialistes met tout en \u0153uvre pour vous soumettre les tendances les plus en vogue du march\u00e9. Tout cela, parce que nous comprenons bien vos besoins uniques en portes et en comptoirs.<\/p>[\/et_pb_text][et_pb_button button_url=\u00a0\u00bbhttps:\/\/www.prestolam.com\/fr\/contact\/\u00a0\u00bb button_text=\u00a0\u00bbDEVENEZ UN DISTRIBUTEUR PRESTOLAM\u00a0\u00bb module_id=\u00a0\u00bbbouton_espace\u00a0\u00bb module_class=\u00a0\u00bbboutons_rouge\u00a0\u00bb _builder_version=\u00a0\u00bb3.29.3&Prime;][\/et_pb_button][\/et_pb_column][\/et_pb_row][\/et_pb_section][et_pb_section fb_built=\u00a0\u00bb1&Prime; fullwidth=\u00a0\u00bbon\u00a0\u00bb module_id=\u00a0\u00bbdealer_accueil\u00a0\u00bb _builder_version=\u00a0\u00bb3.22.3&Prime;][et_pb_fullwidth_code _builder_version=\u00a0\u00bb3.24.1&Prime;]<h2><!-- [et_pb_line_break_holder] -->  Trouver un distributeur<!-- [et_pb_line_break_holder] --><\/h2><!-- [et_pb_line_break_holder] --><h4><!-- [et_pb_line_break_holder] -->  S\u2019il n\u2019y a pas de distributeur pr\u00e8s de vous, appelez-nous au <span style=\"display:block; color:#C9353F; font-weight:800; font-size:22px;\">1 800 463-8829<\/span> <!-- [et_pb_line_break_holder] --><\/h4><!-- [et_pb_line_break_holder] --><style>\r\n\t#wpsl-stores .wpsl-store-thumb {height:45px !important; width:45px !important;}\r\n\t#wpsl-stores, #wpsl-direction-details, #wpsl-gmap {height:500px !important;}\r\n\t#wpsl-gmap .wpsl-info-window {max-width:350px !important;}\r\n\t.wpsl-input label, #wpsl-radius label, #wpsl-category label {width:95px;}\r\n\t#wpsl-search-input ,#wpsl-category .wpsl-dropdown {width:179px;}\r\n<\/style>\r\n<div id=\"wpsl-wrap\">\r\n\t<div class=\"wpsl-search wpsl-clearfix wpsl-filter\">\r\n\t\t<div id=\"wpsl-search-wrap\">\r\n\t\t\t<form autocomplete=\"off\">\r\n\t\t\t<div class=\"wpsl-input\">\r\n\t\t\t\t<div><label for=\"wpsl-search-input\">Votre emplacement<\/label><\/div>\r\n\t\t\t\t<input id=\"wpsl-search-input\" type=\"text\" value=\"\" name=\"wpsl-search-input\" placeholder=\"\" aria-required=\"true\" \/>\r\n\t\t\t<\/div>\r\n\t\t\t<div class=\"wpsl-select-wrap\">\r\n\t\t\t\t<div id=\"wpsl-radius\">\r\n\t\t\t\t\t<label for=\"wpsl-radius-dropdown\">P\u00e9rim\u00e8tre de recherche<\/label>\r\n\t\t\t\t\t<select id=\"wpsl-radius-dropdown\" class=\"wpsl-dropdown\" name=\"wpsl-radius\">\r\n\t\t\t\t\t\t<option value=\"10\">10 km<\/option><option value=\"25\">25 km<\/option><option value=\"50\">50 km<\/option><option value=\"100\">100 km<\/option><option value=\"200\">200 km<\/option><option selected=\"selected\" value=\"300\">300 km<\/option><option value=\"500\">500 km<\/option>\r\n\t\t\t\t\t<\/select>\r\n\t\t\t\t<\/div>\r\n\t\t\t\t<div id=\"wpsl-results\">\r\n\t\t\t\t\t<label for=\"wpsl-results-dropdown\">R\u00e9sultats<\/label>\r\n\t\t\t\t\t<select id=\"wpsl-results-dropdown\" class=\"wpsl-dropdown\" name=\"wpsl-results\">\r\n\t\t\t\t\t\t<option value=\"25\">25<\/option><option value=\"50\">50<\/option><option value=\"75\">75<\/option><option value=\"100\">100<\/option><option selected=\"selected\" value=\"125\">125<\/option>\r\n\t\t\t\t\t<\/select>\r\n\t\t\t\t<\/div>\r\n\t\t\t<\/div>\r\n<div id=\"wpsl-category\">\r\n<label for=\"wpsl-category-list\">Cat\u00e9gorie<\/label>\r\n<select  name='wpsl-category' id='wpsl-category-list' class='wpsl-dropdown'>\n\t<option value='0'>Tout<\/option>\n\t<option class=\"level-0\" value=\"487\">COMPTOIR ET PORTE<\/option>\n\t<option class=\"level-0\" value=\"489\">COMPTOIR SEULEMENT<\/option>\n\t<option class=\"level-0\" value=\"484\">Countertops only<\/option>\n\t<option class=\"level-0\" value=\"486\">Doors and Countertops<\/option>\n\t<option class=\"level-0\" value=\"485\">Doors only<\/option>\n\t<option class=\"level-0\" value=\"488\">PORTE SEULEMENT<\/option>\n<\/select>\n<\/div>\r\n\t\t\t\t<div class=\"wpsl-search-btn-wrap\"><input id=\"wpsl-search-btn\" type=\"submit\" value=\"Rechercher\"><\/div>\r\n\t\t<\/form>\r\n\t\t<\/div>\r\n\t<\/div>\r\n\t<div id=\"wpsl-gmap\" class=\"wpsl-gmap-canvas\"><\/div>\r\n\t<div id=\"wpsl-result-list\">\r\n\t\t<div id=\"wpsl-stores\" >\r\n\t\t\t<ul><\/ul>\r\n\t\t<\/div>\r\n\t\t<div id=\"wpsl-direction-details\">\r\n\t\t\t<ul><\/ul>\r\n\t\t<\/div>\r\n\t<\/div>\r\n<\/div>\r\n[\/et_pb_fullwidth_code][\/et_pb_section]\n","protected":false},"excerpt":{"rendered":"<p>Tout ce qui compte, c\u2019est vous et vos clients. Votre partenaire manufacturier qui va au-del\u00e0 des besoins.Notre objectif? Votre tranquillit\u00e9 d\u2019esprit. Parce que Prestolam a la plus grande consid\u00e9ration pour ses partenaires de confiance, nous avons tout mis en place pour faciliter les choses. Nous savons que vos clients exigent le meilleur et que les [&hellip;]<\/p>\n","protected":false},"author":1,"featured_media":0,"parent":0,"menu_order":0,"comment_status":"closed","ping_status":"closed","template":"","meta":{"_acf_changed":false,"_et_pb_use_builder":"on","_et_pb_old_content":"","_et_gb_content_width":"","_monsterinsights_skip_tracking":false,"_monsterinsights_sitenote_active":false,"_monsterinsights_sitenote_note":"","_monsterinsights_sitenote_category":0,"footnotes":""},"class_list":["post-2787","page","type-page","status-publish","hentry"],"acf":[],"aioseo_notices":[],"_links":{"self":[{"href":"https:\/\/prestolam.com\/fr\/wp-json\/wp\/v2\/pages\/2787","targetHints":{"allow":["GET"]}}],"collection":[{"href":"https:\/\/prestolam.com\/fr\/wp-json\/wp\/v2\/pages"}],"about":[{"href":"https:\/\/prestolam.com\/fr\/wp-json\/wp\/v2\/types\/page"}],"author":[{"embeddable":true,"href":"https:\/\/prestolam.com\/fr\/wp-json\/wp\/v2\/users\/1"}],"replies":[{"embeddable":true,"href":"https:\/\/prestolam.com\/fr\/wp-json\/wp\/v2\/comments?post=2787"}],"version-history":[{"count":31,"href":"https:\/\/prestolam.com\/fr\/wp-json\/wp\/v2\/pages\/2787\/revisions"}],"predecessor-version":[{"id":6096,"href":"https:\/\/prestolam.com\/fr\/wp-json\/wp\/v2\/pages\/2787\/revisions\/6096"}],"wp:attachment":[{"href":"https:\/\/prestolam.com\/fr\/wp-json\/wp\/v2\/media?parent=2787"}],"curies":[{"name":"wp","href":"https:\/\/api.w.org\/{rel}","templated":true}]}}