{"id":379,"date":"2017-10-10T21:30:36","date_gmt":"2017-10-10T21:30:36","guid":{"rendered":"https:\/\/www.prestolam.com\/?page_id=379"},"modified":"2021-06-23T14:14:47","modified_gmt":"2021-06-23T14:14:47","slug":"conditions-dutilisation","status":"publish","type":"page","link":"https:\/\/prestolam.com\/fr\/conditions-dutilisation\/","title":{"rendered":"Conditions d&rsquo;utilisation"},"content":{"rendered":"\n[et_pb_section bb_built=\u00a0\u00bb1&Prime; fullwidth=\u00a0\u00bbon\u00a0\u00bb specialty=\u00a0\u00bboff\u00a0\u00bb _builder_version=\u00a0\u00bb3.0.65&Prime; background_color=\u00a0\u00bb#d33039&Prime; module_class=\u00a0\u00bbdocu-header\u00a0\u00bb][et_pb_fullwidth_header _builder_version=\u00a0\u00bb3.0.65&Prime; title=\u00a0\u00bbConditions d&rsquo;utilisation\u00a0\u00bb text_orientation=\u00a0\u00bbleft\u00a0\u00bb header_fullscreen=\u00a0\u00bboff\u00a0\u00bb header_scroll_down=\u00a0\u00bboff\u00a0\u00bb image_orientation=\u00a0\u00bbcenter\u00a0\u00bb background_layout=\u00a0\u00bblight\u00a0\u00bb content_orientation=\u00a0\u00bbcenter\u00a0\u00bb title_font_color=\u00a0\u00bb#ffffff\u00a0\u00bb title_font=\u00a0\u00bbMuli|on|||\u00a0\u00bb title_font_size=\u00a0\u00bb64px\u00a0\u00bb custom_button_one=\u00a0\u00bboff\u00a0\u00bb button_one_letter_spacing=\u00a0\u00bb0&Prime; button_one_icon_placement=\u00a0\u00bbright\u00a0\u00bb button_one_letter_spacing_hover=\u00a0\u00bb0&Prime; custom_button_two=\u00a0\u00bboff\u00a0\u00bb button_two_letter_spacing=\u00a0\u00bb0&Prime; button_two_icon_placement=\u00a0\u00bbright\u00a0\u00bb button_two_letter_spacing_hover=\u00a0\u00bb0&Prime; \/][\/et_pb_section][et_pb_section bb_built=\u00a0\u00bb1&Prime;][et_pb_row][et_pb_column type=\u00a0\u00bb4_4&Prime;][et_pb_text _builder_version=\u00a0\u00bb3.0.65&Prime; background_layout=\u00a0\u00bblight\u00a0\u00bb text_orientation=\u00a0\u00bbleft\u00a0\u00bb border_style=\u00a0\u00bbsolid\u00a0\u00bb]\r\n\r\nMODALIT\u00c9S D&rsquo;EMPLOI DU SITE INTERNET DE PRESTOLAM\r\n\r\nVEUILLEZ LIRE ATTENTIVEMENT LES MODALIT\u00c9S SUIVANTES AVANT D&rsquo;UTILISER LE SITE INTERNET DE PRESTOLAM.\r\nPOUR L\u2019OBJET DES PR\u00c9SENTES, TOUTE R\u00c9F\u00c9RENCE AU SITE INTERNET DE PRESTOLAM D\u00c9SIGNE \u00c0 LA FOIS LE SITE-M\u00c8RE PRESTOLAM ET LES SOUS-SITES AFFILI\u00c9ES.\r\n\r\n1. ACCEPTATION DES MODALIT\u00c9S D&rsquo;EMPLOI\r\n1.1. En utilisant le site Internet de PRESTOLAM vous convenez avoir lu et compris les pr\u00e9sentes conditions d&rsquo;utilisation et, par cons\u00e9quent, que vous acceptez de vous y conformer ainsi qu&rsquo;\u00e0 toute modification qui pourrait y \u00eatre apport\u00e9e. Les pr\u00e9sentes modalit\u00e9s d&rsquo;utilisation repr\u00e9sentent une entente entre vous et PRESTOLAM.\r\n\r\n1.2. Les pr\u00e9sentes modalit\u00e9s peuvent \u00eatre sujettes \u00e0 des changements, ajouts ou suppressions en tout temps. Tout changement sera affich\u00e9 sur cette page. De plus, si nous faisons des changements importants aux modalit\u00e9s d&rsquo;utilisation pr\u00e9sentes, ils seront affich\u00e9s au moins trente (30) jours avant la date de leur entr\u00e9e en vigueur et les utilisateurs qui nous ont envoy\u00e9 leur adresse de courriel seront avis\u00e9s de tels changements directement par courriel. Veuillez lire ces modalit\u00e9s d&rsquo;utilisation r\u00e9guli\u00e8rement au cas o\u00f9 des changements y auraient \u00e9t\u00e9 apport\u00e9s.\r\n\r\n1.3. Si vous n&rsquo;acceptez pas d&rsquo;\u00eatre li\u00e9 par les pr\u00e9sentes modalit\u00e9s d&rsquo;utilisation, vous ne devriez pas utiliser le site Internet de PRESTOLAM.\r\n\r\n2. BUREAUX\r\n2.1. PRESTOLAM exploite son site Internet depuis ses bureaux situ\u00e9s dans la province de Qu\u00e9bec, au Canada. PRESTOLAM ne pr\u00e9tend pas que tous les \u00e9l\u00e9ments de son site Internet ne sont pas utilis\u00e9s dans d&rsquo;autres endroits. Les personnes qui visitent le site Internet de PRESTOLAM le font de leur propre initiative et ont la responsabilit\u00e9 de respecter toutes les lois applicables en la mati\u00e8re.\r\n\r\n2.2. En utilisant le site Internet de PRESTOLAM, vous convenez et acceptez que les pr\u00e9sentes modalit\u00e9s d&rsquo;utilisation sont r\u00e9gies par les lois applicables de la province du Qu\u00e9bec et que tout litige r\u00e9sultant, ou associ\u00e9 \u00e0, l&rsquo;utilisation du site et des services Internet de PRESTOLAM sera sujet aux lois des tribunaux de la r\u00e9gion de PRESTOLAM, province de Qu\u00e9bec.\r\n\r\n3. CHANGEMENTS AU SITE INTERNET\r\n3.1. PRESTOLAM peut modifier, annuler ou supprimer n&rsquo;importe quel \u00e9l\u00e9ment pr\u00e9sent\u00e9 sur son site Internet, en tout temps, y compris la disponibilit\u00e9 de n&rsquo;importe quelle fonction, base de donn\u00e9es ou contenu. PRESTOLAM peut \u00e9galement imposer des limites sur certains \u00e9l\u00e9ments ou restreindre l&rsquo;acc\u00e8s \u00e0 certaines sections de son site Internet sans pr\u00e9avis et sans engager sa responsabilit\u00e9.\r\n\r\n4. USAGE PERSONNEL\r\n4.1. Tous les \u00e9l\u00e9ments que contient le site Internet de PRESTOLAM sont pr\u00e9sent\u00e9s pour votre usage personnel \u00e0 des fins non commerciales. Il est interdit d&rsquo;utiliser les \u00e9l\u00e9ments du site Internet de PRESTOLAM \u00e0 des fins commerciales ou publicitaires sans la permission \u00e9crite de PRESTOLAM.\r\n\r\n5. LIENS\r\n5.1. Le site de PRESTOLAM peut contenir des liens hypertextes vers des sites Internet g\u00e9r\u00e9s par des tiers. En activant l&rsquo;un de ces liens, il est possible que vous deviez quitter le site de PRESTOLAM. PRESTOLAM n&rsquo;a aucun contr\u00f4le sur les sites Internet qui sont la propri\u00e9t\u00e9 de tierces parties. Ces sites sont enti\u00e8rement exploit\u00e9s par des tierces parties et PRESTOLAM ne peut garantir d&rsquo;aucune fa\u00e7on la qualit\u00e9 ou le contenu g\u00e9n\u00e9ral de ces sites ni la qualit\u00e9 des produits qui y sont offerts ni la s\u00e9curit\u00e9 des transactions que vous pourriez effectuer sur les sites en question. Le fait que les sites de ces tierces parties soient pr\u00e9sent\u00e9s sur le site Internet de PRESTOLAM ne doit en aucun cas \u00eatre interpr\u00e9t\u00e9 comme \u00e9tant une validation de la part de PRESTOLAM et n&rsquo;engage d&rsquo;aucune fa\u00e7on sa responsabilit\u00e9. PRESTOLAM ne peut pas \u00eatre tenu responsable des dommages qui pourraient survenir suite \u00e0 l&rsquo;utilisation de ces sites. Toute plainte au sujet des sites de tierces parties doit \u00eatre adress\u00e9e aux administrateurs de ces sites.\r\n\r\n6. PROPRI\u00c9T\u00c9 INTELLECTUELLE\r\n6.1. Les marques de commerce et logos employ\u00e9s ou affich\u00e9s sur le site Internet de PRESTOLAM sont des marques de commerce et des logos enregistr\u00e9s ou non par PRESTOLAM ou des tierces parties. Rien sur le site Internet de PRESTOLAM ne peut \u00eatre interpr\u00e9t\u00e9 de sorte \u00e0 permettre, directement ou indirectement, l&#8217;emploi de telles marques de commerce ou logos sans la permission pr\u00e9alable et \u00e9crite de leur propri\u00e9taire. Sans restreindre la port\u00e9e g\u00e9n\u00e9rale de ce qui pr\u00e9c\u00e8de, il est interdit de reproduire les marques de commerce et les logos qui sont affich\u00e9s sur le site Internet de PRESTOLAM \u00e0 des fins commerciales ou publicitaires ou pour accro\u00eetre le nombre de visites sur votre site sans la permission pr\u00e9alable et \u00e9crite de leur propri\u00e9taire.\r\n\r\n6.2. Tous les \u00e9l\u00e9ments du site Internet de PRESTOLAM (notamment, et sans restriction, les textes, articles, photographies, images, illustrations, extraits audio et vid\u00e9o ou logiciels) sont prot\u00e9g\u00e9s par les droits de propri\u00e9t\u00e9 et appartiennent \u00e0 PRESTOLAM ou \u00e0 des tierces parties agissant \u00e0 titre de fournisseurs de contenu. \u00c0 l&rsquo;exception de certaines exceptions clairement identifi\u00e9es, aucun \u00e9l\u00e9ment du site Internet de PRESTOLAM ne peut \u00eatre interpr\u00e9t\u00e9 comme vous donnant le moindre droit en ce qui concerne la propri\u00e9t\u00e9 intellectuelle de PRESTOLAM ou d&rsquo;une tierce partie agissant \u00e0 titre de fournisseur de contenu.\r\n\r\n6.3. Sous r\u00e9serve de la pr\u00e9sente section 6.4, vous ne pouvez pas copier, reproduire, modifier, publier, distribuer ou participer au transfert ou \u00e0 la vente, ou cr\u00e9er des produits d\u00e9riv\u00e9s, traduire, t\u00e9l\u00e9charger, octroyer sous licence, ou exploiter par tout autre moyen le moindre \u00e9l\u00e9ment qui est pr\u00e9sent\u00e9 sur le site Internet de PRESTOLAM (y compris tous les logiciels) en tout ou en partie.\r\n\r\n6.4. Vous pouvez t\u00e9l\u00e9charger ou copier uniquement pour votre usage personnel et \u00e0 des fins non commerciales les \u00e9l\u00e9ments du site Internet de PRESTOLAM pourvu que vous ayez effectu\u00e9 une transaction avec PRESTOLAM dans le but d&rsquo;obtenir les \u00e9l\u00e9ments pr\u00e9cis\u00e9s, ou pourvu que vous conserviez tous les avis de propri\u00e9t\u00e9 intellectuelle qu&rsquo;ils contiennent. La copie ou la m\u00e9morisation de tout \u00e9l\u00e9ment \u00e0 des fins autres que personnelles est enti\u00e8rement interdite sans la permission pr\u00e9alable et \u00e9crite de PRESTOLAM ou du d\u00e9tenteur des droits de propri\u00e9t\u00e9 identifi\u00e9 dans l&rsquo;avis de propri\u00e9t\u00e9 intellectuelle.\r\n\r\n7. ENGAGEMENTS ET GARANTIES\r\n7.1. Vous vous engagez par les pr\u00e9sentes \u00e0 indemniser, d\u00e9fendre et d\u00e9gager PRESTOLAM, ses directeurs, membres de la direction, cadres sup\u00e9rieurs, actionnaires, employ\u00e9s entreprises affili\u00e9es, repr\u00e9sentants et fournisseurs de contenu (appel\u00e9s collectivement \u00ab\u00a0PRESTOLAM\u00a0\u00bb) de toute responsabilit\u00e9 \u00e0 l&rsquo;\u00e9gard de toute r\u00e9clamation mon\u00e9taire de capital, int\u00e9r\u00eat, frais juridiques et extrajudiciaires et tout autre dommages, y compris et sans limiter, tous les frais juridiques raisonnables encourus par PRESTOLAM en relation \u00e0 une r\u00e9clamation, action, poursuite ou sursis (\u00ab\u00a0R\u00e9clamation\u00a0\u00bb) quelconque qui d\u00e9coulerait de l&rsquo;inobservation de votre part des pr\u00e9sentes Modalit\u00e9s d&rsquo;utilisation. PRESTOLAM se r\u00e9serve le droit de participer \u00e0 la d\u00e9fense d&rsquo;une telle R\u00e9clamation et d&rsquo;\u00eatre repr\u00e9sent\u00e9 par un avocat de son choix.\r\n\r\n8. LIMITATION DE LA RESPONSABILIT\u00c9\r\n8.1. Le site Internet de PRESTOLAM et les \u00e9l\u00e9ments qu&rsquo;il contient vous sont pr\u00e9sent\u00e9s \u00ab\u00a0tels quels\u00a0\u00bb et sans frais de la part de PRESTOLAM, sans aucune garantie qui soit, que ce soit express\u00e9ment ou implicitement, y compris, et sans limiter, les garanties de titre ou garanties implicites de qualit\u00e9 marchande ou d&rsquo;aptitude \u00e0 une fin, utilisation, disponibilit\u00e9, validit\u00e9, exactitude, fiabilit\u00e9 particuli\u00e8re, \u00e0 l&rsquo;\u00e9gard des \u00e9l\u00e9ments reproduits sur lesdits sites ou quant aux r\u00e9sultats qui d\u00e9couleraient de l&#8217;emploi de tels \u00e9l\u00e9ments. Sans restreindre la port\u00e9e g\u00e9n\u00e9rale de ce qui pr\u00e9c\u00e8de, PRESTOLAM ne prend aucun engagement concernant la nature exhaustive des r\u00e9sultats de vos recherches men\u00e9es sur son site Internet. Vous reconnaissez par les pr\u00e9sentes et convenez que votre utilisation du site Internet de PRESTOLAM se fait \u00e0 vos risques et p\u00e9rils.\r\n\r\n8.2. PRESTOLAM ne prend aucun engagement concernant l&rsquo;exactitude ou la fiabilit\u00e9, ni n&rsquo;appuie, une opinion, d\u00e9claration ou autre information quelconque publi\u00e9e ou distribu\u00e9e sur son site Internet par un utilisateur, fournisseur de contenu ou autre personne quelconque.\r\n\r\n8.3. PRESTOLAM se d\u00e9gage de toute responsabilit\u00e9 \u00e0 l&rsquo;\u00e9gard de toute erreur qui pourrait se trouver sur son site Internet. Par cons\u00e9quent, PRESTOLAM et toute autre partie fournisseur de contenu sur le site Internet de PRESTOLAM, leurs entreprises associ\u00e9es, membres de la direction, employ\u00e9s, repr\u00e9sentants ou agents ne peuvent d&rsquo;aucune fa\u00e7on \u00eatre tenus responsable d&rsquo;un dommage quelconque associ\u00e9 directement ou indirectement \u00e0 l&rsquo;utilisation du site Internet de PRESTOLAM, en particulier, la perte de donn\u00e9es ou de b\u00e9n\u00e9fices d\u00e9coulant de l&rsquo;utilisation des \u00e9l\u00e9ments sur lesdits sites, erreurs ou omissions contenues dans les \u00e9l\u00e9ments ou l&rsquo;incapacit\u00e9 d&rsquo;utiliser de tels \u00e9l\u00e9ments.\r\n\r\n<\/div>\r\n\r\n[\/et_pb_text][\/et_pb_column][\/et_pb_row][\/et_pb_section]\n","protected":false},"excerpt":{"rendered":"<p><div class=\"et_pb_row et_pb_row_0 et_pb_row_empty\">\n\t\t\t\t\n\t\t\t\t\n\t\t\t\t\n\t\t\t\t\n\t\t\t\t\n\t\t\t<\/div> MODALIT\u00c9S D&rsquo;EMPLOI DU SITE INTERNET DE PRESTOLAM VEUILLEZ LIRE ATTENTIVEMENT LES MODALIT\u00c9S SUIVANTES AVANT D&rsquo;UTILISER LE SITE INTERNET DE PRESTOLAM. POUR L\u2019OBJET DES PR\u00c9SENTES, TOUTE R\u00c9F\u00c9RENCE AU SITE INTERNET DE PRESTOLAM D\u00c9SIGNE \u00c0 LA FOIS LE SITE-M\u00c8RE PRESTOLAM ET LES SOUS-SITES AFFILI\u00c9ES. 1. ACCEPTATION DES MODALIT\u00c9S D&rsquo;EMPLOI 1.1. En utilisant le site Internet de [&hellip;]<\/p>\n","protected":false},"author":1,"featured_media":0,"parent":0,"menu_order":0,"comment_status":"closed","ping_status":"closed","template":"","meta":{"_acf_changed":false,"_et_pb_use_builder":"on","_et_pb_old_content":"<div class=\"title\"><h2>Conditions d'utilisation<\/h2><\/div><div class=\"content text\"><p>MODALIT\u00c9S D'EMPLOI DU SITE INTERNET DE PRESTOLAM<\/p><p>VEUILLEZ LIRE ATTENTIVEMENT LES MODALIT\u00c9S SUIVANTES AVANT D'UTILISER LE SITE INTERNET DE PRESTOLAM.<br \/> POUR L\u2019OBJET DES PR\u00c9SENTES, TOUTE R\u00c9F\u00c9RENCE AU SITE INTERNET DE PRESTOLAM D\u00c9SIGNE \u00c0 LA FOIS LE SITE-M\u00c8RE PRESTOLAM ET LES SOUS-SITES AFFILI\u00c9ES.<\/p><p>1. ACCEPTATION DES MODALIT\u00c9S D'EMPLOI<br \/> 1.1. En utilisant le site Internet de PRESTOLAM vous convenez avoir lu et compris les pr\u00e9sentes conditions d'utilisation et, par cons\u00e9quent, que vous acceptez de vous y conformer ainsi qu'\u00e0 toute modification qui pourrait y \u00eatre apport\u00e9e. Les pr\u00e9sentes modalit\u00e9s d'utilisation repr\u00e9sentent une entente entre vous et PRESTOLAM.<\/p><p>1.2. Les pr\u00e9sentes modalit\u00e9s peuvent \u00eatre sujettes \u00e0 des changements, ajouts ou suppressions en tout temps. Tout changement sera affich\u00e9 sur cette page. De plus, si nous faisons des changements importants aux modalit\u00e9s d'utilisation pr\u00e9sentes, ils seront affich\u00e9s au moins trente (30) jours avant la date de leur entr\u00e9e en vigueur et les utilisateurs qui nous ont envoy\u00e9 leur adresse de courriel seront avis\u00e9s de tels changements directement par courriel. Veuillez lire ces modalit\u00e9s d'utilisation r\u00e9guli\u00e8rement au cas o\u00f9 des changements y auraient \u00e9t\u00e9 apport\u00e9s.<\/p><p>1.3. Si vous n'acceptez pas d'\u00eatre li\u00e9 par les pr\u00e9sentes modalit\u00e9s d'utilisation, vous ne devriez pas utiliser le site Internet de PRESTOLAM.<\/p><p>2. BUREAUX<br \/> 2.1. PRESTOLAM exploite son site Internet depuis ses bureaux situ\u00e9s dans la province de Qu\u00e9bec, au Canada. PRESTOLAM ne pr\u00e9tend pas que tous les \u00e9l\u00e9ments de son site Internet ne sont pas utilis\u00e9s dans d'autres endroits. Les personnes qui visitent le site Internet de PRESTOLAM le font de leur propre initiative et ont la responsabilit\u00e9 de respecter toutes les lois applicables en la mati\u00e8re.<\/p><p>2.2. En utilisant le site Internet de PRESTOLAM, vous convenez et acceptez que les pr\u00e9sentes modalit\u00e9s d'utilisation sont r\u00e9gies par les lois applicables de la province du Qu\u00e9bec et que tout litige r\u00e9sultant, ou associ\u00e9 \u00e0, l'utilisation du site et des services Internet de PRESTOLAM sera sujet aux lois des tribunaux de la r\u00e9gion de PRESTOLAM, province de Qu\u00e9bec.<\/p><p>3. CHANGEMENTS AU SITE INTERNET<br \/> 3.1. PRESTOLAM peut modifier, annuler ou supprimer n'importe quel \u00e9l\u00e9ment pr\u00e9sent\u00e9 sur son site Internet, en tout temps, y compris la disponibilit\u00e9 de n'importe quelle fonction, base de donn\u00e9es ou contenu. PRESTOLAM peut \u00e9galement imposer des limites sur certains \u00e9l\u00e9ments ou restreindre l'acc\u00e8s \u00e0 certaines sections de son site Internet sans pr\u00e9avis et sans engager sa responsabilit\u00e9.<\/p><p>4. USAGE PERSONNEL<br \/> 4.1. Tous les \u00e9l\u00e9ments que contient le site Internet de PRESTOLAM sont pr\u00e9sent\u00e9s pour votre usage personnel \u00e0 des fins non commerciales. Il est interdit d'utiliser les \u00e9l\u00e9ments du site Internet de PRESTOLAM \u00e0 des fins commerciales ou publicitaires sans la permission \u00e9crite de PRESTOLAM.<\/p><p>5. LIENS<br \/> 5.1. Le site de PRESTOLAM peut contenir des liens hypertextes vers des sites Internet g\u00e9r\u00e9s par des tiers. En activant l'un de ces liens, il est possible que vous deviez quitter le site de PRESTOLAM. PRESTOLAM n'a aucun contr\u00f4le sur les sites Internet qui sont la propri\u00e9t\u00e9 de tierces parties. Ces sites sont enti\u00e8rement exploit\u00e9s par des tierces parties et PRESTOLAM ne peut garantir d'aucune fa\u00e7on la qualit\u00e9 ou le contenu g\u00e9n\u00e9ral de ces sites ni la qualit\u00e9 des produits qui y sont offerts ni la s\u00e9curit\u00e9 des transactions que vous pourriez effectuer sur les sites en question. Le fait que les sites de ces tierces parties soient pr\u00e9sent\u00e9s sur le site Internet de PRESTOLAM ne doit en aucun cas \u00eatre interpr\u00e9t\u00e9 comme \u00e9tant une validation de la part de PRESTOLAM et n'engage d'aucune fa\u00e7on sa responsabilit\u00e9. PRESTOLAM ne peut pas \u00eatre tenu responsable des dommages qui pourraient survenir suite \u00e0 l'utilisation de ces sites. Toute plainte au sujet des sites de tierces parties doit \u00eatre adress\u00e9e aux administrateurs de ces sites.<\/p><p>6. PROPRI\u00c9T\u00c9 INTELLECTUELLE<br \/> 6.1. Les marques de commerce et logos employ\u00e9s ou affich\u00e9s sur le site Internet de PRESTOLAM sont des marques de commerce et des logos enregistr\u00e9s ou non par PRESTOLAM ou des tierces parties. Rien sur le site Internet de PRESTOLAM ne peut \u00eatre interpr\u00e9t\u00e9 de sorte \u00e0 permettre, directement ou indirectement, l'emploi de telles marques de commerce ou logos sans la permission pr\u00e9alable et \u00e9crite de leur propri\u00e9taire. Sans restreindre la port\u00e9e g\u00e9n\u00e9rale de ce qui pr\u00e9c\u00e8de, il est interdit de reproduire les marques de commerce et les logos qui sont affich\u00e9s sur le site Internet de PRESTOLAM \u00e0 des fins commerciales ou publicitaires ou pour accro\u00eetre le nombre de visites sur votre site sans la permission pr\u00e9alable et \u00e9crite de leur propri\u00e9taire.<\/p><p>6.2. Tous les \u00e9l\u00e9ments du site Internet de PRESTOLAM (notamment, et sans restriction, les textes, articles, photographies, images, illustrations, extraits audio et vid\u00e9o ou logiciels) sont prot\u00e9g\u00e9s par les droits de propri\u00e9t\u00e9 et appartiennent \u00e0 PRESTOLAM ou \u00e0 des tierces parties agissant \u00e0 titre de fournisseurs de contenu. \u00c0 l'exception de certaines exceptions clairement identifi\u00e9es, aucun \u00e9l\u00e9ment du site Internet de PRESTOLAM ne peut \u00eatre interpr\u00e9t\u00e9 comme vous donnant le moindre droit en ce qui concerne la propri\u00e9t\u00e9 intellectuelle de PRESTOLAM ou d'une tierce partie agissant \u00e0 titre de fournisseur de contenu.<\/p><p>6.3. Sous r\u00e9serve de la pr\u00e9sente section 6.4, vous ne pouvez pas copier, reproduire, modifier, publier, distribuer ou participer au transfert ou \u00e0 la vente, ou cr\u00e9er des produits d\u00e9riv\u00e9s, traduire, t\u00e9l\u00e9charger, octroyer sous licence, ou exploiter par tout autre moyen le moindre \u00e9l\u00e9ment qui est pr\u00e9sent\u00e9 sur le site Internet de PRESTOLAM (y compris tous les logiciels) en tout ou en partie.<\/p><p>6.4. Vous pouvez t\u00e9l\u00e9charger ou copier uniquement pour votre usage personnel et \u00e0 des fins non commerciales les \u00e9l\u00e9ments du site Internet de PRESTOLAM pourvu que vous ayez effectu\u00e9 une transaction avec PRESTOLAM dans le but d'obtenir les \u00e9l\u00e9ments pr\u00e9cis\u00e9s, ou pourvu que vous conserviez tous les avis de propri\u00e9t\u00e9 intellectuelle qu'ils contiennent. La copie ou la m\u00e9morisation de tout \u00e9l\u00e9ment \u00e0 des fins autres que personnelles est enti\u00e8rement interdite sans la permission pr\u00e9alable et \u00e9crite de PRESTOLAM ou du d\u00e9tenteur des droits de propri\u00e9t\u00e9 identifi\u00e9 dans l'avis de propri\u00e9t\u00e9 intellectuelle.<\/p><p>7. ENGAGEMENTS ET GARANTIES<br \/> 7.1. Vous vous engagez par les pr\u00e9sentes \u00e0 indemniser, d\u00e9fendre et d\u00e9gager PRESTOLAM, ses directeurs, membres de la direction, cadres sup\u00e9rieurs, actionnaires, employ\u00e9s entreprises affili\u00e9es, repr\u00e9sentants et fournisseurs de contenu (appel\u00e9s collectivement \"PRESTOLAM\") de toute responsabilit\u00e9 \u00e0 l'\u00e9gard de toute r\u00e9clamation mon\u00e9taire de capital, int\u00e9r\u00eat, frais juridiques et extrajudiciaires et tout autre dommages, y compris et sans limiter, tous les frais juridiques raisonnables encourus par PRESTOLAM en relation \u00e0 une r\u00e9clamation, action, poursuite ou sursis (\"R\u00e9clamation\") quelconque qui d\u00e9coulerait de l'inobservation de votre part des pr\u00e9sentes Modalit\u00e9s d'utilisation. PRESTOLAM se r\u00e9serve le droit de participer \u00e0 la d\u00e9fense d'une telle R\u00e9clamation et d'\u00eatre repr\u00e9sent\u00e9 par un avocat de son choix.<\/p><p>8. LIMITATION DE LA RESPONSABILIT\u00c9<br \/> 8.1. Le site Internet de PRESTOLAM et les \u00e9l\u00e9ments qu'il contient vous sont pr\u00e9sent\u00e9s \"tels quels\" et sans frais de la part de PRESTOLAM, sans aucune garantie qui soit, que ce soit express\u00e9ment ou implicitement, y compris, et sans limiter, les garanties de titre ou garanties implicites de qualit\u00e9 marchande ou d'aptitude \u00e0 une fin, utilisation, disponibilit\u00e9, validit\u00e9, exactitude, fiabilit\u00e9 particuli\u00e8re, \u00e0 l'\u00e9gard des \u00e9l\u00e9ments reproduits sur lesdits sites ou quant aux r\u00e9sultats qui d\u00e9couleraient de l'emploi de tels \u00e9l\u00e9ments. Sans restreindre la port\u00e9e g\u00e9n\u00e9rale de ce qui pr\u00e9c\u00e8de, PRESTOLAM ne prend aucun engagement concernant la nature exhaustive des r\u00e9sultats de vos recherches men\u00e9es sur son site Internet. Vous reconnaissez par les pr\u00e9sentes et convenez que votre utilisation du site Internet de PRESTOLAM se fait \u00e0 vos risques et p\u00e9rils.<\/p><p>8.2. PRESTOLAM ne prend aucun engagement concernant l'exactitude ou la fiabilit\u00e9, ni n'appuie, une opinion, d\u00e9claration ou autre information quelconque publi\u00e9e ou distribu\u00e9e sur son site Internet par un utilisateur, fournisseur de contenu ou autre personne quelconque.<\/p><p>8.3. PRESTOLAM se d\u00e9gage de toute responsabilit\u00e9 \u00e0 l'\u00e9gard de toute erreur qui pourrait se trouver sur son site Internet. Par cons\u00e9quent, PRESTOLAM et toute autre partie fournisseur de contenu sur le site Internet de PRESTOLAM, leurs entreprises associ\u00e9es, membres de la direction, employ\u00e9s, repr\u00e9sentants ou agents ne peuvent d'aucune fa\u00e7on \u00eatre tenus responsable d'un dommage quelconque associ\u00e9 directement ou indirectement \u00e0 l'utilisation du site Internet de PRESTOLAM, en particulier, la perte de donn\u00e9es ou de b\u00e9n\u00e9fices d\u00e9coulant de l'utilisation des \u00e9l\u00e9ments sur lesdits sites, erreurs ou omissions contenues dans les \u00e9l\u00e9ments ou l'incapacit\u00e9 d'utiliser de tels \u00e9l\u00e9ments.<\/p><\/div>","_et_gb_content_width":"","_monsterinsights_skip_tracking":false,"_monsterinsights_sitenote_active":false,"_monsterinsights_sitenote_note":"","_monsterinsights_sitenote_category":0,"footnotes":""},"class_list":["post-379","page","type-page","status-publish","hentry"],"acf":[],"aioseo_notices":[],"_links":{"self":[{"href":"https:\/\/prestolam.com\/fr\/wp-json\/wp\/v2\/pages\/379","targetHints":{"allow":["GET"]}}],"collection":[{"href":"https:\/\/prestolam.com\/fr\/wp-json\/wp\/v2\/pages"}],"about":[{"href":"https:\/\/prestolam.com\/fr\/wp-json\/wp\/v2\/types\/page"}],"author":[{"embeddable":true,"href":"https:\/\/prestolam.com\/fr\/wp-json\/wp\/v2\/users\/1"}],"replies":[{"embeddable":true,"href":"https:\/\/prestolam.com\/fr\/wp-json\/wp\/v2\/comments?post=379"}],"version-history":[{"count":7,"href":"https:\/\/prestolam.com\/fr\/wp-json\/wp\/v2\/pages\/379\/revisions"}],"predecessor-version":[{"id":6115,"href":"https:\/\/prestolam.com\/fr\/wp-json\/wp\/v2\/pages\/379\/revisions\/6115"}],"wp:attachment":[{"href":"https:\/\/prestolam.com\/fr\/wp-json\/wp\/v2\/media?parent=379"}],"curies":[{"name":"wp","href":"https:\/\/api.w.org\/{rel}","templated":true}]}}