{"id":3832,"date":"2019-03-07T16:08:28","date_gmt":"2019-03-07T16:08:28","guid":{"rendered":"https:\/\/jfldev.com\/prestolam\/?page_id=3832"},"modified":"2021-06-22T20:55:00","modified_gmt":"2021-06-22T20:55:00","slug":"produits-portal","status":"publish","type":"page","link":"https:\/\/prestolam.com\/fr\/produits-portal\/","title":{"rendered":"Produits portail"},"content":{"rendered":"\n[et_pb_section fb_built=\u00a0\u00bb1&Prime; module_id=\u00a0\u00bbproducts_portal\u00a0\u00bb module_class=\u00a0\u00bbbackground_gris_full\u00a0\u00bb _builder_version=\u00a0\u00bb3.22.3&Prime; fb_built=\u00a0\u00bb1&Prime; _i=\u00a0\u00bb0&Prime; _address=\u00a0\u00bb0&Prime;][et_pb_row _builder_version=\u00a0\u00bb3.25&Prime; _i=\u00a0\u00bb0&Prime; _address=\u00a0\u00bb0.0&Prime;][et_pb_column type=\u00a0\u00bb4_4&Prime; _builder_version=\u00a0\u00bb3.25&Prime; custom_padding=\u00a0\u00bb|||\u00a0\u00bb _i=\u00a0\u00bb0&Prime; _address=\u00a0\u00bb0.0.0&Prime; custom_padding__hover=\u00a0\u00bb|||\u00a0\u00bb][et_pb_text _builder_version=\u00a0\u00bb3.27.4&Prime; _i=\u00a0\u00bb0&Prime; _address=\u00a0\u00bb0.0.0.0&Prime;]<h2><strong>Mettez-en plein la vue!<\/strong><\/h2>\n<h4><strong>Inspirez et s\u00e9duisez vos clients avec nos portes d\u2019armoires, nos comptoirs et nos solutions sur mesure.<\/strong><\/h4>\n<p>L\u2019ing\u00e9niosit\u00e9, elle se trouve sous toutes les formes, toutes les tailles et toutes les couleurs. C\u2019est pourquoi chez Prestolam, nous repoussons constamment les limites pour fabriquer des portes et des comptoirs au-del\u00e0 de vos attentes et de celles de vos clients. Et ce, dans une grande vari\u00e9t\u00e9 de styles \u2014 du classique au plus contemporain.<\/p>[\/et_pb_text][\/et_pb_column][\/et_pb_row][et_pb_row column_structure=\u00a0\u00bb1_3,1_3,1_3&Prime; module_id=\u00a0\u00bbbloc_images_separation_produits\u00a0\u00bb _builder_version=\u00a0\u00bb3.25&Prime; _i=\u00a0\u00bb1&Prime; _address=\u00a0\u00bb0.1&Prime;][et_pb_column type=\u00a0\u00bb1_3&Prime; _builder_version=\u00a0\u00bb3.25&Prime; custom_padding=\u00a0\u00bb|||\u00a0\u00bb _i=\u00a0\u00bb0&Prime; _address=\u00a0\u00bb0.1.0&Prime; custom_padding__hover=\u00a0\u00bb|||\u00a0\u00bb][et_pb_image src=\u00a0\u00bbhttps:\/\/prestolam.com\/wp-content\/uploads\/doors_pageproduits_fr.jpg\u00a0\u00bb url=\u00a0\u00bbhttps:\/\/www.prestolam.com\/fr\/portes\/\u00a0\u00bb align_tablet=\u00a0\u00bbcenter\u00a0\u00bb align_last_edited=\u00a0\u00bbon|desktop\u00a0\u00bb _builder_version=\u00a0\u00bb3.29.3&Prime; hover_enabled=\u00a0\u00bb0&Prime; _i=\u00a0\u00bb0&Prime; _address=\u00a0\u00bb0.1.0.0&Prime;][\/et_pb_image][et_pb_text _builder_version=\u00a0\u00bb3.27.4&Prime; _i=\u00a0\u00bb1&Prime; _address=\u00a0\u00bb0.1.0.1&Prime;]<h4>PORTES<\/h4>\n<p>Entrez dans un monde de possibilit\u00e9s et d\u00e9couvrez des portes en polyester, en m\u00e9lamine et en stratifi\u00e9, qui sont aussi belles que fonctionnelles.<\/p>[\/et_pb_text][\/et_pb_column][et_pb_column type=\u00a0\u00bb1_3&Prime; _builder_version=\u00a0\u00bb3.25&Prime; custom_padding=\u00a0\u00bb|||\u00a0\u00bb _i=\u00a0\u00bb1&Prime; _address=\u00a0\u00bb0.1.1&Prime; custom_padding__hover=\u00a0\u00bb|||\u00a0\u00bb][et_pb_image src=\u00a0\u00bbhttps:\/\/prestolam.com\/wp-content\/uploads\/countertops_pageproduits_fr.jpg\u00a0\u00bb url=\u00a0\u00bbhttps:\/\/www.prestolam.com\/fr\/comptoirs\/\u00a0\u00bb align_tablet=\u00a0\u00bbcenter\u00a0\u00bb align_last_edited=\u00a0\u00bbon|desktop\u00a0\u00bb _builder_version=\u00a0\u00bb3.29.3&Prime; hover_enabled=\u00a0\u00bb0&Prime; _i=\u00a0\u00bb0&Prime; _address=\u00a0\u00bb0.1.1.0&Prime;][\/et_pb_image][et_pb_text _builder_version=\u00a0\u00bb3.27.4&Prime; _i=\u00a0\u00bb1&Prime; _address=\u00a0\u00bb0.1.1.1&Prime;]<h4>COMPTOIRS<\/h4>\n<p>Les d\u00e9tails font toute la diff\u00e9rence. Comblez vos sens avec des comptoirs en stratifi\u00e9 sans aucune imperfection, \u00e0 la vue et au toucher, qui feront fureur \u2014 et susciteront l\u2019envie.<\/p>[\/et_pb_text][\/et_pb_column][et_pb_column type=\u00a0\u00bb1_3&Prime; _builder_version=\u00a0\u00bb3.25&Prime; custom_padding=\u00a0\u00bb|||\u00a0\u00bb _i=\u00a0\u00bb2&Prime; _address=\u00a0\u00bb0.1.2&Prime; custom_padding__hover=\u00a0\u00bb|||\u00a0\u00bb][et_pb_image src=\u00a0\u00bbhttps:\/\/prestolam.com\/wp-content\/uploads\/customized_pageproduits_fr.jpg\u00a0\u00bb url=\u00a0\u00bbhttps:\/\/www.prestolam.com\/fr\/produits-2\/sur-mesure\/\u00a0\u00bb align_tablet=\u00a0\u00bbcenter\u00a0\u00bb align_last_edited=\u00a0\u00bbon|desktop\u00a0\u00bb _builder_version=\u00a0\u00bb3.29.3&Prime; hover_enabled=\u00a0\u00bb0&Prime; _i=\u00a0\u00bb0&Prime; _address=\u00a0\u00bb0.1.2.0&Prime;][\/et_pb_image][et_pb_text _builder_version=\u00a0\u00bb3.27.4&Prime; _i=\u00a0\u00bb1&Prime; _address=\u00a0\u00bb0.1.2.1&Prime;]<h4>SOLUTIONS SUR MESURE<\/h4>\n<p>Vive et audacieuse ou subtile et discr\u00e8te : peu importe la nature de vos projets, nous avons les solutions sur mesure qui pourront mettre la personnalit\u00e9 de vos clients en valeur. <\/p>\n<p>Vous voulez travailler avec les produits Prestolam?  Trouver le distributeur le plus pr\u00e8s.<\/p>[\/et_pb_text][\/et_pb_column][\/et_pb_row][\/et_pb_section][et_pb_section fb_built=\u00a0\u00bb1&Prime; fullwidth=\u00a0\u00bbon\u00a0\u00bb module_id=\u00a0\u00bbslider_inspiration\u00a0\u00bb _builder_version=\u00a0\u00bb3.22.3&Prime; fb_built=\u00a0\u00bb1&Prime; _i=\u00a0\u00bb1&Prime; _address=\u00a0\u00bb1&Prime;][et_pb_fullwidth_slider show_arrows=\u00a0\u00bboff\u00a0\u00bb show_pagination=\u00a0\u00bboff\u00a0\u00bb show_content_on_mobile=\u00a0\u00bboff\u00a0\u00bb _builder_version=\u00a0\u00bb3.29.3&Prime; body_font=\u00a0\u00bb||||||||\u00a0\u00bb animation_style=\u00a0\u00bbslide\u00a0\u00bb auto=\u00a0\u00bbon\u00a0\u00bb auto_ignore_hover=\u00a0\u00bbon\u00a0\u00bb hover_enabled=\u00a0\u00bb0&Prime; background_last_edited=\u00a0\u00bboff|desktop\u00a0\u00bb _i=\u00a0\u00bb0&Prime; _address=\u00a0\u00bb1.0&Prime;][et_pb_slide _builder_version=\u00a0\u00bb3.29.3&Prime; background_image=\u00a0\u00bbhttps:\/\/prestolam.com\/wp-content\/uploads\/inspiration_slide2.jpg\u00a0\u00bb hover_enabled=\u00a0\u00bb0&Prime; _i=\u00a0\u00bb0&Prime; _address=\u00a0\u00bb1.0.0&Prime; background_enable_image=\u00a0\u00bbon\u00a0\u00bb][\/et_pb_slide][et_pb_slide _builder_version=\u00a0\u00bb3.29.3&Prime; background_image=\u00a0\u00bbhttps:\/\/prestolam.com\/wp-content\/uploads\/inspiration_slide4.jpg\u00a0\u00bb hover_enabled=\u00a0\u00bb0&Prime; _i=\u00a0\u00bb1&Prime; _address=\u00a0\u00bb1.0.1&Prime; background_enable_image=\u00a0\u00bbon\u00a0\u00bb][\/et_pb_slide][et_pb_slide _builder_version=\u00a0\u00bb3.29.3&Prime; background_image=\u00a0\u00bbhttps:\/\/prestolam.com\/wp-content\/uploads\/inspiration_slide5.jpg\u00a0\u00bb hover_enabled=\u00a0\u00bb0&Prime; _i=\u00a0\u00bb2&Prime; _address=\u00a0\u00bb1.0.2&Prime; background_enable_image=\u00a0\u00bbon\u00a0\u00bb][\/et_pb_slide][et_pb_slide _builder_version=\u00a0\u00bb3.29.3&Prime; background_image=\u00a0\u00bbhttps:\/\/prestolam.com\/wp-content\/uploads\/inspiration_slide6.jpg\u00a0\u00bb hover_enabled=\u00a0\u00bb0&Prime; _i=\u00a0\u00bb3&Prime; _address=\u00a0\u00bb1.0.3&Prime; background_enable_image=\u00a0\u00bbon\u00a0\u00bb][\/et_pb_slide][et_pb_slide _builder_version=\u00a0\u00bb3.29.3&Prime; background_image=\u00a0\u00bbhttps:\/\/prestolam.com\/wp-content\/uploads\/inspiration_slide7.jpg\u00a0\u00bb hover_enabled=\u00a0\u00bb0&Prime; _i=\u00a0\u00bb4&Prime; _address=\u00a0\u00bb1.0.4&Prime; background_enable_image=\u00a0\u00bbon\u00a0\u00bb][\/et_pb_slide][et_pb_slide _builder_version=\u00a0\u00bb3.29.3&Prime; background_image=\u00a0\u00bbhttps:\/\/prestolam.com\/wp-content\/uploads\/inspiration_slide8.jpg\u00a0\u00bb hover_enabled=\u00a0\u00bb0&Prime; _i=\u00a0\u00bb5&Prime; _address=\u00a0\u00bb1.0.5&Prime; background_enable_image=\u00a0\u00bbon\u00a0\u00bb][\/et_pb_slide][et_pb_slide _builder_version=\u00a0\u00bb3.29.3&Prime; background_image=\u00a0\u00bbhttps:\/\/prestolam.com\/wp-content\/uploads\/inspiration_slide10.jpg\u00a0\u00bb hover_enabled=\u00a0\u00bb0&Prime; _i=\u00a0\u00bb6&Prime; _address=\u00a0\u00bb1.0.6&Prime; background_enable_image=\u00a0\u00bbon\u00a0\u00bb][\/et_pb_slide][et_pb_slide _builder_version=\u00a0\u00bb3.29.3&Prime; background_image=\u00a0\u00bbhttps:\/\/prestolam.com\/wp-content\/uploads\/inspiration_slide11.jpg\u00a0\u00bb hover_enabled=\u00a0\u00bb0&Prime; _i=\u00a0\u00bb7&Prime; _address=\u00a0\u00bb1.0.7&Prime; background_enable_image=\u00a0\u00bbon\u00a0\u00bb][\/et_pb_slide][et_pb_slide _builder_version=\u00a0\u00bb3.29.3&Prime; background_image=\u00a0\u00bbhttps:\/\/prestolam.com\/wp-content\/uploads\/inspiration_slide12.jpg\u00a0\u00bb hover_enabled=\u00a0\u00bb0&Prime; _i=\u00a0\u00bb8&Prime; _address=\u00a0\u00bb1.0.8&Prime; background_enable_image=\u00a0\u00bbon\u00a0\u00bb][\/et_pb_slide][et_pb_slide _builder_version=\u00a0\u00bb3.29.3&Prime; background_image=\u00a0\u00bbhttps:\/\/prestolam.com\/wp-content\/uploads\/inspiration_slide13.jpg\u00a0\u00bb hover_enabled=\u00a0\u00bb0&Prime; _i=\u00a0\u00bb9&Prime; _address=\u00a0\u00bb1.0.9&Prime; background_enable_image=\u00a0\u00bbon\u00a0\u00bb][\/et_pb_slide][et_pb_slide _builder_version=\u00a0\u00bb3.29.3&Prime; background_image=\u00a0\u00bbhttps:\/\/prestolam.com\/wp-content\/uploads\/inspiration_slide14.jpg\u00a0\u00bb hover_enabled=\u00a0\u00bb0&Prime; _i=\u00a0\u00bb10&Prime; _address=\u00a0\u00bb1.0.10&Prime; background_enable_image=\u00a0\u00bbon\u00a0\u00bb][\/et_pb_slide][et_pb_slide _builder_version=\u00a0\u00bb3.29.3&Prime; background_image=\u00a0\u00bbhttps:\/\/prestolam.com\/wp-content\/uploads\/inspiration_slide15.jpg\u00a0\u00bb hover_enabled=\u00a0\u00bb0&Prime; _i=\u00a0\u00bb11&Prime; _address=\u00a0\u00bb1.0.11&Prime; background_enable_image=\u00a0\u00bbon\u00a0\u00bb][\/et_pb_slide][\/et_pb_fullwidth_slider][\/et_pb_section][et_pb_section fb_built=\u00a0\u00bb1&Prime; fullwidth=\u00a0\u00bbon\u00a0\u00bb module_id=\u00a0\u00bbdealer_accueil\u00a0\u00bb _builder_version=\u00a0\u00bb3.22.3&Prime; fb_built=\u00a0\u00bb1&Prime; _i=\u00a0\u00bb2&Prime; _address=\u00a0\u00bb2&Prime;][et_pb_fullwidth_code _builder_version=\u00a0\u00bb3.19.18&Prime; _i=\u00a0\u00bb0&Prime; _address=\u00a0\u00bb2.0&Prime;]<h2><!-- [et_pb_line_break_holder] -->  Trouver un distributeur<!-- [et_pb_line_break_holder] --><\/h2><!-- [et_pb_line_break_holder] --><h4><!-- [et_pb_line_break_holder] -->  S\u2019il n\u2019y a pas de distributeur pr\u00e8s de vous, appelez-nous au <span style=\"display:block; color:#C9353F; font-weight:800; font-size:22px;\">1 800 463-8829<\/span> <!-- [et_pb_line_break_holder] --><\/h4><!-- [et_pb_line_break_holder] --><style>\r\n\t#wpsl-stores .wpsl-store-thumb {height:45px !important; width:45px !important;}\r\n\t#wpsl-stores, #wpsl-direction-details, #wpsl-gmap {height:500px !important;}\r\n\t#wpsl-gmap .wpsl-info-window {max-width:350px !important;}\r\n\t.wpsl-input label, #wpsl-radius label, #wpsl-category label {width:95px;}\r\n\t#wpsl-search-input ,#wpsl-category .wpsl-dropdown {width:179px;}\r\n<\/style>\r\n<div id=\"wpsl-wrap\">\r\n\t<div class=\"wpsl-search wpsl-clearfix wpsl-filter\">\r\n\t\t<div id=\"wpsl-search-wrap\">\r\n\t\t\t<form autocomplete=\"off\">\r\n\t\t\t<div class=\"wpsl-input\">\r\n\t\t\t\t<div><label for=\"wpsl-search-input\">Votre emplacement<\/label><\/div>\r\n\t\t\t\t<input id=\"wpsl-search-input\" type=\"text\" value=\"\" name=\"wpsl-search-input\" placeholder=\"\" aria-required=\"true\" \/>\r\n\t\t\t<\/div>\r\n\t\t\t<div class=\"wpsl-select-wrap\">\r\n\t\t\t\t<div id=\"wpsl-radius\">\r\n\t\t\t\t\t<label for=\"wpsl-radius-dropdown\">P\u00e9rim\u00e8tre de recherche<\/label>\r\n\t\t\t\t\t<select id=\"wpsl-radius-dropdown\" class=\"wpsl-dropdown\" name=\"wpsl-radius\">\r\n\t\t\t\t\t\t<option value=\"10\">10 km<\/option><option value=\"25\">25 km<\/option><option value=\"50\">50 km<\/option><option value=\"100\">100 km<\/option><option value=\"200\">200 km<\/option><option selected=\"selected\" value=\"300\">300 km<\/option><option value=\"500\">500 km<\/option>\r\n\t\t\t\t\t<\/select>\r\n\t\t\t\t<\/div>\r\n\t\t\t\t<div id=\"wpsl-results\">\r\n\t\t\t\t\t<label for=\"wpsl-results-dropdown\">R\u00e9sultats<\/label>\r\n\t\t\t\t\t<select id=\"wpsl-results-dropdown\" class=\"wpsl-dropdown\" name=\"wpsl-results\">\r\n\t\t\t\t\t\t<option value=\"25\">25<\/option><option value=\"50\">50<\/option><option value=\"75\">75<\/option><option value=\"100\">100<\/option><option selected=\"selected\" value=\"125\">125<\/option>\r\n\t\t\t\t\t<\/select>\r\n\t\t\t\t<\/div>\r\n\t\t\t<\/div>\r\n<div id=\"wpsl-category\">\r\n<label for=\"wpsl-category-list\">Cat\u00e9gorie<\/label>\r\n<select  name='wpsl-category' id='wpsl-category-list' class='wpsl-dropdown'>\n\t<option value='0'>Tout<\/option>\n\t<option class=\"level-0\" value=\"487\">COMPTOIR ET PORTE<\/option>\n\t<option class=\"level-0\" value=\"489\">COMPTOIR SEULEMENT<\/option>\n\t<option class=\"level-0\" value=\"484\">Countertops only<\/option>\n\t<option class=\"level-0\" value=\"486\">Doors and Countertops<\/option>\n\t<option class=\"level-0\" value=\"485\">Doors only<\/option>\n\t<option class=\"level-0\" value=\"488\">PORTE SEULEMENT<\/option>\n<\/select>\n<\/div>\r\n\t\t\t\t<div class=\"wpsl-search-btn-wrap\"><input id=\"wpsl-search-btn\" type=\"submit\" value=\"Rechercher\"><\/div>\r\n\t\t<\/form>\r\n\t\t<\/div>\r\n\t<\/div>\r\n\t<div id=\"wpsl-gmap\" class=\"wpsl-gmap-canvas\"><\/div>\r\n\t<div id=\"wpsl-result-list\">\r\n\t\t<div id=\"wpsl-stores\" >\r\n\t\t\t<ul><\/ul>\r\n\t\t<\/div>\r\n\t\t<div id=\"wpsl-direction-details\">\r\n\t\t\t<ul><\/ul>\r\n\t\t<\/div>\r\n\t<\/div>\r\n<\/div>\r\n[\/et_pb_fullwidth_code][\/et_pb_section]\n","protected":false},"excerpt":{"rendered":"<p>Mettez-en plein la vue! Inspirez et s\u00e9duisez vos clients avec nos portes d\u2019armoires, nos comptoirs et nos solutions sur mesure. L\u2019ing\u00e9niosit\u00e9, elle se trouve sous toutes les formes, toutes les tailles et toutes les couleurs. C\u2019est pourquoi chez Prestolam, nous repoussons constamment les limites pour fabriquer des portes et des comptoirs au-del\u00e0 de vos attentes [&hellip;]<\/p>\n","protected":false},"author":1,"featured_media":0,"parent":0,"menu_order":0,"comment_status":"closed","ping_status":"closed","template":"","meta":{"_acf_changed":false,"_et_pb_use_builder":"on","_et_pb_old_content":"","_et_gb_content_width":"","_monsterinsights_skip_tracking":false,"_monsterinsights_sitenote_active":false,"_monsterinsights_sitenote_note":"","_monsterinsights_sitenote_category":0,"footnotes":""},"class_list":["post-3832","page","type-page","status-publish","hentry"],"acf":[],"aioseo_notices":[],"_links":{"self":[{"href":"https:\/\/prestolam.com\/fr\/wp-json\/wp\/v2\/pages\/3832","targetHints":{"allow":["GET"]}}],"collection":[{"href":"https:\/\/prestolam.com\/fr\/wp-json\/wp\/v2\/pages"}],"about":[{"href":"https:\/\/prestolam.com\/fr\/wp-json\/wp\/v2\/types\/page"}],"author":[{"embeddable":true,"href":"https:\/\/prestolam.com\/fr\/wp-json\/wp\/v2\/users\/1"}],"replies":[{"embeddable":true,"href":"https:\/\/prestolam.com\/fr\/wp-json\/wp\/v2\/comments?post=3832"}],"version-history":[{"count":22,"href":"https:\/\/prestolam.com\/fr\/wp-json\/wp\/v2\/pages\/3832\/revisions"}],"predecessor-version":[{"id":6092,"href":"https:\/\/prestolam.com\/fr\/wp-json\/wp\/v2\/pages\/3832\/revisions\/6092"}],"wp:attachment":[{"href":"https:\/\/prestolam.com\/fr\/wp-json\/wp\/v2\/media?parent=3832"}],"curies":[{"name":"wp","href":"https:\/\/api.w.org\/{rel}","templated":true}]}}