{"id":384,"date":"2017-10-10T21:32:08","date_gmt":"2017-10-10T21:32:08","guid":{"rendered":"https:\/\/www.prestolam.com\/?page_id=384"},"modified":"2023-09-14T15:29:28","modified_gmt":"2023-09-14T15:29:28","slug":"politique-de-confidentialite","status":"publish","type":"page","link":"https:\/\/prestolam.com\/fr\/politique-de-confidentialite\/","title":{"rendered":"Politique de confidentialit\u00e9"},"content":{"rendered":"<p>[et_pb_section fb_built=\u00a0\u00bb1&Prime; fullwidth=\u00a0\u00bbon\u00a0\u00bb module_class=\u00a0\u00bbdocu-header\u00a0\u00bb _builder_version=\u00a0\u00bb4.16&Prime; background_color=\u00a0\u00bb#d33039&Prime; global_colors_info=\u00a0\u00bb{}\u00a0\u00bb][et_pb_fullwidth_header title=\u00a0\u00bbPolitique de confidentialit\u00e9\u00a0\u00bb content_max_width=\u00a0\u00bbnone\u00a0\u00bb title_font_color=\u00a0\u00bb#ffffff\u00a0\u00bb _builder_version=\u00a0\u00bb4.16&Prime; title_font=\u00a0\u00bbMuli|on|||\u00a0\u00bb title_text_color=\u00a0\u00bb#ffffff\u00a0\u00bb title_font_size=\u00a0\u00bb64px\u00a0\u00bb background_color=\u00a0\u00bbrgba(255, 255, 255, 0)\u00a0\u00bb background_layout=\u00a0\u00bblight\u00a0\u00bb button_one_letter_spacing_hover=\u00a0\u00bb0&Prime; button_two_letter_spacing_hover=\u00a0\u00bb0&Prime; global_colors_info=\u00a0\u00bb{}\u00a0\u00bb button_one_text_size__hover_enabled=\u00a0\u00bboff\u00a0\u00bb button_two_text_size__hover_enabled=\u00a0\u00bboff\u00a0\u00bb button_one_text_color__hover_enabled=\u00a0\u00bboff\u00a0\u00bb button_two_text_color__hover_enabled=\u00a0\u00bboff\u00a0\u00bb button_one_border_width__hover_enabled=\u00a0\u00bboff\u00a0\u00bb button_two_border_width__hover_enabled=\u00a0\u00bboff\u00a0\u00bb button_one_border_color__hover_enabled=\u00a0\u00bboff\u00a0\u00bb button_two_border_color__hover_enabled=\u00a0\u00bboff\u00a0\u00bb button_one_border_radius__hover_enabled=\u00a0\u00bboff\u00a0\u00bb button_two_border_radius__hover_enabled=\u00a0\u00bboff\u00a0\u00bb button_one_letter_spacing__hover_enabled=\u00a0\u00bbon\u00a0\u00bb button_one_letter_spacing__hover=\u00a0\u00bb0&Prime; button_two_letter_spacing__hover_enabled=\u00a0\u00bbon\u00a0\u00bb button_two_letter_spacing__hover=\u00a0\u00bb0&Prime; button_one_bg_color__hover_enabled=\u00a0\u00bboff\u00a0\u00bb button_two_bg_color__hover_enabled=\u00a0\u00bboff\u00a0\u00bb][\/et_pb_fullwidth_header][\/et_pb_section][et_pb_section fb_built=\u00a0\u00bb1&Prime; _builder_version=\u00a0\u00bb4.16&Prime; global_colors_info=\u00a0\u00bb{}\u00a0\u00bb][et_pb_row _builder_version=\u00a0\u00bb4.16&Prime; background_size=\u00a0\u00bbinitial\u00a0\u00bb background_position=\u00a0\u00bbtop_left\u00a0\u00bb background_repeat=\u00a0\u00bbrepeat\u00a0\u00bb global_colors_info=\u00a0\u00bb{}\u00a0\u00bb][et_pb_column type=\u00a0\u00bb4_4&Prime; _builder_version=\u00a0\u00bb4.16&Prime; custom_padding=\u00a0\u00bb|||\u00a0\u00bb global_colors_info=\u00a0\u00bb{}\u00a0\u00bb custom_padding__hover=\u00a0\u00bb|||\u00a0\u00bb][et_pb_text _builder_version=\u00a0\u00bb4.16&Prime; border_style=\u00a0\u00bbsolid\u00a0\u00bb global_colors_info=\u00a0\u00bb{}\u00a0\u00bb]<\/p>\n<p><strong><em>1. T\u00e9moins<\/em><\/strong><br \/>Aucun t\u00e9moin de tra\u00e7age ne sera laiss\u00e9 sur votre disque dur; seuls les t\u00e9moins de session seront employ\u00e9s pour identifier les sessions courantes durant la navigation. Ces t\u00e9moins ne serviront pas \u00e0 recueillir de l&rsquo;information.<br \/>Toutefois, nous employons les fichiers journaux de notre serveur pour recueillir des statistiques. L&rsquo;information recueillie est d&rsquo;ordre g\u00e9n\u00e9ral (par exemple, le nombre de visiteurs du site, les pages les plus visit\u00e9es, les sites qui r\u00e9f\u00e8rent le plus grand nombre de visiteurs, etc.) et non des renseignements personnels.<\/p>\n<p><strong>2. L&rsquo;acc\u00e8s \u00e0 vos renseignements personnels<\/strong><br \/>Tout utilisateur qui envoie des renseignements personnels (par exemple, nom, adresse ou curriculum vitae) \u00e0 PRESTOLAM peut acc\u00e9der librement et en tout temps aux donn\u00e9es le concernant et peut donc demander d&rsquo;\u00eatre inform\u00e9, par courriel et sans frais, de tous les renseignements que poss\u00e8de PRESTOLAM \u00e0 son sujet. \u00c0 moins que vous ne demandiez formellement que vos donn\u00e9es soient supprim\u00e9es, vos renseignements personnels sont stock\u00e9s pour une p\u00e9riode de temps ind\u00e9finie.<\/p>\n<p>IMPORTANT: \u00c0 des fins d&rsquo;identification et de confidentialit\u00e9, veuillez fournir l&rsquo;information suivante lorsque vous faites une demande concernant votre dossier ou compte:<\/p>\n<ul>\n<li>Pr\u00e9nom et nom de famille<\/li>\n<li>Adresse de courriel employ\u00e9e lorsque vous avez rempli le formulaire en ligne<\/li>\n<\/ul>\n<p>Nous ne pourrons pas ex\u00e9cuter votre demande si vous ne nous fournissez pas au moins l&rsquo;un des renseignements susmentionn\u00e9s.<\/p>\n<p><strong>3. S\u00e9curit\u00e9 de vos renseignements personnels<\/strong><br \/>Comment sont-ils prot\u00e9g\u00e9s? Vos renseignements personnels sont conserv\u00e9s sur un serveur prot\u00e9g\u00e9 contre les intrusions par un coupe-feu. Le serveur comme tel est log\u00e9 dans une pi\u00e8ce verrouill\u00e9e, laquelle se trouve elle-m\u00eame dans des bureaux verrouill\u00e9s et prot\u00e9g\u00e9s par un syst\u00e8me d&rsquo;alarme, le tout dans un \u00e9difice s\u00e9curis\u00e9 et verrouill\u00e9 durant les heures de fermeture des bureaux.<\/p>\n<p>Pourquoi recueillez-vous des donn\u00e9es personnelles? Les renseignements personnels vous concernant sont stock\u00e9s uniquement \u00e0 des fins de r\u00e9f\u00e9rence, de communication et d&rsquo;identification. \u00c0 moins que vous ne demandiez formellement que vos donn\u00e9es soient supprim\u00e9es, vos renseignements personnels sont stock\u00e9s pour une p\u00e9riode de temps ind\u00e9finie.<\/p>\n<p>Nous, chez PRESTOLAM, certifions que vos renseignements personnels ne seront pas donn\u00e9s, pr\u00eat\u00e9s ni vendus \u00e0 qui que ce soit et que vous ne subirez pas en notre nom de sollicitation abusive.<\/p>\n<p><strong>4. COMMENT COMMUNIQUER AVEC NOUS AU SUJET DE LA PR\u00c9SENTE POLITIQUE<\/strong><br \/><strong>4.1.<\/strong> Si vous avez une r\u00e9clamation quelconque \u00e0 l&rsquo;\u00e9gard de la violation du droit de propri\u00e9t\u00e9 par une mati\u00e8re ou produit quelconque qui se trouve sur le site Internet de PRESTOLAM, ou pour toute autre correspondance, vous pouvez nous joindre par courriel.<\/p>\n<p>[\/et_pb_text][\/et_pb_column][\/et_pb_row][\/et_pb_section]<\/p>\n","protected":false},"excerpt":{"rendered":"<p>1. T\u00e9moinsAucun t\u00e9moin de tra\u00e7age ne sera laiss\u00e9 sur votre disque dur; seuls les t\u00e9moins de session seront employ\u00e9s pour identifier les sessions courantes durant la navigation. Ces t\u00e9moins ne serviront pas \u00e0 recueillir de l&rsquo;information.Toutefois, nous employons les fichiers journaux de notre serveur pour recueillir des statistiques. L&rsquo;information recueillie est d&rsquo;ordre g\u00e9n\u00e9ral (par exemple, [&hellip;]<\/p>\n","protected":false},"author":1,"featured_media":0,"parent":0,"menu_order":0,"comment_status":"closed","ping_status":"closed","template":"","meta":{"_acf_changed":false,"_et_pb_use_builder":"on","_et_pb_old_content":"<div class=\"title\"><h1>Politique de confidentialit\u00e9<\/h1><\/div><div>\u00a0<\/div><div class=\"content text\">1. T\u00e9moins<br \/> Aucun t\u00e9moin de tra\u00e7age ne sera laiss\u00e9 sur votre disque dur; seuls les t\u00e9moins de session seront employ\u00e9s pour identifier les sessions courantes durant la navigation. Ces t\u00e9moins ne serviront pas \u00e0 recueillir de l'information.<br \/> Toutefois, nous employons les fichiers journaux de notre serveur pour recueillir des statistiques. L'information recueillie est d'ordre g\u00e9n\u00e9ral (par exemple, le nombre de visiteurs du site, les pages les plus visit\u00e9es, les sites qui r\u00e9f\u00e8rent le plus grand nombre de visiteurs, etc.) et non des renseignements personnels.<br \/> <br \/> 2. L'acc\u00e8s \u00e0 vos renseignements personnels<br \/> Tout utilisateur qui envoie des renseignements personnels (par exemple, nom, adresse ou curriculum vitae) \u00e0 PRESTOLAM peut acc\u00e9der librement et en tout temps aux donn\u00e9es le concernant et peut donc demander d'\u00eatre inform\u00e9, par courriel et sans frais, de tous les renseignements que poss\u00e8de PRESTOLAM \u00e0 son sujet. \u00c0 moins que vous ne demandiez formellement que vos donn\u00e9es soient supprim\u00e9es, vos renseignements personnels sont stock\u00e9s pour une p\u00e9riode de temps ind\u00e9finie.<br \/> \u00a0<br \/> IMPORTANT: \u00c0 des fins d'identification et de confidentialit\u00e9, veuillez fournir l'information suivante lorsque vous faites une demande concernant votre dossier ou compte:<br \/> \u00a0<ul><li>Pr\u00e9nom et nom de famille<\/li><li>Adresse de courriel employ\u00e9e lorsque vous avez rempli le formulaire en ligne<\/li><\/ul><br \/> Nous ne pourrons pas ex\u00e9cuter votre demande si vous ne nous fournissez pas au moins l'un des renseignements susmentionn\u00e9s.<br \/> <br \/> 3. S\u00e9curit\u00e9 de vos renseignements personnels<br \/> Comment sont-ils prot\u00e9g\u00e9s? Vos renseignements personnels sont conserv\u00e9s sur un serveur prot\u00e9g\u00e9 contre les intrusions par un coupe-feu. Le serveur comme tel est log\u00e9 dans une pi\u00e8ce verrouill\u00e9e, laquelle se trouve elle-m\u00eame dans des bureaux verrouill\u00e9s et prot\u00e9g\u00e9s par un syst\u00e8me d'alarme, le tout dans un \u00e9difice s\u00e9curis\u00e9 et verrouill\u00e9 durant les heures de fermeture des bureaux.<br \/> <br \/> Pourquoi recueillez-vous des donn\u00e9es personnelles? Les renseignements personnels vous concernant sont stock\u00e9s uniquement \u00e0 des fins de r\u00e9f\u00e9rence, de communication et d'identification. \u00c0 moins que vous ne demandiez formellement que vos donn\u00e9es soient supprim\u00e9es, vos renseignements personnels sont stock\u00e9s pour une p\u00e9riode de temps ind\u00e9finie.<br \/> <br \/> Nous, chez PRESTOLAM, certifions que vos renseignements personnels ne seront pas donn\u00e9s, pr\u00eat\u00e9s ni vendus \u00e0 qui que ce soit et que vous ne subirez pas en notre nom de sollicitation abusive.<br \/> \u00a0<br \/> 4. COMMENT COMMUNIQUER AVEC NOUS AU SUJET DE LA PR\u00c9SENTE POLITIQUE<br \/> 4.1. Si vous avez une r\u00e9clamation quelconque \u00e0 l'\u00e9gard de la violation du droit de propri\u00e9t\u00e9 par une mati\u00e8re ou produit quelconque qui se trouve sur le site Internet de PRESTOLAM, ou pour toute autre correspondance, vous pouvez nous joindre par courriel.<\/div>","_et_gb_content_width":"","_monsterinsights_skip_tracking":false,"_monsterinsights_sitenote_active":false,"_monsterinsights_sitenote_note":"","_monsterinsights_sitenote_category":0,"footnotes":""},"class_list":["post-384","page","type-page","status-publish","hentry"],"acf":[],"aioseo_notices":[],"_links":{"self":[{"href":"https:\/\/prestolam.com\/fr\/wp-json\/wp\/v2\/pages\/384","targetHints":{"allow":["GET"]}}],"collection":[{"href":"https:\/\/prestolam.com\/fr\/wp-json\/wp\/v2\/pages"}],"about":[{"href":"https:\/\/prestolam.com\/fr\/wp-json\/wp\/v2\/types\/page"}],"author":[{"embeddable":true,"href":"https:\/\/prestolam.com\/fr\/wp-json\/wp\/v2\/users\/1"}],"replies":[{"embeddable":true,"href":"https:\/\/prestolam.com\/fr\/wp-json\/wp\/v2\/comments?post=384"}],"version-history":[{"count":9,"href":"https:\/\/prestolam.com\/fr\/wp-json\/wp\/v2\/pages\/384\/revisions"}],"predecessor-version":[{"id":7311,"href":"https:\/\/prestolam.com\/fr\/wp-json\/wp\/v2\/pages\/384\/revisions\/7311"}],"wp:attachment":[{"href":"https:\/\/prestolam.com\/fr\/wp-json\/wp\/v2\/media?parent=384"}],"curies":[{"name":"wp","href":"https:\/\/api.w.org\/{rel}","templated":true}]}}