{"id":394,"date":"2017-10-10T21:39:21","date_gmt":"2017-10-10T21:39:21","guid":{"rendered":"https:\/\/www.prestolam.com\/?page_id=394"},"modified":"2021-06-22T21:06:47","modified_gmt":"2021-06-22T21:06:47","slug":"a-propos","status":"publish","type":"page","link":"https:\/\/prestolam.com\/fr\/a-propos\/","title":{"rendered":"\u00c0 propos de nous"},"content":{"rendered":"\n[et_pb_section fb_built=\u00a0\u00bb1&Prime; fullwidth=\u00a0\u00bbon\u00a0\u00bb module_class=\u00a0\u00bbimg_presentation\u00a0\u00bb _builder_version=\u00a0\u00bb3.22.3&Prime; background_color=\u00a0\u00bb#d33039&Prime; fb_built=\u00a0\u00bb1&Prime; _i=\u00a0\u00bb0&Prime; _address=\u00a0\u00bb0&Prime;][et_pb_fullwidth_image src=\u00a0\u00bbhttps:\/\/prestolam.com\/wp-content\/uploads\/bg_aboutus-1.jpg\u00a0\u00bb _builder_version=\u00a0\u00bb3.29.3&Prime; hover_enabled=\u00a0\u00bb0&Prime; _i=\u00a0\u00bb0&Prime; _address=\u00a0\u00bb0.0&Prime;][\/et_pb_fullwidth_image][\/et_pb_section][et_pb_section fb_built=\u00a0\u00bb1&Prime; module_class=\u00a0\u00bbtitre_page\u00a0\u00bb _builder_version=\u00a0\u00bb3.22.3&Prime; fb_built=\u00a0\u00bb1&Prime; _i=\u00a0\u00bb1&Prime; _address=\u00a0\u00bb1&Prime;][et_pb_row _builder_version=\u00a0\u00bb3.25&Prime; background_size=\u00a0\u00bbinitial\u00a0\u00bb background_position=\u00a0\u00bbtop_left\u00a0\u00bb background_repeat=\u00a0\u00bbrepeat\u00a0\u00bb _i=\u00a0\u00bb0&Prime; _address=\u00a0\u00bb1.0&Prime;][et_pb_column type=\u00a0\u00bb4_4&Prime; _builder_version=\u00a0\u00bb3.25&Prime; custom_padding=\u00a0\u00bb|||\u00a0\u00bb _i=\u00a0\u00bb0&Prime; _address=\u00a0\u00bb1.0.0&Prime; custom_padding__hover=\u00a0\u00bb|||\u00a0\u00bb][et_pb_text module_id=\u00a0\u00bbtitre_about\u00a0\u00bb _builder_version=\u00a0\u00bb3.27.4&Prime; border_style=\u00a0\u00bbsolid\u00a0\u00bb _i=\u00a0\u00bb0&Prime; _address=\u00a0\u00bb1.0.0.0&Prime;]<h1>\u00c0 propos de nous<\/h1>[\/et_pb_text][\/et_pb_column][\/et_pb_row][\/et_pb_section][et_pb_section fb_built=\u00a0\u00bb1&Prime; module_class=\u00a0\u00bbsection_grispale\u00a0\u00bb _builder_version=\u00a0\u00bb3.22.3&Prime; fb_built=\u00a0\u00bb1&Prime; _i=\u00a0\u00bb2&Prime; _address=\u00a0\u00bb2&Prime;][et_pb_row column_structure=\u00a0\u00bb2_5,3_5&Prime; _builder_version=\u00a0\u00bb3.25&Prime; _i=\u00a0\u00bb0&Prime; _address=\u00a0\u00bb2.0&Prime;][et_pb_column type=\u00a0\u00bb2_5&Prime; _builder_version=\u00a0\u00bb3.25&Prime; custom_padding=\u00a0\u00bb|||\u00a0\u00bb _i=\u00a0\u00bb0&Prime; _address=\u00a0\u00bb2.0.0&Prime; custom_padding__hover=\u00a0\u00bb|||\u00a0\u00bb][et_pb_image src=\u00a0\u00bbhttps:\/\/prestolam.com\/wp-content\/uploads\/img_about_1-1.jpg\u00a0\u00bb align_tablet=\u00a0\u00bbcenter\u00a0\u00bb align_last_edited=\u00a0\u00bbon|desktop\u00a0\u00bb _builder_version=\u00a0\u00bb3.29.3&Prime; hover_enabled=\u00a0\u00bb0&Prime; _i=\u00a0\u00bb0&Prime; _address=\u00a0\u00bb2.0.0.0&Prime;][\/et_pb_image][\/et_pb_column][et_pb_column type=\u00a0\u00bb3_5&Prime; _builder_version=\u00a0\u00bb3.25&Prime; custom_padding=\u00a0\u00bb|||\u00a0\u00bb _i=\u00a0\u00bb1&Prime; _address=\u00a0\u00bb2.0.1&Prime; custom_padding__hover=\u00a0\u00bb|||\u00a0\u00bb][et_pb_text module_id=\u00a0\u00bbtexte_background\u00a0\u00bb _builder_version=\u00a0\u00bb3.27.4&Prime; _i=\u00a0\u00bb0&Prime; _address=\u00a0\u00bb2.0.1.0&Prime;]<h2><strong>Des d\u00e9cennies d\u2019expertise et de savoir-faire<\/strong><\/h2>\n<p>Fond\u00e9e en 1974, Prestolam se sp\u00e9cialise dans la fabrication de comptoirs pour cuisine, salle de bain et espaces de rangement, ainsi que dans la fabrication de portes en polyester, en m\u00e9lamine et en stratifi\u00e9. Nous sommes renomm\u00e9s aujourd\u2019hui pour notre cr\u00e9ativit\u00e9, notre souplesse et notre service flexible aupr\u00e8s des distributeurs, cuisinistes, gestionnaires de propri\u00e9t\u00e9s et designers d\u2019espaces de rangement.<\/p>\n<p>Chez Prestolam, nous utilisons notre ing\u00e9niosit\u00e9 pour r\u00e9pondre aux besoins diversifi\u00e9s d\u2019un march\u00e9 en constante \u00e9volution et aux exigences des consommateurs avertis. Notre strat\u00e9gie de recherche et d\u00e9veloppement consiste \u00e0 sans cesse am\u00e9liorer nos processus et \u00e0 cr\u00e9er des designs toujours \u00e0 l\u2019avant-garde.<\/p>\n<p>Nous proposons une grande s\u00e9lection de produits comme nulle part ailleurs et notre client\u00e8le sait que nous lui offrons une incroyable qualit\u00e9 \u00e0 des prix incomparables.<\/p>\n<p>L\u2019attention constante que nous portons \u00e0 l\u2019innovation et \u00e0 l&rsquo;excellence de notre production fait de nous un partenaire de choix pour tous vos designs de cuisine, de salle de bain et d\u2019unit\u00e9s de rangement.<\/p>\n<p>Pr\u00eat \u00e0 int\u00e9grer la touche Prestolam \u00e0 vos cr\u00e9ations?<\/p>[\/et_pb_text][\/et_pb_column][\/et_pb_row][\/et_pb_section][et_pb_section fb_built=\u00a0\u00bb1&Prime; module_id=\u00a0\u00bbnewsletter_about\u00a0\u00bb _builder_version=\u00a0\u00bb3.22.3&Prime; fb_built=\u00a0\u00bb1&Prime; _i=\u00a0\u00bb3&Prime; _address=\u00a0\u00bb3&Prime;][et_pb_row column_structure=\u00a0\u00bb1_2,1_2&Prime; _builder_version=\u00a0\u00bb3.25&Prime; _i=\u00a0\u00bb0&Prime; _address=\u00a0\u00bb3.0&Prime;][et_pb_column type=\u00a0\u00bb1_2&Prime; _builder_version=\u00a0\u00bb3.25&Prime; custom_padding=\u00a0\u00bb|||\u00a0\u00bb _i=\u00a0\u00bb0&Prime; _address=\u00a0\u00bb3.0.0&Prime; custom_padding__hover=\u00a0\u00bb|||\u00a0\u00bb][et_pb_text module_class=\u00a0\u00bbtitre_blanc_about\u00a0\u00bb _builder_version=\u00a0\u00bb3.27.4&Prime; _i=\u00a0\u00bb0&Prime; _address=\u00a0\u00bb3.0.0.0&Prime;]<h2>Abonnez-vous \u00e0 notre infolettre<\/h2>[\/et_pb_text][et_pb_code _builder_version=\u00a0\u00bb3.19.18&Prime; _i=\u00a0\u00bb1&Prime; _address=\u00a0\u00bb3.0.0.1&Prime;]<!-- [et_pb_line_break_holder] -->\n<div class=\"wpcf7 no-js\" id=\"wpcf7-f4397-o1\" lang=\"fr-FR\" dir=\"ltr\" data-wpcf7-id=\"4397\">\n<div class=\"screen-reader-response\"><p role=\"status\" aria-live=\"polite\" aria-atomic=\"true\"><\/p> <ul><\/ul><\/div>\n<form action=\"\/fr\/wp-json\/wp\/v2\/pages\/394#wpcf7-f4397-o1\" method=\"post\" class=\"wpcf7-form init\" aria-label=\"Formulaire de contact\" novalidate=\"novalidate\" data-status=\"init\">\n<fieldset class=\"hidden-fields-container\"><input type=\"hidden\" name=\"_wpcf7\" value=\"4397\" \/><input type=\"hidden\" name=\"_wpcf7_version\" value=\"6.1.5\" \/><input type=\"hidden\" name=\"_wpcf7_locale\" value=\"fr_FR\" \/><input type=\"hidden\" name=\"_wpcf7_unit_tag\" value=\"wpcf7-f4397-o1\" \/><input type=\"hidden\" name=\"_wpcf7_container_post\" value=\"0\" \/><input type=\"hidden\" name=\"_wpcf7_posted_data_hash\" value=\"\" \/><input type=\"hidden\" name=\"_wpcf7_recaptcha_response\" value=\"\" \/>\n<\/fieldset>\n<p><label>Nom complet<br \/>\n<span class=\"wpcf7-form-control-wrap\" data-name=\"fullname\"><input size=\"40\" maxlength=\"400\" class=\"wpcf7-form-control wpcf7-text wpcf7-validates-as-required\" aria-required=\"true\" aria-invalid=\"false\" value=\"\" type=\"text\" name=\"fullname\" \/><\/span><\/label><br \/>\n<label>Courriel<br \/>\n<span class=\"wpcf7-form-control-wrap\" data-name=\"your-email\"><input size=\"40\" maxlength=\"400\" class=\"wpcf7-form-control wpcf7-email wpcf7-validates-as-required wpcf7-text wpcf7-validates-as-email\" aria-required=\"true\" aria-invalid=\"false\" value=\"\" type=\"email\" name=\"your-email\" \/><\/span> <\/label>\n<\/p>\n<div class=\"bouton_infolettre_about\">\n\t<p><input class=\"wpcf7-form-control wpcf7-submit has-spinner\" type=\"submit\" value=\"Envoyer\" \/>\n\t<\/p>\n<\/div><input type='hidden' class='wpcf7-pum' value='{\"closepopup\":false,\"closedelay\":0,\"openpopup\":false,\"openpopup_id\":0}' \/><div class=\"wpcf7-response-output\" aria-hidden=\"true\"><\/div>\n<\/form>\n<\/div>\n[\/et_pb_code][\/et_pb_column][et_pb_column type=\u00a0\u00bb1_2&Prime; _builder_version=\u00a0\u00bb3.25&Prime; custom_padding=\u00a0\u00bb|||\u00a0\u00bb _i=\u00a0\u00bb1&Prime; _address=\u00a0\u00bb3.0.1&Prime; custom_padding__hover=\u00a0\u00bb|||\u00a0\u00bb][et_pb_image align_tablet=\u00a0\u00bbcenter\u00a0\u00bb align_last_edited=\u00a0\u00bbon|desktop\u00a0\u00bb _builder_version=\u00a0\u00bb3.29.3&Prime; hover_enabled=\u00a0\u00bb0&Prime; _i=\u00a0\u00bb0&Prime; _address=\u00a0\u00bb3.0.1.0&Prime;][\/et_pb_image][\/et_pb_column][\/et_pb_row][\/et_pb_section][et_pb_section fb_built=\u00a0\u00bb1&Prime; fullwidth=\u00a0\u00bbon\u00a0\u00bb module_class=\u00a0\u00bbimg_avantdealer_mobile\u00a0\u00bb _builder_version=\u00a0\u00bb3.22.3&Prime; fb_built=\u00a0\u00bb1&Prime; _i=\u00a0\u00bb4&Prime; _address=\u00a0\u00bb4&Prime;][et_pb_fullwidth_image src=\u00a0\u00bbhttps:\/\/prestolam.com\/wp-content\/uploads\/img_bandeau_about.jpg\u00a0\u00bb _builder_version=\u00a0\u00bb3.29.3&Prime; hover_enabled=\u00a0\u00bb0&Prime; _i=\u00a0\u00bb0&Prime; _address=\u00a0\u00bb4.0&Prime;][\/et_pb_fullwidth_image][\/et_pb_section][et_pb_section fb_built=\u00a0\u00bb1&Prime; fullwidth=\u00a0\u00bbon\u00a0\u00bb module_id=\u00a0\u00bbdealer_accueil\u00a0\u00bb _builder_version=\u00a0\u00bb3.22.3&Prime; fb_built=\u00a0\u00bb1&Prime; _i=\u00a0\u00bb5&Prime; _address=\u00a0\u00bb5&Prime;][et_pb_fullwidth_code _builder_version=\u00a0\u00bb3.19.18&Prime; _i=\u00a0\u00bb0&Prime; _address=\u00a0\u00bb5.0&Prime;]<h2><!-- [et_pb_line_break_holder] -->  Trouver un distributeur<!-- [et_pb_line_break_holder] --><\/h2><!-- [et_pb_line_break_holder] --><h4><!-- [et_pb_line_break_holder] -->  S\u2019il n\u2019y a pas de distributeur pr\u00e8s de vous, appelez-nous au <span style=\"display:block; color:#C9353F; font-weight:800; font-size:22px;\">1 800 463-8829<\/span> <!-- [et_pb_line_break_holder] --><\/h4><!-- [et_pb_line_break_holder] --><style>\r\n\t#wpsl-stores .wpsl-store-thumb {height:45px !important; width:45px !important;}\r\n\t#wpsl-stores, #wpsl-direction-details, #wpsl-gmap {height:500px !important;}\r\n\t#wpsl-gmap .wpsl-info-window {max-width:350px !important;}\r\n\t.wpsl-input label, #wpsl-radius label, #wpsl-category label {width:95px;}\r\n\t#wpsl-search-input ,#wpsl-category .wpsl-dropdown {width:179px;}\r\n<\/style>\r\n<div id=\"wpsl-wrap\">\r\n\t<div class=\"wpsl-search wpsl-clearfix wpsl-filter\">\r\n\t\t<div id=\"wpsl-search-wrap\">\r\n\t\t\t<form autocomplete=\"off\">\r\n\t\t\t<div class=\"wpsl-input\">\r\n\t\t\t\t<div><label for=\"wpsl-search-input\">Votre emplacement<\/label><\/div>\r\n\t\t\t\t<input id=\"wpsl-search-input\" type=\"text\" value=\"\" name=\"wpsl-search-input\" placeholder=\"\" aria-required=\"true\" \/>\r\n\t\t\t<\/div>\r\n\t\t\t<div class=\"wpsl-select-wrap\">\r\n\t\t\t\t<div id=\"wpsl-radius\">\r\n\t\t\t\t\t<label for=\"wpsl-radius-dropdown\">P\u00e9rim\u00e8tre de recherche<\/label>\r\n\t\t\t\t\t<select id=\"wpsl-radius-dropdown\" class=\"wpsl-dropdown\" name=\"wpsl-radius\">\r\n\t\t\t\t\t\t<option value=\"10\">10 km<\/option><option value=\"25\">25 km<\/option><option value=\"50\">50 km<\/option><option value=\"100\">100 km<\/option><option value=\"200\">200 km<\/option><option selected=\"selected\" value=\"300\">300 km<\/option><option value=\"500\">500 km<\/option>\r\n\t\t\t\t\t<\/select>\r\n\t\t\t\t<\/div>\r\n\t\t\t\t<div id=\"wpsl-results\">\r\n\t\t\t\t\t<label for=\"wpsl-results-dropdown\">R\u00e9sultats<\/label>\r\n\t\t\t\t\t<select id=\"wpsl-results-dropdown\" class=\"wpsl-dropdown\" name=\"wpsl-results\">\r\n\t\t\t\t\t\t<option value=\"25\">25<\/option><option value=\"50\">50<\/option><option value=\"75\">75<\/option><option value=\"100\">100<\/option><option selected=\"selected\" value=\"125\">125<\/option>\r\n\t\t\t\t\t<\/select>\r\n\t\t\t\t<\/div>\r\n\t\t\t<\/div>\r\n<div id=\"wpsl-category\">\r\n<label for=\"wpsl-category-list\">Cat\u00e9gorie<\/label>\r\n<select  name='wpsl-category' id='wpsl-category-list' class='wpsl-dropdown'>\n\t<option value='0'>Tout<\/option>\n\t<option class=\"level-0\" value=\"487\">COMPTOIR ET PORTE<\/option>\n\t<option class=\"level-0\" value=\"489\">COMPTOIR SEULEMENT<\/option>\n\t<option class=\"level-0\" value=\"484\">Countertops only<\/option>\n\t<option class=\"level-0\" value=\"486\">Doors and Countertops<\/option>\n\t<option class=\"level-0\" value=\"485\">Doors only<\/option>\n\t<option class=\"level-0\" value=\"488\">PORTE SEULEMENT<\/option>\n<\/select>\n<\/div>\r\n\t\t\t\t<div class=\"wpsl-search-btn-wrap\"><input id=\"wpsl-search-btn\" type=\"submit\" value=\"Rechercher\"><\/div>\r\n\t\t<\/form>\r\n\t\t<\/div>\r\n\t<\/div>\r\n\t<div id=\"wpsl-gmap\" class=\"wpsl-gmap-canvas\"><\/div>\r\n\t<div id=\"wpsl-result-list\">\r\n\t\t<div id=\"wpsl-stores\" >\r\n\t\t\t<ul><\/ul>\r\n\t\t<\/div>\r\n\t\t<div id=\"wpsl-direction-details\">\r\n\t\t\t<ul><\/ul>\r\n\t\t<\/div>\r\n\t<\/div>\r\n<\/div>\r\n[\/et_pb_fullwidth_code][\/et_pb_section]\n","protected":false},"excerpt":{"rendered":"<p>\u00c0 propos de nousDes d\u00e9cennies d\u2019expertise et de savoir-faire Fond\u00e9e en 1974, Prestolam se sp\u00e9cialise dans la fabrication de comptoirs pour cuisine, salle de bain et espaces de rangement, ainsi que dans la fabrication de portes en polyester, en m\u00e9lamine et en stratifi\u00e9. Nous sommes renomm\u00e9s aujourd\u2019hui pour notre cr\u00e9ativit\u00e9, notre souplesse et notre service [&hellip;]<\/p>\n","protected":false},"author":1,"featured_media":0,"parent":0,"menu_order":0,"comment_status":"closed","ping_status":"closed","template":"","meta":{"_acf_changed":false,"_et_pb_use_builder":"on","_et_pb_old_content":"<h1>\u00c0 propos<\/h1><h2>Historique de la compagnie<\/h2><p>Fond\u00e9e en 1974, la compagnie se sp\u00e9cialise d'abord dans la fabrication de comptoirs moul\u00e9s en stratifi\u00e9. Tout en d\u00e9veloppant les capacit\u00e9s et m\u00e9thodes de production de son usine, elle se consacre parall\u00e8lement \u00e0 l'implantation de son r\u00e9seau de distribution. De nombreux distributeurs au Canada et aux \u00c9tats-Unis peuvent alors b\u00e9n\u00e9ficier de l'apport de Prestolam pour cr\u00e9er leur propre centre de coupe et d\u00e9velopper une collaboration fructueuse avec Prestolam \u00e0 titre de fournisseur exclusif.<\/p><p>Avec la construction d'une seconde usine, vou\u00e9e exclusivement \u00e0 la fabrication de portes d'armoires ainsi que de composantes de meubles, Prestolam devient la seule entreprise \u00e0 se sp\u00e9cialiser dans la fabrication de joints parfaits pour ses produits. Les ann\u00e9es qui suivent lui permettent d'affirmer son r\u00f4le de leader, notamment par la production d'une gamme diversifi\u00e9e de produits innovateurs tels que les portes d\u2019armoires en stratifi\u00e9 de la collection Pure, les portes d\u2019armoires de cuisine en polyester avec c\u0153ur sur\u00e9lev\u00e9, les portes de style shaker et autres produits tendances.<\/p><p>Avec l'acquisition de Saxon Manufacturing en mars 2000, Prestolam s'est taill\u00e9 une place de choix parmi les fournisseurs les plus importants du nord-est des \u00c9tats-Unis. Les am\u00e9liorations technologiques font partie du quotidien afin que toutes les usines du groupe Prestolam conservent l'avance technologique qui en fait le leader de l'industrie.<\/p><h2>Profil<\/h2><p>Leader nord-am\u00e9ricain dans la fabrication de comptoirs moul\u00e9s en stratifi\u00e9, de portes d\u2019armoires en stratifi\u00e9, de portes d\u2019armoires en polyester et de composantes de meubles en stratifi\u00e9, Prestolam tient \u00e0 partager son succ\u00e8s avec ses partenaires d'affaires.<\/p><p>Prestolam am\u00e9liore constamment ses m\u00e9thodes de production. Cette d\u00e9termination \u00e0 vouloir atteindre les plus hauts sommets de performance a assur\u00e9 notre croissance lors des trente-cinq derni\u00e8res ann\u00e9es, et ce, par le biais de la gestion de la fiabilit\u00e9 et de la qualit\u00e9 constante de production de nos employ\u00e9s.<br \/> Nous r\u00e9ussissons parce que nous aidons nos revendeurs \u00e0 agrandir leur territoire de service tout en maintenant un haut taux de satisfaction chez notre client\u00e8le. Nous fournissons l'\u00e9nergie, l'exp\u00e9rience et l'acc\u00e8s \u00e0 la technologie de derni\u00e8re pointe, les ingr\u00e9dients qui rendent les grands fabricants d'armoires encore meilleurs.<\/p><h2>Qualit\u00e9, Ing\u00e9niosit\u00e9 Et Complicit\u00e9<\/h2>","_et_gb_content_width":"","_monsterinsights_skip_tracking":false,"_monsterinsights_sitenote_active":false,"_monsterinsights_sitenote_note":"","_monsterinsights_sitenote_category":0,"footnotes":""},"class_list":["post-394","page","type-page","status-publish","hentry"],"acf":[],"aioseo_notices":[],"_links":{"self":[{"href":"https:\/\/prestolam.com\/fr\/wp-json\/wp\/v2\/pages\/394","targetHints":{"allow":["GET"]}}],"collection":[{"href":"https:\/\/prestolam.com\/fr\/wp-json\/wp\/v2\/pages"}],"about":[{"href":"https:\/\/prestolam.com\/fr\/wp-json\/wp\/v2\/types\/page"}],"author":[{"embeddable":true,"href":"https:\/\/prestolam.com\/fr\/wp-json\/wp\/v2\/users\/1"}],"replies":[{"embeddable":true,"href":"https:\/\/prestolam.com\/fr\/wp-json\/wp\/v2\/comments?post=394"}],"version-history":[{"count":23,"href":"https:\/\/prestolam.com\/fr\/wp-json\/wp\/v2\/pages\/394\/revisions"}],"predecessor-version":[{"id":6102,"href":"https:\/\/prestolam.com\/fr\/wp-json\/wp\/v2\/pages\/394\/revisions\/6102"}],"wp:attachment":[{"href":"https:\/\/prestolam.com\/fr\/wp-json\/wp\/v2\/media?parent=394"}],"curies":[{"name":"wp","href":"https:\/\/api.w.org\/{rel}","templated":true}]}}