{"id":542,"date":"2017-10-12T13:47:30","date_gmt":"2017-10-12T13:47:30","guid":{"rendered":"https:\/\/www.prestolam.com\/?page_id=542"},"modified":"2021-06-22T21:06:05","modified_gmt":"2021-06-22T21:06:05","slug":"commande-en-ligne","status":"publish","type":"page","link":"https:\/\/prestolam.com\/fr\/commande-en-ligne\/","title":{"rendered":"Commande en ligne"},"content":{"rendered":"\n[et_pb_section fb_built=\u00a0\u00bb1&Prime; fullwidth=\u00a0\u00bbon\u00a0\u00bb module_class=\u00a0\u00bbdocu-header\u00a0\u00bb _builder_version=\u00a0\u00bb4.9.1&Prime; background_color=\u00a0\u00bb#d33039&Prime; hover_enabled=\u00a0\u00bb0&Prime; sticky_enabled=\u00a0\u00bb0&Prime;][et_pb_fullwidth_header title=\u00a0\u00bbCommande en ligne\u00a0\u00bb subhead=\u00a0\u00bbCommandez maintenant\u00a0\u00bb title_font_color=\u00a0\u00bb#ffffff\u00a0\u00bb _builder_version=\u00a0\u00bb3.19.18&Prime; title_font=\u00a0\u00bbMuli|on|||\u00a0\u00bb title_text_color=\u00a0\u00bb#ffffff\u00a0\u00bb title_font_size=\u00a0\u00bb64px\u00a0\u00bb subhead_font=\u00a0\u00bb||||||||\u00a0\u00bb subhead_text_color=\u00a0\u00bb#ffffff\u00a0\u00bb subhead_font_size=\u00a0\u00bb25px\u00a0\u00bb background_color=\u00a0\u00bbrgba(255, 255, 255, 0)\u00a0\u00bb background_layout=\u00a0\u00bblight\u00a0\u00bb hover_enabled=\u00a0\u00bb0&Prime; button_one_letter_spacing_hover=\u00a0\u00bb0&Prime; button_two_letter_spacing_hover=\u00a0\u00bb0&Prime; button_one_text_size__hover_enabled=\u00a0\u00bboff\u00a0\u00bb button_two_text_size__hover_enabled=\u00a0\u00bboff\u00a0\u00bb button_one_text_color__hover_enabled=\u00a0\u00bboff\u00a0\u00bb button_two_text_color__hover_enabled=\u00a0\u00bboff\u00a0\u00bb button_one_border_width__hover_enabled=\u00a0\u00bboff\u00a0\u00bb button_two_border_width__hover_enabled=\u00a0\u00bboff\u00a0\u00bb button_one_border_color__hover_enabled=\u00a0\u00bboff\u00a0\u00bb button_two_border_color__hover_enabled=\u00a0\u00bboff\u00a0\u00bb button_one_border_radius__hover_enabled=\u00a0\u00bboff\u00a0\u00bb button_two_border_radius__hover_enabled=\u00a0\u00bboff\u00a0\u00bb button_one_letter_spacing__hover_enabled=\u00a0\u00bbon\u00a0\u00bb button_one_letter_spacing__hover=\u00a0\u00bb0&Prime; button_two_letter_spacing__hover_enabled=\u00a0\u00bbon\u00a0\u00bb button_two_letter_spacing__hover=\u00a0\u00bb0&Prime; button_one_bg_color__hover_enabled=\u00a0\u00bboff\u00a0\u00bb button_two_bg_color__hover_enabled=\u00a0\u00bboff\u00a0\u00bb sticky_enabled=\u00a0\u00bb0&Prime;][\/et_pb_fullwidth_header][\/et_pb_section][et_pb_section fb_built=\u00a0\u00bb1&Prime; module_id=\u00a0\u00bborder_countertops\u00a0\u00bb module_class=\u00a0\u00bborder_new\u00a0\u00bb _builder_version=\u00a0\u00bb3.22.3&Prime; hover_enabled=\u00a0\u00bb0&Prime; sticky_enabled=\u00a0\u00bb0&Prime;][et_pb_row _builder_version=\u00a0\u00bb4.9.1&Prime; hover_enabled=\u00a0\u00bb0&Prime; sticky_enabled=\u00a0\u00bb0&Prime;][et_pb_column type=\u00a0\u00bb4_4&Prime; _builder_version=\u00a0\u00bb3.25&Prime; custom_padding=\u00a0\u00bb|||\u00a0\u00bb custom_padding__hover=\u00a0\u00bb|||\u00a0\u00bb][et_pb_text _builder_version=\u00a0\u00bb4.9.1&Prime; _module_preset=\u00a0\u00bbdefault\u00a0\u00bb hover_enabled=\u00a0\u00bb0&Prime; sticky_enabled=\u00a0\u00bb0&Prime; content_last_edited=\u00a0\u00bbon|desktop\u00a0\u00bb text_font_size=\u00a0\u00bb30px\u00a0\u00bb]<p><span style=\"text-decoration: underline;\"><span style=\"color: #3366ff;\"><a href=\"https:\/\/www.prestolam-netcomweb.com\" style=\"color: #3366ff;\"><b>Commandez maintenant<\/b><\/a><\/span><\/span><\/p>[\/et_pb_text][et_pb_text _builder_version=\u00a0\u00bb3.27.4&Prime; hover_enabled=\u00a0\u00bb0&Prime; sticky_enabled=\u00a0\u00bb0&Prime;]<h2><strong>Parce que nous avons votre efficacit\u00e9 \u00e0 c\u0153ur <\/strong><\/h2>\n<p>Avec Prestolam, vivez une exp\u00e9rience d\u2019approvisionnement fluide et profitez de plateformes qui facilitent l\u2019envoi et le suivi de vos commandes. Avec les besoins vari\u00e9s de notre client\u00e8le en t\u00eate, nous avons d\u00e9velopp\u00e9 deux plateformes de commandes uniques dans l\u2019industrie : Netcom et Netcom Web.<\/p>\n<h2><strong>Vous \u00eates designer ou cuisiniste? Commandez vos portes gr\u00e2ce \u00e0 Netcom Web<\/strong><\/h2>\n<p>Netcom Web est un outil facile \u00e0 utiliser. En tant que cuisiniste ou designer de cuisine et de salle de bain, ayez-y recours pour envoyer vos commandes de portes directement \u00e0 notre usine. Ajoutez \u00e0 celles-ci des \u00e9tiquettes personnalis\u00e9es pour mieux identifier vos diff\u00e9rents produits lors de la livraison. Gr\u00e2ce \u00e0 notre outil Netcom Web, optimisez votre productivit\u00e9.<\/p>[\/et_pb_text][\/et_pb_column][\/et_pb_row][et_pb_row _builder_version=\u00a0\u00bb4.9.1&Prime;][et_pb_column type=\u00a0\u00bb4_4&Prime; _builder_version=\u00a0\u00bb3.25&Prime; custom_padding=\u00a0\u00bb|||\u00a0\u00bb custom_padding__hover=\u00a0\u00bb|||\u00a0\u00bb][et_pb_text _builder_version=\u00a0\u00bb3.27.4&Prime;]<h2><strong>Parce que nous avons votre efficacit\u00e9 \u00e0 c\u0153ur <\/strong><\/h2>\n<p>Avec Prestolam, vivez une exp\u00e9rience d\u2019approvisionnement fluide et profitez de plateformes qui facilitent l\u2019envoi et le suivi de vos commandes. Avec les besoins vari\u00e9s de notre client\u00e8le en t\u00eate, nous avons d\u00e9velopp\u00e9 deux plateformes de commandes uniques dans l\u2019industrie : Netcom et Netcom Web.<\/p>\n<h2><strong>Vous \u00eates designer ou cuisiniste? Commandez vos portes gr\u00e2ce \u00e0 Netcom Web<\/strong><\/h2>\n<p>Netcom Web est un outil facile \u00e0 utiliser. En tant que cuisiniste ou designer de cuisine et de salle de bain, ayez-y recours pour envoyer vos commandes de portes directement \u00e0 notre usine. Ajoutez \u00e0 celles-ci des \u00e9tiquettes personnalis\u00e9es pour mieux identifier vos diff\u00e9rents produits lors de la livraison. Gr\u00e2ce \u00e0 notre outil Netcom Web, optimisez votre productivit\u00e9.<\/p>[\/et_pb_text][\/et_pb_column][\/et_pb_row][\/et_pb_section][et_pb_section fb_built=\u00a0\u00bb1&Prime; module_id=\u00a0\u00bbnetcom_web\u00a0\u00bb _builder_version=\u00a0\u00bb3.22.3&Prime;][et_pb_row _builder_version=\u00a0\u00bb3.25&Prime; background_size=\u00a0\u00bbinitial\u00a0\u00bb background_position=\u00a0\u00bbtop_left\u00a0\u00bb background_repeat=\u00a0\u00bbrepeat\u00a0\u00bb][et_pb_column type=\u00a0\u00bb4_4&Prime; _builder_version=\u00a0\u00bb3.25&Prime; custom_padding=\u00a0\u00bb|||\u00a0\u00bb custom_padding__hover=\u00a0\u00bb|||\u00a0\u00bb][et_pb_code _builder_version=\u00a0\u00bb4.9.1&Prime; hover_enabled=\u00a0\u00bb0&Prime; custom_css_main_element=\u00a0\u00bb-webkit-overflow-scrolling: touch;||overflow-y:scroll;||border:1px solid #d33039;\u00a0\u00bb disabled_on=\u00a0\u00bbon|on|on\u00a0\u00bb disabled=\u00a0\u00bbon\u00a0\u00bb sticky_enabled=\u00a0\u00bb0&Prime;]<iframe src=\"https:\/\/www.prestolam-netcomweb.com\" style=\"height:500px; width:100%;max-width:100%;display:block;\"><\/iframe>[\/et_pb_code][\/et_pb_column][\/et_pb_row][\/et_pb_section][et_pb_section fb_built=\u00a0\u00bb1&Prime; module_id=\u00a0\u00bborder_countertops_netcom\u00a0\u00bb module_class=\u00a0\u00bborder_new\u00a0\u00bb _builder_version=\u00a0\u00bb3.22.3&Prime;][et_pb_row _builder_version=\u00a0\u00bb3.25&Prime;][et_pb_column type=\u00a0\u00bb4_4&Prime; _builder_version=\u00a0\u00bb3.25&Prime; custom_padding=\u00a0\u00bb|||\u00a0\u00bb custom_padding__hover=\u00a0\u00bb|||\u00a0\u00bb][et_pb_text _builder_version=\u00a0\u00bb3.29.3&Prime;]<h2>Commandez vos comptoirs<\/h2>\n<p>Vous voulez commander des comptoirs? Communiquez avec nous au <a  class=\"bouton_tel\" href=\"tel:+18004638829\">1 800 463-8829<\/a> ou bien, utilisez notre <a href=\"https:\/\/www.prestolam.com\/fr\/trouver-votre-distributeur\/\" class=\"bouton_tel\">localisateur<\/a> pour trouver un distributeur pr\u00e8s de chez vous.<\/p>\n<h2><strong>Netcom<\/strong><\/h2>\n<p>Netcom est un syst\u00e8me de commande \u00e0 la fine pointe con\u00e7u par Prestolam pour ses distributeurs. Install\u00e9 par notre \u00e9quipe \u00e0 vos locaux, utilisez-le pour commander nos produits de portes et de comptoirs.<\/p>\n<p>Netcom simplifie la commande et la validation des prix des produits Prestolam. Et, avec son syst\u00e8me de gestion des stocks pr\u00e9cis et en temps r\u00e9el, vous avez acc\u00e8s aux quantit\u00e9s disponibles au moment exact de votre commande.<\/p>\n<p>La plateforme comporte aussi un module de trigonom\u00e9trie qui vous permet de d\u00e9terminer et d\u2019indiquer les bons angles et les bonnes mesures pour une installation sans soucis. Vos portes et vos comptoirs s\u2019installeront \u00e0 la perfection, l\u00e0 o\u00f9 vous le voulez.<\/p>\n<p>D\u00e8s que vous passez votre commande, celle-ci se place dans notre file d\u2019attente de production afin que nous la fabriquions le plus rapidement possible.<\/p>\n<p>Vous voulez travailler avec Netcom?<\/p>\n<a  class=\"bouton_talk\" href=\"https:\/\/www.prestolam.com\/fr\/contact\/\"><strong>Parlez \u00e0 l\u2019un de nos experts<\/strong><\/a>[\/et_pb_text][\/et_pb_column][\/et_pb_row][\/et_pb_section][et_pb_section fb_built=\u00a0\u00bb1&Prime; fullwidth=\u00a0\u00bbon\u00a0\u00bb _builder_version=\u00a0\u00bb3.22.3&Prime;][et_pb_fullwidth_code module_id=\u00a0\u00bbdealer_accueil\u00a0\u00bb _builder_version=\u00a0\u00bb3.19.18&Prime;]<h2><!-- [et_pb_line_break_holder] -->  Trouver un distributeur<!-- [et_pb_line_break_holder] --><\/h2><!-- [et_pb_line_break_holder] --><h4><!-- [et_pb_line_break_holder] -->  S\u2019il n\u2019y a pas de distributeur pr\u00e8s de vous, appelez-nous au <span style=\"display:block; color:#C9353F; font-weight:800; font-size:22px;\">1 800 463-8829<\/span> <!-- [et_pb_line_break_holder] --><\/h4><!-- [et_pb_line_break_holder] --><style>\r\n\t#wpsl-stores .wpsl-store-thumb {height:45px !important; width:45px !important;}\r\n\t#wpsl-stores, #wpsl-direction-details, #wpsl-gmap {height:500px !important;}\r\n\t#wpsl-gmap .wpsl-info-window {max-width:350px !important;}\r\n\t.wpsl-input label, #wpsl-radius label, #wpsl-category label {width:95px;}\r\n\t#wpsl-search-input ,#wpsl-category .wpsl-dropdown {width:179px;}\r\n<\/style>\r\n<div id=\"wpsl-wrap\">\r\n\t<div class=\"wpsl-search wpsl-clearfix wpsl-filter\">\r\n\t\t<div id=\"wpsl-search-wrap\">\r\n\t\t\t<form autocomplete=\"off\">\r\n\t\t\t<div class=\"wpsl-input\">\r\n\t\t\t\t<div><label for=\"wpsl-search-input\">Votre emplacement<\/label><\/div>\r\n\t\t\t\t<input id=\"wpsl-search-input\" type=\"text\" value=\"\" name=\"wpsl-search-input\" placeholder=\"\" aria-required=\"true\" \/>\r\n\t\t\t<\/div>\r\n\t\t\t<div class=\"wpsl-select-wrap\">\r\n\t\t\t\t<div id=\"wpsl-radius\">\r\n\t\t\t\t\t<label for=\"wpsl-radius-dropdown\">P\u00e9rim\u00e8tre de recherche<\/label>\r\n\t\t\t\t\t<select id=\"wpsl-radius-dropdown\" class=\"wpsl-dropdown\" name=\"wpsl-radius\">\r\n\t\t\t\t\t\t<option value=\"10\">10 km<\/option><option value=\"25\">25 km<\/option><option value=\"50\">50 km<\/option><option value=\"100\">100 km<\/option><option value=\"200\">200 km<\/option><option selected=\"selected\" value=\"300\">300 km<\/option><option value=\"500\">500 km<\/option>\r\n\t\t\t\t\t<\/select>\r\n\t\t\t\t<\/div>\r\n\t\t\t\t<div id=\"wpsl-results\">\r\n\t\t\t\t\t<label for=\"wpsl-results-dropdown\">R\u00e9sultats<\/label>\r\n\t\t\t\t\t<select id=\"wpsl-results-dropdown\" class=\"wpsl-dropdown\" name=\"wpsl-results\">\r\n\t\t\t\t\t\t<option value=\"25\">25<\/option><option value=\"50\">50<\/option><option value=\"75\">75<\/option><option value=\"100\">100<\/option><option selected=\"selected\" value=\"125\">125<\/option>\r\n\t\t\t\t\t<\/select>\r\n\t\t\t\t<\/div>\r\n\t\t\t<\/div>\r\n<div id=\"wpsl-category\">\r\n<label for=\"wpsl-category-list\">Cat\u00e9gorie<\/label>\r\n<select  name='wpsl-category' id='wpsl-category-list' class='wpsl-dropdown'>\n\t<option value='0'>Tout<\/option>\n\t<option class=\"level-0\" value=\"487\">COMPTOIR ET PORTE<\/option>\n\t<option class=\"level-0\" value=\"489\">COMPTOIR SEULEMENT<\/option>\n\t<option class=\"level-0\" value=\"484\">Countertops only<\/option>\n\t<option class=\"level-0\" value=\"486\">Doors and Countertops<\/option>\n\t<option class=\"level-0\" value=\"485\">Doors only<\/option>\n\t<option class=\"level-0\" value=\"488\">PORTE SEULEMENT<\/option>\n<\/select>\n<\/div>\r\n\t\t\t\t<div class=\"wpsl-search-btn-wrap\"><input id=\"wpsl-search-btn\" type=\"submit\" value=\"Rechercher\"><\/div>\r\n\t\t<\/form>\r\n\t\t<\/div>\r\n\t<\/div>\r\n\t<div id=\"wpsl-gmap\" class=\"wpsl-gmap-canvas\"><\/div>\r\n\t<div id=\"wpsl-result-list\">\r\n\t\t<div id=\"wpsl-stores\" >\r\n\t\t\t<ul><\/ul>\r\n\t\t<\/div>\r\n\t\t<div id=\"wpsl-direction-details\">\r\n\t\t\t<ul><\/ul>\r\n\t\t<\/div>\r\n\t<\/div>\r\n<\/div>\r\n[\/et_pb_fullwidth_code][\/et_pb_section]\n","protected":false},"excerpt":{"rendered":"<p>Commandez maintenantParce que nous avons votre efficacit\u00e9 \u00e0 c\u0153ur Avec Prestolam, vivez une exp\u00e9rience d\u2019approvisionnement fluide et profitez de plateformes qui facilitent l\u2019envoi et le suivi de vos commandes. Avec les besoins vari\u00e9s de notre client\u00e8le en t\u00eate, nous avons d\u00e9velopp\u00e9 deux plateformes de commandes uniques dans l\u2019industrie : Netcom et Netcom Web. Vous \u00eates [&hellip;]<\/p>\n","protected":false},"author":1,"featured_media":0,"parent":0,"menu_order":0,"comment_status":"closed","ping_status":"closed","template":"","meta":{"_acf_changed":false,"_et_pb_use_builder":"on","_et_pb_old_content":"","_et_gb_content_width":"","_monsterinsights_skip_tracking":false,"_monsterinsights_sitenote_active":false,"_monsterinsights_sitenote_note":"","_monsterinsights_sitenote_category":0,"footnotes":""},"class_list":["post-542","page","type-page","status-publish","hentry"],"acf":[],"aioseo_notices":[],"_links":{"self":[{"href":"https:\/\/prestolam.com\/fr\/wp-json\/wp\/v2\/pages\/542","targetHints":{"allow":["GET"]}}],"collection":[{"href":"https:\/\/prestolam.com\/fr\/wp-json\/wp\/v2\/pages"}],"about":[{"href":"https:\/\/prestolam.com\/fr\/wp-json\/wp\/v2\/types\/page"}],"author":[{"embeddable":true,"href":"https:\/\/prestolam.com\/fr\/wp-json\/wp\/v2\/users\/1"}],"replies":[{"embeddable":true,"href":"https:\/\/prestolam.com\/fr\/wp-json\/wp\/v2\/comments?post=542"}],"version-history":[{"count":32,"href":"https:\/\/prestolam.com\/fr\/wp-json\/wp\/v2\/pages\/542\/revisions"}],"predecessor-version":[{"id":6101,"href":"https:\/\/prestolam.com\/fr\/wp-json\/wp\/v2\/pages\/542\/revisions\/6101"}],"wp:attachment":[{"href":"https:\/\/prestolam.com\/fr\/wp-json\/wp\/v2\/media?parent=542"}],"curies":[{"name":"wp","href":"https:\/\/api.w.org\/{rel}","templated":true}]}}