{"id":5433,"date":"2020-08-31T18:31:00","date_gmt":"2020-08-31T18:31:00","guid":{"rendered":"https:\/\/prestolam.com\/?page_id=5433"},"modified":"2026-04-15T18:38:25","modified_gmt":"2026-04-15T18:38:25","slug":"carriere","status":"publish","type":"page","link":"https:\/\/prestolam.com\/fr\/carriere\/","title":{"rendered":"Carri\u00e8re"},"content":{"rendered":"<p>[et_pb_section fb_built=\u00a0\u00bb1&Prime; fullwidth=\u00a0\u00bbon\u00a0\u00bb _builder_version=\u00a0\u00bb4.16&Prime; _module_preset=\u00a0\u00bbdefault\u00a0\u00bb global_colors_info=\u00a0\u00bb{}\u00a0\u00bb][et_pb_fullwidth_slider module_id=\u00a0\u00bbheader-carriere\u00a0\u00bb _builder_version=\u00a0\u00bb4.16&Prime; _module_preset=\u00a0\u00bbdefault\u00a0\u00bb height=\u00a0\u00bb600px\u00a0\u00bb max_height=\u00a0\u00bb600px\u00a0\u00bb global_colors_info=\u00a0\u00bb{}\u00a0\u00bb][et_pb_slide heading=\u00a0\u00bbFAITES CARRI\u00c8RE CHEZ PRESTOLAM !\u00a0\u00bb _builder_version=\u00a0\u00bb4.16&Prime; _module_preset=\u00a0\u00bbdefault\u00a0\u00bb header_level=\u00a0\u00bbh1&Prime; background_color=\u00a0\u00bbrgba(0,0,0,0)\u00a0\u00bb background_enable_color=\u00a0\u00bbon\u00a0\u00bb background_image=\u00a0\u00bbhttps:\/\/prestolam.com\/wp-content\/uploads\/DSC3866.png\u00a0\u00bb background_enable_image=\u00a0\u00bbon\u00a0\u00bb global_colors_info=\u00a0\u00bb{}\u00a0\u00bb sticky_transition=\u00a0\u00bbon\u00a0\u00bb][\/et_pb_slide][\/et_pb_fullwidth_slider][\/et_pb_section][et_pb_section fb_built=\u00a0\u00bb1&Prime; _builder_version=\u00a0\u00bb4.16&Prime; _module_preset=\u00a0\u00bbdefault\u00a0\u00bb global_colors_info=\u00a0\u00bb{}\u00a0\u00bb][et_pb_row column_structure=\u00a0\u00bb1_2,1_2&Prime; _builder_version=\u00a0\u00bb4.16&Prime; _module_preset=\u00a0\u00bbdefault\u00a0\u00bb global_colors_info=\u00a0\u00bb{}\u00a0\u00bb][et_pb_column type=\u00a0\u00bb1_2&Prime; _builder_version=\u00a0\u00bb4.16&Prime; _module_preset=\u00a0\u00bbdefault\u00a0\u00bb global_colors_info=\u00a0\u00bb{}\u00a0\u00bb][et_pb_text _builder_version=\u00a0\u00bb4.16&Prime; _module_preset=\u00a0\u00bbdefault\u00a0\u00bb global_colors_info=\u00a0\u00bb{}\u00a0\u00bb]<\/p>\n<p style=\"font-weight: 400;\">Chez Prestolam, nous fabriquons une vaste gamme de portes d\u2019armoire et de comptoirs pour la cuisine, la salle de bain et les unit\u00e9s de rangement. Nous utilisons notre ing\u00e9niosit\u00e9 pour r\u00e9pondre aux besoins d\u2019un march\u00e9 en constante \u00e9volution.<\/p>\n<p style=\"font-weight: 400;\">C\u2019est gr\u00e2ce \u00e0 notre personnel qualifi\u00e9 et d\u00e9vou\u00e9 que nous sommes aujourd\u2019hui le chef de file dans la fabrication de comptoirs moul\u00e9s, de portes d\u2019armoires 5 pi\u00e8ces en polyester et m\u00e9lamine ainsi que dans les produits sur mesure. Quotidiennement, nous t\u00e2chons de faire vivre les 6 grandes valeurs qui nous animent\u00a0: l\u2019excellence \u2013 le service \u00e0 la client\u00e8le \u2013 le respect \u2013 le travail d\u2019\u00e9quipe \u2013 la communication \u2013 le plaisir.<\/p>\n<p style=\"font-weight: 400;\">Vous voulez travailler dans une entreprise en pleine croissance o\u00f9 vous pourrez trouver des d\u00e9fis \u00e0 la hauteur de vos ambitions? Joignez notre \u00e9quipe d\u00e8s maintenant!<\/p>\n<p>[\/et_pb_text][\/et_pb_column][et_pb_column type=\u00a0\u00bb1_2&Prime; _builder_version=\u00a0\u00bb4.16&Prime; _module_preset=\u00a0\u00bbdefault\u00a0\u00bb global_colors_info=\u00a0\u00bb{}\u00a0\u00bb][et_pb_code _builder_version=\u00a0\u00bb4.16&Prime; _module_preset=\u00a0\u00bbdefault\u00a0\u00bb global_colors_info=\u00a0\u00bb{}\u00a0\u00bb]<img decoding=\"async\" src=\"https:\/\/prestolam.com\/wp-content\/themes\/prestolam\/images\/Prestolam-carriere.gif\" alt=\"Valeurs Prestolam\" \/>[\/et_pb_code][\/et_pb_column][\/et_pb_row][\/et_pb_section][et_pb_section fb_built=\u00a0\u00bb1&Prime; fullwidth=\u00a0\u00bbon\u00a0\u00bb _builder_version=\u00a0\u00bb4.16&Prime; _module_preset=\u00a0\u00bbdefault\u00a0\u00bb global_colors_info=\u00a0\u00bb{}\u00a0\u00bb][et_pb_fullwidth_slider arrows_custom_color=\u00a0\u00bb#404040&Prime; dot_nav_custom_color=\u00a0\u00bb#c22628&Prime; module_id=\u00a0\u00bbslider-carriere\u00a0\u00bb _builder_version=\u00a0\u00bb4.16&Prime; _module_preset=\u00a0\u00bbdefault\u00a0\u00bb background_color=\u00a0\u00bbrgba(0,0,0,0)\u00a0\u00bb max_height=\u00a0\u00bb500px\u00a0\u00bb global_colors_info=\u00a0\u00bb{}\u00a0\u00bb][et_pb_slide _builder_version=\u00a0\u00bb4.16&Prime; _module_preset=\u00a0\u00bbdefault\u00a0\u00bb max_width=\u00a0\u00bb1080px\u00a0\u00bb global_colors_info=\u00a0\u00bb{}\u00a0\u00bb sticky_transition=\u00a0\u00bbon\u00a0\u00bb]<\/p>\n<div class=\"bloc-txt\">\n<div>\n<p>CHEZ PRESTOLAM<\/p>\n<h2>l&rsquo;excellence c&rsquo;est :<\/h2>\n<ul>\n<li>une qu\u00eate d\u2019efficacit\u00e9 ;<\/li>\n<li>une volont\u00e9 de qualit\u00e9.<\/li>\n<\/ul>\n<\/div>\n<\/div>\n<div class=\"bloc-img\"><img loading=\"lazy\" decoding=\"async\" class=\"wp-image-5438 alignnone size-full\" src=\"https:\/\/prestolam.com\/wp-content\/uploads\/DSC3548.png\" alt=\"\" width=\"686\" height=\"458\" srcset=\"https:\/\/prestolam.com\/wp-content\/uploads\/DSC3548.png 686w, https:\/\/prestolam.com\/wp-content\/uploads\/DSC3548-480x320.png 480w\" sizes=\"(min-width: 0px) and (max-width: 480px) 480px, (min-width: 481px) 686px, 100vw\" \/><\/div>\n<p>[\/et_pb_slide][et_pb_slide _builder_version=\u00a0\u00bb4.16&Prime; _module_preset=\u00a0\u00bbdefault\u00a0\u00bb max_width=\u00a0\u00bb1080px\u00a0\u00bb global_colors_info=\u00a0\u00bb{}\u00a0\u00bb sticky_transition=\u00a0\u00bbon\u00a0\u00bb]<\/p>\n<div class=\"bloc-txt\">\n<div>CHEZ PRESTOLAM<\/p>\n<h2>la satisfaction du client c\u2019est :<\/h2>\n<p>une volont\u00e9 commune de placer notre client\u00e8le au c\u0153ur de nos priorit\u00e9s en r\u00e9pondant \u00e0 leurs besoins et pr\u00e9occupations.<\/p>\n<\/div>\n<\/div>\n<div class=\"bloc-img\"><img loading=\"lazy\" decoding=\"async\" class=\"wp-image-5447 alignnone size-full\" src=\"https:\/\/prestolam.com\/wp-content\/uploads\/DSC3744.png\" alt=\"\" width=\"686\" height=\"458\" srcset=\"https:\/\/prestolam.com\/wp-content\/uploads\/DSC3744.png 686w, https:\/\/prestolam.com\/wp-content\/uploads\/DSC3744-480x320.png 480w\" sizes=\"(min-width: 0px) and (max-width: 480px) 480px, (min-width: 481px) 686px, 100vw\" \/><\/div>\n<p>[\/et_pb_slide][et_pb_slide _builder_version=\u00a0\u00bb4.16&Prime; _module_preset=\u00a0\u00bbdefault\u00a0\u00bb max_width=\u00a0\u00bb1080px\u00a0\u00bb global_colors_info=\u00a0\u00bb{}\u00a0\u00bb sticky_transition=\u00a0\u00bbon\u00a0\u00bb]<\/p>\n<div class=\"bloc-txt\">\n<div>CHEZ PRESTOLAM<\/p>\n<h2>le respect c\u2019est :<\/h2>\n<ul>\n<li>traiter avec \u00e9gard ses coll\u00e8gues, l\u2019entreprise et ses produits ;<\/li>\n<li>\u00eatre et se sentir respect\u00e9 en permettant \u00e0 chaque individu de cultiver un sentiment d\u2019appartenance et de fiert\u00e9 ;<\/li>\n<li>faire preuve de consid\u00e9ration envers chacun en tenant compte des diff\u00e9rences.<\/li>\n<\/ul>\n<\/div>\n<\/div>\n<div class=\"bloc-img\"><img loading=\"lazy\" decoding=\"async\" class=\"wp-image-5449 alignnone size-full\" src=\"https:\/\/prestolam.com\/wp-content\/uploads\/DSC3321.png\" alt=\"\" width=\"686\" height=\"458\" srcset=\"https:\/\/prestolam.com\/wp-content\/uploads\/DSC3321.png 686w, https:\/\/prestolam.com\/wp-content\/uploads\/DSC3321-480x320.png 480w\" sizes=\"(min-width: 0px) and (max-width: 480px) 480px, (min-width: 481px) 686px, 100vw\" \/><\/div>\n<p>[\/et_pb_slide][et_pb_slide _builder_version=\u00a0\u00bb4.16&Prime; _module_preset=\u00a0\u00bbdefault\u00a0\u00bb max_width=\u00a0\u00bb1080px\u00a0\u00bb global_colors_info=\u00a0\u00bb{}\u00a0\u00bb sticky_transition=\u00a0\u00bbon\u00a0\u00bb]<\/p>\n<div class=\"bloc-txt\">\n<div>CHEZ PRESTOLAM<\/p>\n<h2>le travail d\u2019\u00e9quipe c\u2019est :<\/h2>\n<p>la contribution de chacun, combin\u00e9e \u00e0 un esprit de collaboration et d\u2019entraide amenant l\u2019entreprise \u00e0 se d\u00e9passer dans l\u2019atteinte d\u2019objectifs communs.<\/p>\n<\/div>\n<\/div>\n<div class=\"bloc-img\"><img loading=\"lazy\" decoding=\"async\" class=\"wp-image-5453 alignnone size-full\" src=\"https:\/\/prestolam.com\/wp-content\/uploads\/DSC3830.png\" alt=\"\" width=\"686\" height=\"458\" srcset=\"https:\/\/prestolam.com\/wp-content\/uploads\/DSC3830.png 686w, https:\/\/prestolam.com\/wp-content\/uploads\/DSC3830-480x320.png 480w\" sizes=\"(min-width: 0px) and (max-width: 480px) 480px, (min-width: 481px) 686px, 100vw\" \/><\/div>\n<p>[\/et_pb_slide][et_pb_slide _builder_version=\u00a0\u00bb4.16&Prime; _module_preset=\u00a0\u00bbdefault\u00a0\u00bb max_width=\u00a0\u00bb1080px\u00a0\u00bb global_colors_info=\u00a0\u00bb{}\u00a0\u00bb sticky_transition=\u00a0\u00bbon\u00a0\u00bb]<\/p>\n<div class=\"bloc-txt\">\n<div>CHEZ PRESTOLAM<\/p>\n<h2>la communication c\u2019est :<\/h2>\n<ul>\n<li>une meilleure transparence ;<\/li>\n<li>permettre aux gens de s\u2019exprimer ;<\/li>\n<li>une \u00e9coute active ;<\/li>\n<li>un meilleur feedback.<\/li>\n<\/ul>\n<\/div>\n<\/div>\n<div class=\"bloc-img\"><img loading=\"lazy\" decoding=\"async\" class=\"wp-image-5457 alignnone size-full\" src=\"https:\/\/prestolam.com\/wp-content\/uploads\/Larouche_2-20.png\" alt=\"\" width=\"686\" height=\"458\" srcset=\"https:\/\/prestolam.com\/wp-content\/uploads\/Larouche_2-20.png 686w, https:\/\/prestolam.com\/wp-content\/uploads\/Larouche_2-20-480x320.png 480w\" sizes=\"(min-width: 0px) and (max-width: 480px) 480px, (min-width: 481px) 686px, 100vw\" \/><\/div>\n<p>[\/et_pb_slide][et_pb_slide _builder_version=\u00a0\u00bb4.16&Prime; _module_preset=\u00a0\u00bbdefault\u00a0\u00bb max_width=\u00a0\u00bb1080px\u00a0\u00bb global_colors_info=\u00a0\u00bb{}\u00a0\u00bb sticky_transition=\u00a0\u00bbon\u00a0\u00bb]<\/p>\n<div class=\"bloc-txt\">\n<div>CHEZ PRESTOLAM<\/p>\n<h2>le plaisir c\u2019est :<\/h2>\n<ul>\n<li>la bonne entente entre les pairs ;<\/li>\n<li>la satisfaction du travail r\u00e9alis\u00e9 ;<\/li>\n<li>le bien-\u00eatre de travailler dans l\u2019entreprise ;<\/li>\n<li>le bonheur de se retrouver entre coll\u00e8gues.<\/li>\n<\/ul>\n<\/div>\n<\/div>\n<div class=\"bloc-img\"><img loading=\"lazy\" decoding=\"async\" class=\"wp-image-5459 alignnone size-full\" src=\"https:\/\/prestolam.com\/wp-content\/uploads\/Larouche_2-22.png\" alt=\"\" width=\"686\" height=\"458\" srcset=\"https:\/\/prestolam.com\/wp-content\/uploads\/Larouche_2-22.png 686w, https:\/\/prestolam.com\/wp-content\/uploads\/Larouche_2-22-480x320.png 480w\" sizes=\"(min-width: 0px) and (max-width: 480px) 480px, (min-width: 481px) 686px, 100vw\" \/><\/div>\n<p>[\/et_pb_slide][\/et_pb_fullwidth_slider][\/et_pb_section][et_pb_section fb_built=\u00a0\u00bb1&Prime; module_id=\u00a0\u00bbsection-double\u00a0\u00bb _builder_version=\u00a0\u00bb4.16&Prime; _module_preset=\u00a0\u00bbdefault\u00a0\u00bb global_colors_info=\u00a0\u00bb{}\u00a0\u00bb][et_pb_row column_structure=\u00a0\u00bb1_2,1_2&Prime; _builder_version=\u00a0\u00bb4.16&Prime; _module_preset=\u00a0\u00bbdefault\u00a0\u00bb global_colors_info=\u00a0\u00bb{}\u00a0\u00bb][et_pb_column type=\u00a0\u00bb1_2&Prime; _builder_version=\u00a0\u00bb4.16&Prime; _module_preset=\u00a0\u00bbdefault\u00a0\u00bb global_colors_info=\u00a0\u00bb{}\u00a0\u00bb][et_pb_text module_id=\u00a0\u00bbbloc-left\u00a0\u00bb _builder_version=\u00a0\u00bb4.16&Prime; _module_preset=\u00a0\u00bbdefault\u00a0\u00bb global_colors_info=\u00a0\u00bb{}\u00a0\u00bb]<\/p>\n<h2>La mission<br \/>\nde Prestolam<\/h2>\n<p>Fabriquer rapidement des comptoirs de stratifi\u00e9, portes d\u2019armoires et composantes r\u00e9pondant aux exigences \u00e9lev\u00e9es de l\u2019industrie de la cuisine et des secteurs institutionnel et commercial.[\/et_pb_text][\/et_pb_column][et_pb_column type=\u00a0\u00bb1_2&Prime; _builder_version=\u00a0\u00bb4.16&Prime; _module_preset=\u00a0\u00bbdefault\u00a0\u00bb global_colors_info=\u00a0\u00bb{}\u00a0\u00bb][et_pb_text module_id=\u00a0\u00bbbloc-right\u00a0\u00bb _builder_version=\u00a0\u00bb4.16&Prime; _module_preset=\u00a0\u00bbdefault\u00a0\u00bb global_colors_info=\u00a0\u00bb{}\u00a0\u00bb]<\/p>\n<h2>Les avantages<br \/>\nde Prestolam<\/h2>\n<div class=\"section-lists\">\n<ul>\n<li>Plan complet d&rsquo;assurances collectives<\/li>\n<li>Couverture m\u00e9dicale<\/li>\n<li>Assurance dentaire<\/li>\n<li>Invalidit\u00e9 courte et longue dur\u00e9e<\/li>\n<li>Assurance vie<\/li>\n<li>Assurance voyage<\/li>\n<\/ul>\n<ul>\n<li>M\u00e9decine virtuelle<\/li>\n<li>Programme d\u2019aide aux employ\u00e9s<\/li>\n<li>13 cong\u00e9s f\u00e9ri\u00e9s<\/li>\n<li>R\u00e9gime de retraite<\/li>\n<li>Salaire concurrentiel<\/li>\n<li>Rabais aux employ\u00e9s<\/li>\n<\/ul>\n<\/div>\n<p>[\/et_pb_text][\/et_pb_column][\/et_pb_row][\/et_pb_section][et_pb_section fb_built=\u00a0\u00bb1&Prime; module_id=\u00a0\u00bbsection-postes\u00a0\u00bb _builder_version=\u00a0\u00bb4.16&Prime; _module_preset=\u00a0\u00bbdefault\u00a0\u00bb global_colors_info=\u00a0\u00bb{}\u00a0\u00bb][et_pb_row column_structure=\u00a0\u00bb1_2,1_2&Prime; _builder_version=\u00a0\u00bb4.16&Prime; _module_preset=\u00a0\u00bbdefault\u00a0\u00bb global_colors_info=\u00a0\u00bb{}\u00a0\u00bb][et_pb_column type=\u00a0\u00bb1_2&Prime; _builder_version=\u00a0\u00bb4.16&Prime; _module_preset=\u00a0\u00bbdefault\u00a0\u00bb global_colors_info=\u00a0\u00bb{}\u00a0\u00bb][et_pb_text module_id=\u00a0\u00bbliste-postes\u00a0\u00bb _builder_version=\u00a0\u00bb4.27.6&Prime; _module_preset=\u00a0\u00bbdefault\u00a0\u00bb hover_enabled=\u00a0\u00bb0&Prime; global_colors_info=\u00a0\u00bb{}\u00a0\u00bb sticky_enabled=\u00a0\u00bb0&Prime;]<\/p>\n<h3>Postes disponibles<\/h3>\n<h4><\/h4>\n<h4>Technicien(ne) comptable<\/h4>\n<p><a href=\"https:\/\/www.jobillico.com\/fr\/offre-d-emploi\/prestolam-inc\/technicien-ne-comptable\/17083049\" target=\"_blank\" rel=\"noopener\">VOIR L\u2019OFFRE \u00a0 &gt;<\/a><\/p>\n<p>&nbsp;<\/p>\n<p>[\/et_pb_text][\/et_pb_column][et_pb_column type=\u00a0\u00bb1_2&Prime; _builder_version=\u00a0\u00bb4.16&Prime; _module_preset=\u00a0\u00bbdefault\u00a0\u00bb global_colors_info=\u00a0\u00bb{}\u00a0\u00bb][et_pb_code _builder_version=\u00a0\u00bb4.16&Prime; _module_preset=\u00a0\u00bbdefault\u00a0\u00bb global_colors_info=\u00a0\u00bb{}\u00a0\u00bb]\n<div class=\"wpcf7 no-js\" id=\"wpcf7-f5430-o1\" lang=\"fr-FR\" dir=\"ltr\" data-wpcf7-id=\"5430\">\n<div class=\"screen-reader-response\"><p role=\"status\" aria-live=\"polite\" aria-atomic=\"true\"><\/p> <ul><\/ul><\/div>\n<form action=\"\/fr\/wp-json\/wp\/v2\/pages\/5433#wpcf7-f5430-o1\" method=\"post\" class=\"wpcf7-form init\" aria-label=\"Formulaire de contact\" enctype=\"multipart\/form-data\" novalidate=\"novalidate\" data-status=\"init\">\n<fieldset class=\"hidden-fields-container\"><input type=\"hidden\" name=\"_wpcf7\" value=\"5430\" \/><input type=\"hidden\" name=\"_wpcf7_version\" value=\"6.1.5\" \/><input type=\"hidden\" name=\"_wpcf7_locale\" value=\"fr_FR\" \/><input type=\"hidden\" name=\"_wpcf7_unit_tag\" value=\"wpcf7-f5430-o1\" \/><input type=\"hidden\" name=\"_wpcf7_container_post\" value=\"0\" \/><input type=\"hidden\" name=\"_wpcf7_posted_data_hash\" value=\"\" \/><input type=\"hidden\" name=\"_wpcf7_recaptcha_response\" value=\"\" \/>\n<\/fieldset>\n<h3>Candidature spontan\u00e9e\n<\/h3>\n<div class=\"infos-perso\">\n\t<p><label><br \/>\n<span class=\"wpcf7-form-control-wrap\" data-name=\"your-name\"><input size=\"40\" maxlength=\"400\" class=\"wpcf7-form-control wpcf7-text wpcf7-validates-as-required\" aria-required=\"true\" aria-invalid=\"false\" placeholder=\"Nom complet\" value=\"\" type=\"text\" name=\"your-name\" \/><\/span> <\/label><br \/>\n<label><br \/>\n<span class=\"wpcf7-form-control-wrap\" data-name=\"tel-157\"><input size=\"40\" maxlength=\"400\" class=\"wpcf7-form-control wpcf7-tel wpcf7-validates-as-required wpcf7-text wpcf7-validates-as-tel\" aria-required=\"true\" aria-invalid=\"false\" placeholder=\"T\u00e9l\u00e9phone\" value=\"\" type=\"tel\" name=\"tel-157\" \/><\/span><\/label>\n\t<\/p>\n<\/div>\n<div class=\"infos-perso\">\n\t<p><label><br \/>\n<span class=\"wpcf7-form-control-wrap\" data-name=\"your-email\"><input size=\"40\" maxlength=\"400\" class=\"wpcf7-form-control wpcf7-email wpcf7-validates-as-required wpcf7-text wpcf7-validates-as-email\" aria-required=\"true\" aria-invalid=\"false\" placeholder=\"Courriel\" value=\"\" type=\"email\" name=\"your-email\" \/><\/span> <\/label>\n\t<\/p>\n<\/div>\n<p><label><br \/>\n<span class=\"wpcf7-form-control-wrap\" data-name=\"your-message\"><textarea cols=\"40\" rows=\"10\" maxlength=\"2000\" class=\"wpcf7-form-control wpcf7-textarea\" aria-invalid=\"false\" placeholder=\"Message\" name=\"your-message\"><\/textarea><\/span> <\/label>\n<\/p>\n<div class=\"joint\">\n\t<p><label for=\"cv\"><img decoding=\"async\" src=\"https:\/\/prestolam.com\/wp-content\/uploads\/paperclip.png\" \/><\/label>\n\t<\/p>\n\t<p class=\"txt-joindre\">Joindre un fichier\n\t<\/p>\n\t<p><span class=\"wpcf7-form-control-wrap\" data-name=\"cv\"><input size=\"40\" class=\"wpcf7-form-control wpcf7-file wpcf7-validates-as-required\" id=\"cv\" accept=\".pdf,.doc,.docx\" aria-required=\"true\" aria-invalid=\"false\" type=\"file\" name=\"cv\" \/><\/span>\n\t<\/p>\n<\/div>\n<p><input class=\"wpcf7-form-control wpcf7-submit has-spinner\" type=\"submit\" value=\"Soumettre\" \/>\n<\/p><input type='hidden' class='wpcf7-pum' value='{\"closepopup\":false,\"closedelay\":0,\"openpopup\":false,\"openpopup_id\":0}' \/><div class=\"wpcf7-response-output\" aria-hidden=\"true\"><\/div>\n<\/form>\n<\/div>\n[\/et_pb_code][\/et_pb_column][\/et_pb_row][\/et_pb_section]<\/p>\n","protected":false},"excerpt":{"rendered":"<p>Chez Prestolam, nous fabriquons une vaste gamme de portes d\u2019armoire et de comptoirs pour la cuisine, la salle de bain et les unit\u00e9s de rangement. Nous utilisons notre ing\u00e9niosit\u00e9 pour r\u00e9pondre aux besoins d\u2019un march\u00e9 en constante \u00e9volution. C\u2019est gr\u00e2ce \u00e0 notre personnel qualifi\u00e9 et d\u00e9vou\u00e9 que nous sommes aujourd\u2019hui le chef de file dans [&hellip;]<\/p>\n","protected":false},"author":1,"featured_media":0,"parent":0,"menu_order":0,"comment_status":"closed","ping_status":"closed","template":"","meta":{"_acf_changed":false,"_et_pb_use_builder":"on","_et_pb_old_content":"","_et_gb_content_width":"","_monsterinsights_skip_tracking":false,"_monsterinsights_sitenote_active":false,"_monsterinsights_sitenote_note":"","_monsterinsights_sitenote_category":0,"footnotes":""},"class_list":["post-5433","page","type-page","status-publish","hentry"],"acf":[],"aioseo_notices":[],"_links":{"self":[{"href":"https:\/\/prestolam.com\/fr\/wp-json\/wp\/v2\/pages\/5433","targetHints":{"allow":["GET"]}}],"collection":[{"href":"https:\/\/prestolam.com\/fr\/wp-json\/wp\/v2\/pages"}],"about":[{"href":"https:\/\/prestolam.com\/fr\/wp-json\/wp\/v2\/types\/page"}],"author":[{"embeddable":true,"href":"https:\/\/prestolam.com\/fr\/wp-json\/wp\/v2\/users\/1"}],"replies":[{"embeddable":true,"href":"https:\/\/prestolam.com\/fr\/wp-json\/wp\/v2\/comments?post=5433"}],"version-history":[{"count":82,"href":"https:\/\/prestolam.com\/fr\/wp-json\/wp\/v2\/pages\/5433\/revisions"}],"predecessor-version":[{"id":9247,"href":"https:\/\/prestolam.com\/fr\/wp-json\/wp\/v2\/pages\/5433\/revisions\/9247"}],"wp:attachment":[{"href":"https:\/\/prestolam.com\/fr\/wp-json\/wp\/v2\/media?parent=5433"}],"curies":[{"name":"wp","href":"https:\/\/api.w.org\/{rel}","templated":true}]}}